{"id":950,"date":"2023-08-19T22:04:56","date_gmt":"2023-08-19T20:04:56","guid":{"rendered":"https:\/\/seal.transport-manager.net\/thomas711\/?page_id=950"},"modified":"2024-11-14T08:41:17","modified_gmt":"2024-11-14T07:41:17","slug":"repas-de-noel","status":"publish","type":"page","link":"https:\/\/seal.transport-manager.net\/thomas711\/espace-employe\/votre-espace-personnel\/la-vie-de-la-societe\/repas-de-noel\/","title":{"rendered":"Repas de No\u00ebl"},"content":{"rendered":"\n<p>Le repas de no\u00ebl de 2024 sera organiser le 26 D\u00e9cembre. Aucune obligation de venir mais cela est fortement conseiller. Vous pourrez venir avec vos famille pour partager un repas convivial avec tous les employ\u00e9es d&rsquo;Aglobus, d&rsquo;Aglovoyage et de Train Voyage . Le repas aura lieux comme chaque ann\u00e9e dans la grande salle de r\u00e9ception (une extension sera mise en place)du Domaine du Chatanay \u00e0 ARRONAY(commune voisine de Vannoray pour les personne ne travaillant pas dans la r\u00e9gion). Vous pourrait arriver a partir de 11h30. Et vous devait \u00eatre l\u00e0 pour 12H00 pour commencer la r\u00e9ception. Vous pourrez vous garer sur le parking du domaine assez capacitaire pour accueillir tout nos employ\u00e9es (plus tellement donc bonne chance) . Pour le diner vous pourrait soit rester durant toute l&rsquo;apr\u00e8s midi ou revenir pour 19H00. Enfin la r\u00e9ception se terminera vers 23h00 . Le discours du directeur sera fait lors du dessert a 21h00.<\/p>\n\n\n\n<p>Vous pourrez r\u00e9server vos place avec le nombre de personne que vous souhaitez amener en remplissant le formulaire que vous aurez re\u00e7u par mail. Une r\u00e9ponse avant le 2 D\u00e9cembre est n\u00e9cessaire. Vous pouvez aussi modifier votre r\u00e9serverions jusqu&rsquo;\u00e0 cette date en modifiant simplement le formulaire. Vous devrait aussi pr\u00e9ciser si vous souhaiter rester pour le diner ou non.<\/p>\n\n\n\n<div class=\"wp-block-buttons is-content-justification-center is-layout-flex wp-container-core-buttons-is-layout-16018d1d wp-block-buttons-is-layout-flex\">\n<div class=\"wp-block-button has-custom-width wp-block-button__width-75 is-style-fill\"><a class=\"wp-block-button__link has-text-align-center wp-element-button\" href=\"https:\/\/seal.transport-manager.net\/thomas711\/votre-espace-personnel\">Retour \u00e0 votre espace personnel<\/a><\/div>\n<\/div>\n","protected":false},"excerpt":{"rendered":"<p>Le repas de no\u00ebl de 2024 sera organiser le 26 D\u00e9cembre. Aucune obligation de venir mais cela est fortement conseiller. Vous pourrez venir avec vos famille pour partager un repas&nbsp;&hellip;<\/p>\n","protected":false},"author":72,"featured_media":938,"parent":935,"menu_order":0,"comment_status":"closed","ping_status":"closed","template":"","meta":{"_EventAllDay":false,"_EventTimezone":"","_EventStartDate":"","_EventEndDate":"","_EventStartDateUTC":"","_EventEndDateUTC":"","_EventShowMap":false,"_EventShowMapLink":false,"_EventURL":"","_EventCost":"","_EventCostDescription":"","_EventCurrencySymbol":"","_EventCurrencyCode":"","_EventCurrencyPosition":"","_EventDateTimeSeparator":"","_EventTimeRangeSeparator":"","_EventOrganizerID":[],"_EventVenueID":[],"_OrganizerEmail":"","_OrganizerPhone":"","_OrganizerWebsite":"","_VenueAddress":"","_VenueCity":"","_VenueCountry":"","_VenueProvince":"","_VenueState":"","_VenueZip":"","_VenuePhone":"","_VenueURL":"","_VenueStateProvince":"","_VenueLat":"","_VenueLng":"","_VenueShowMap":false,"_VenueShowMapLink":false,"footnotes":""},"class_list":["post-950","page","type-page","status-publish","has-post-thumbnail","hentry"],"_links":{"self":[{"href":"https:\/\/seal.transport-manager.net\/thomas711\/wp-json\/wp\/v2\/pages\/950","targetHints":{"allow":["GET"]}}],"collection":[{"href":"https:\/\/seal.transport-manager.net\/thomas711\/wp-json\/wp\/v2\/pages"}],"about":[{"href":"https:\/\/seal.transport-manager.net\/thomas711\/wp-json\/wp\/v2\/types\/page"}],"author":[{"embeddable":true,"href":"https:\/\/seal.transport-manager.net\/thomas711\/wp-json\/wp\/v2\/users\/72"}],"replies":[{"embeddable":true,"href":"https:\/\/seal.transport-manager.net\/thomas711\/wp-json\/wp\/v2\/comments?post=950"}],"version-history":[{"count":4,"href":"https:\/\/seal.transport-manager.net\/thomas711\/wp-json\/wp\/v2\/pages\/950\/revisions"}],"predecessor-version":[{"id":1269,"href":"https:\/\/seal.transport-manager.net\/thomas711\/wp-json\/wp\/v2\/pages\/950\/revisions\/1269"}],"up":[{"embeddable":true,"href":"https:\/\/seal.transport-manager.net\/thomas711\/wp-json\/wp\/v2\/pages\/935"}],"wp:featuredmedia":[{"embeddable":true,"href":"https:\/\/seal.transport-manager.net\/thomas711\/wp-json\/wp\/v2\/media\/938"}],"wp:attachment":[{"href":"https:\/\/seal.transport-manager.net\/thomas711\/wp-json\/wp\/v2\/media?parent=950"}],"curies":[{"name":"wp","href":"https:\/\/api.w.org\/{rel}","templated":true}]}}