{"id":954,"date":"2023-08-19T22:12:11","date_gmt":"2023-08-19T20:12:11","guid":{"rendered":"https:\/\/seal.transport-manager.net\/thomas711\/?page_id=954"},"modified":"2023-08-19T22:13:02","modified_gmt":"2023-08-19T20:13:02","slug":"vos-information-personnel","status":"publish","type":"page","link":"https:\/\/seal.transport-manager.net\/thomas711\/espace-employe\/votre-espace-personnel\/vos-information-personnel\/","title":{"rendered":"Vos information personnel"},"content":{"rendered":"\n<p>AGE: 54<\/p>\n\n\n\n<p>SALAIRE: 2000 \u20ac<\/p>\n\n\n\n<p>DATE D&rsquo;EMBAUCHE: 01\/08\/2020(1\u00e8re vague de recrutement)<\/p>\n\n\n\n<p>POSTE : Conducteur<\/p>\n\n\n\n<hr class=\"wp-block-separator has-alpha-channel-opacity\" \/>\n\n\n\n<h3 class=\"wp-block-heading\">\u00c0 propos<\/h3>\n\n\n\n<ul class=\"wp-block-list\">\n<li>Pr\u00e9nom : Solange<\/li>\n\n\n\n<li>Nom : Craiyance<\/li>\n\n\n\n<li>N\u00b0 : 30044642<\/li>\n\n\n\n<li>Disponibilit\u00e9 :&nbsp;<strong>Disponible<\/strong><\/li>\n\n\n\n<li>Affectation : voir votre page planning<\/li>\n<\/ul>\n\n\n\n<h3 class=\"wp-block-heading\">Les formation<\/h3>\n\n\n\n<ul class=\"wp-block-list\">\n<li>F.C.O &#8211; 19\/11\/2026<\/li>\n<\/ul>\n\n\n\n<hr class=\"wp-block-separator has-alpha-channel-opacity\" \/>\n\n\n\n<div class=\"wp-block-group is-content-justification-center is-nowrap is-layout-flex wp-container-core-group-is-layout-35f56f29 wp-block-group-is-layout-flex\">\n<div class=\"wp-block-group\"><div class=\"wp-block-group__inner-container is-layout-constrained wp-block-group-is-layout-constrained\">\n<h3 class=\"wp-block-heading\">Les derni\u00e8res absences<\/h3>\n\n\n\n<ul class=\"wp-block-list\">\n<li>13\/07\/2023 &#8211; Cong\u00e9s Pay\u00e9s 2 semaine(s)<\/li>\n\n\n\n<li>07\/02\/2023 &#8211; Cong\u00e9s Pay\u00e9s 1 semaine(s)<\/li>\n\n\n\n<li>31\/01\/2023 &#8211; Gr\u00e8ve<\/li>\n\n\n\n<li>27\/03\/2022 &#8211; Cong\u00e9s Pay\u00e9s 1 semaine(s)<\/li>\n\n\n\n<li>13\/02\/2022 &#8211; Cong\u00e9s Pay\u00e9s 2 semaine(s)<\/li>\n\n\n\n<li>12\/11\/2021 &#8211; Formation<\/li>\n\n\n\n<li>05\/10\/2021 &#8211; Gr\u00e8ve<\/li>\n\n\n\n<li>05\/07\/2021 &#8211; Cong\u00e9s Pay\u00e9s<\/li>\n\n\n\n<li>05\/04\/2021 &#8211; Cong\u00e9s Pay\u00e9s<\/li>\n<\/ul>\n<\/div><\/div>\n\n\n\n<div class=\"wp-block-group\"><div class=\"wp-block-group__inner-container is-layout-constrained wp-block-group-is-layout-constrained\">\n<h3 class=\"wp-block-heading\">Les derni\u00e8res revalorisations<\/h3>\n\n\n\n<ul class=\"wp-block-list\">\n<li>26\/06\/2023 &#8211; +500 \u20ac<\/li>\n\n\n\n<li>26\/06\/2023 &#8211; +100 \u20ac<\/li>\n\n\n\n<li>10\/07\/2022 &#8211; +50 \u20ac<\/li>\n\n\n\n<li>20\/04\/2021 &#8211; +75 \u20ac<\/li>\n<\/ul>\n<\/div><\/div>\n\n\n\n<div class=\"wp-block-group\"><div class=\"wp-block-group__inner-container is-layout-constrained wp-block-group-is-layout-constrained\">\n<h3 class=\"wp-block-heading\">Les derni\u00e8res primes<\/h3>\n\n\n\n<ul class=\"wp-block-list\">\n<li>25\/12\/2022 &#8211; +500 \u20ac<\/li>\n\n\n\n<li>19\/12\/2021 &#8211; +250 \u20ac<\/li>\n\n\n\n<li>03\/04\/2021 &#8211; +150 \u20ac<\/li>\n\n\n\n<li>04\/10\/2020 &#8211; +53 \u20ac<\/li>\n\n\n\n<li>14\/09\/2020 &#8211; +50 \u20ac<\/li>\n<\/ul>\n<\/div><\/div>\n<\/div>\n\n\n\n<div class=\"wp-block-buttons is-content-justification-center is-layout-flex wp-container-core-buttons-is-layout-16018d1d wp-block-buttons-is-layout-flex\">\n<div class=\"wp-block-button has-custom-width wp-block-button__width-75 is-style-fill\"><a class=\"wp-block-button__link has-text-align-center wp-element-button\" href=\"https:\/\/seal.transport-manager.net\/thomas711\/votre-espace-personnel\">Retour \u00e0 votre espace personnel<\/a><\/div>\n<\/div>\n","protected":false},"excerpt":{"rendered":"<p>AGE: 54 SALAIRE: 2000 \u20ac DATE D&rsquo;EMBAUCHE: 01\/08\/2020(1\u00e8re vague de recrutement) POSTE : Conducteur \u00c0 propos Les formation Les derni\u00e8res absences Les derni\u00e8res revalorisations Les derni\u00e8res primes<\/p>\n","protected":false},"author":72,"featured_media":0,"parent":851,"menu_order":0,"comment_status":"closed","ping_status":"closed","template":"","meta":{"_EventAllDay":false,"_EventTimezone":"","_EventStartDate":"","_EventEndDate":"","_EventStartDateUTC":"","_EventEndDateUTC":"","_EventShowMap":false,"_EventShowMapLink":false,"_EventURL":"","_EventCost":"","_EventCostDescription":"","_EventCurrencySymbol":"","_EventCurrencyCode":"","_EventCurrencyPosition":"","_EventDateTimeSeparator":"","_EventTimeRangeSeparator":"","_EventOrganizerID":[],"_EventVenueID":[],"_OrganizerEmail":"","_OrganizerPhone":"","_OrganizerWebsite":"","_VenueAddress":"","_VenueCity":"","_VenueCountry":"","_VenueProvince":"","_VenueState":"","_VenueZip":"","_VenuePhone":"","_VenueURL":"","_VenueStateProvince":"","_VenueLat":"","_VenueLng":"","_VenueShowMap":false,"_VenueShowMapLink":false,"footnotes":""},"class_list":["post-954","page","type-page","status-publish","hentry"],"_links":{"self":[{"href":"https:\/\/seal.transport-manager.net\/thomas711\/wp-json\/wp\/v2\/pages\/954","targetHints":{"allow":["GET"]}}],"collection":[{"href":"https:\/\/seal.transport-manager.net\/thomas711\/wp-json\/wp\/v2\/pages"}],"about":[{"href":"https:\/\/seal.transport-manager.net\/thomas711\/wp-json\/wp\/v2\/types\/page"}],"author":[{"embeddable":true,"href":"https:\/\/seal.transport-manager.net\/thomas711\/wp-json\/wp\/v2\/users\/72"}],"replies":[{"embeddable":true,"href":"https:\/\/seal.transport-manager.net\/thomas711\/wp-json\/wp\/v2\/comments?post=954"}],"version-history":[{"count":2,"href":"https:\/\/seal.transport-manager.net\/thomas711\/wp-json\/wp\/v2\/pages\/954\/revisions"}],"predecessor-version":[{"id":956,"href":"https:\/\/seal.transport-manager.net\/thomas711\/wp-json\/wp\/v2\/pages\/954\/revisions\/956"}],"up":[{"embeddable":true,"href":"https:\/\/seal.transport-manager.net\/thomas711\/wp-json\/wp\/v2\/pages\/851"}],"wp:attachment":[{"href":"https:\/\/seal.transport-manager.net\/thomas711\/wp-json\/wp\/v2\/media?parent=954"}],"curies":[{"name":"wp","href":"https:\/\/api.w.org\/{rel}","templated":true}]}}