{"id":34,"date":"2025-01-29T14:25:04","date_gmt":"2025-01-29T13:25:04","guid":{"rendered":"https:\/\/seal.transport-manager.net\/transportslillois\/?page_id=34"},"modified":"2026-03-16T10:05:06","modified_gmt":"2026-03-16T09:05:06","slug":"34-2","status":"publish","type":"page","link":"https:\/\/seal.transport-manager.net\/transportslillois\/34-2\/","title":{"rendered":"Notre r\u00e9seau"},"content":{"rendered":"\n<div class=\"wp-block-group alignfull is-style-section-1 has-base-background-color has-background has-global-padding is-layout-constrained wp-block-group-is-layout-constrained is-style-section-1--1\" style=\"margin-top:0;margin-bottom:0;padding-top:var(--wp--preset--spacing--80);padding-bottom:var(--wp--preset--spacing--80)\">\n<div class=\"wp-block-columns alignwide is-layout-flex wp-container-core-columns-is-layout-66fad18a wp-block-columns-is-layout-flex\">\n<div class=\"wp-block-column is-layout-flow wp-block-column-is-layout-flow\" style=\"padding-right:var(--wp--preset--spacing--50);flex-basis:45%\">\n<figure class=\"wp-block-image size-full\"><img loading=\"lazy\" decoding=\"async\" width=\"2560\" height=\"1707\" src=\"https:\/\/seal.transport-manager.net\/transportslillois\/wp-content\/uploads\/sites\/536\/2025\/01\/5f4fbb3f96558_p1029616-4984186-1-scaled.jpg\" alt=\"\" class=\"wp-image-37\" srcset=\"https:\/\/seal.transport-manager.net\/transportslillois\/wp-content\/uploads\/sites\/536\/2025\/01\/5f4fbb3f96558_p1029616-4984186-1-scaled.jpg 2560w, https:\/\/seal.transport-manager.net\/transportslillois\/wp-content\/uploads\/sites\/536\/2025\/01\/5f4fbb3f96558_p1029616-4984186-1-300x200.jpg 300w, https:\/\/seal.transport-manager.net\/transportslillois\/wp-content\/uploads\/sites\/536\/2025\/01\/5f4fbb3f96558_p1029616-4984186-1-1024x683.jpg 1024w, https:\/\/seal.transport-manager.net\/transportslillois\/wp-content\/uploads\/sites\/536\/2025\/01\/5f4fbb3f96558_p1029616-4984186-1-768x512.jpg 768w, https:\/\/seal.transport-manager.net\/transportslillois\/wp-content\/uploads\/sites\/536\/2025\/01\/5f4fbb3f96558_p1029616-4984186-1-1536x1024.jpg 1536w, https:\/\/seal.transport-manager.net\/transportslillois\/wp-content\/uploads\/sites\/536\/2025\/01\/5f4fbb3f96558_p1029616-4984186-1-2048x1366.jpg 2048w\" sizes=\"auto, (max-width: 2560px) 100vw, 2560px\" \/><\/figure>\n\n\n\n<div class=\"wp-block-group has-global-padding is-layout-constrained wp-block-group-is-layout-constrained\" style=\"margin-top:-12vw\"><\/div>\n<\/div>\n\n\n\n<div class=\"wp-block-column is-vertically-aligned-center is-layout-flow wp-block-column-is-layout-flow\" style=\"padding-right:0;padding-left:0;flex-basis:50%\">\n<div class=\"wp-block-group is-vertical is-layout-flex wp-container-core-group-is-layout-fe9cc265 wp-block-group-is-layout-flex\">\n<h2 class=\"wp-block-heading is-style-text-annotation is-style-text-annotation--2\"><strong>\u00c0 propos<\/strong><\/h2>\n<\/div>\n\n\n\n<p class=\"is-style-text-subtitle is-style-text-subtitle--3\">En plein d\u00e9veloppement, le r\u00e9seau de bus de la m\u00e9tropole lilloise offre de nombreux services et options. \u00c0 vous de trouver ce qui vous correspond le mieux !<\/p>\n<\/div>\n<\/div>\n<\/div>\n\n\n\n<div class=\"wp-block-group alignfull has-global-padding is-layout-constrained wp-container-core-group-is-layout-ebee8dc1 wp-block-group-is-layout-constrained\" style=\"margin-top:0;margin-bottom:0;padding-top:var(--wp--preset--spacing--50);padding-bottom:var(--wp--preset--spacing--50)\">\n<h2 class=\"wp-block-heading has-text-align-center\"><strong> Nos lignes urbaines <\/strong><\/h2>\n\n\n\n<figure class=\"wp-block-image alignwide size-full\"><img loading=\"lazy\" decoding=\"async\" width=\"2560\" height=\"429\" src=\"https:\/\/seal.transport-manager.net\/transportslillois\/wp-content\/uploads\/sites\/536\/2025\/11\/Plan-Ligne-1-1-scaled.png\" alt=\"\" class=\"wp-image-333\" srcset=\"https:\/\/seal.transport-manager.net\/transportslillois\/wp-content\/uploads\/sites\/536\/2025\/11\/Plan-Ligne-1-1-scaled.png 2560w, https:\/\/seal.transport-manager.net\/transportslillois\/wp-content\/uploads\/sites\/536\/2025\/11\/Plan-Ligne-1-1-300x50.png 300w, https:\/\/seal.transport-manager.net\/transportslillois\/wp-content\/uploads\/sites\/536\/2025\/11\/Plan-Ligne-1-1-1024x172.png 1024w, https:\/\/seal.transport-manager.net\/transportslillois\/wp-content\/uploads\/sites\/536\/2025\/11\/Plan-Ligne-1-1-768x129.png 768w, https:\/\/seal.transport-manager.net\/transportslillois\/wp-content\/uploads\/sites\/536\/2025\/11\/Plan-Ligne-1-1-1536x257.png 1536w, https:\/\/seal.transport-manager.net\/transportslillois\/wp-content\/uploads\/sites\/536\/2025\/11\/Plan-Ligne-1-1-2048x343.png 2048w\" sizes=\"auto, (max-width: 2560px) 100vw, 2560px\" \/><\/figure>\n\n\n\n<figure class=\"wp-block-image alignwide size-full\"><img decoding=\"async\" src=\"https:\/\/seal.transport-manager.net\/transportslillois\/wp-content\/uploads\/sites\/536\/2025\/11\/Plan-Ligne-2.png\" alt=\"\" class=\"wp-image-342\" \/><\/figure>\n\n\n\n<figure class=\"wp-block-image alignwide size-full\"><img loading=\"lazy\" decoding=\"async\" width=\"16077\" height=\"1289\" src=\"https:\/\/seal.transport-manager.net\/transportslillois\/wp-content\/uploads\/sites\/536\/2025\/02\/map-Ligne-3.png\" alt=\"\" class=\"wp-image-135\" \/><\/figure>\n\n\n\n<figure class=\"wp-block-image alignwide size-full\"><img decoding=\"async\" src=\"https:\/\/seal.transport-manager.net\/transportslillois\/wp-content\/uploads\/sites\/536\/2025\/11\/Plan-Ligne-4.png\" alt=\"\" class=\"wp-image-343\" \/><\/figure>\n\n\n\n<figure class=\"wp-block-image alignwide size-large\"><img decoding=\"async\" src=\"https:\/\/seal.transport-manager.net\/transportslillois\/wp-content\/uploads\/sites\/536\/2025\/11\/Plan-Ligne-5.png\" alt=\"\" \/><\/figure>\n\n\n\n<figure class=\"wp-block-image alignwide size-large\"><img decoding=\"async\" src=\"https:\/\/seal.transport-manager.net\/transportslillois\/wp-content\/uploads\/sites\/536\/2025\/11\/Plan-Ligne-6-2-scaled.png\" alt=\"\" \/><\/figure>\n\n\n\n<figure class=\"wp-block-image alignwide size-full\"><img decoding=\"async\" src=\"https:\/\/seal.transport-manager.net\/transportslillois\/wp-content\/uploads\/sites\/536\/2025\/11\/Plan-Ligne-7.png\" alt=\"\" class=\"wp-image-347\" \/><\/figure>\n\n\n\n<h2 class=\"wp-block-heading has-text-align-center\"><strong>LIGNE SP\u00c9CIALE&nbsp;73<\/strong><br><em>Du lundi 1\u1d49\u02b3 d\u00e9cembre au dimanche 12 avril 2026<\/em><\/h2>\n\n\n\n<figure class=\"wp-block-image alignwide size-full\"><img loading=\"lazy\" decoding=\"async\" width=\"2560\" height=\"669\" src=\"https:\/\/seal.transport-manager.net\/transportslillois\/wp-content\/uploads\/sites\/536\/2025\/12\/map-3-scaled.png\" alt=\"\" class=\"wp-image-478\" srcset=\"https:\/\/seal.transport-manager.net\/transportslillois\/wp-content\/uploads\/sites\/536\/2025\/12\/map-3-scaled.png 2560w, https:\/\/seal.transport-manager.net\/transportslillois\/wp-content\/uploads\/sites\/536\/2025\/12\/map-3-300x78.png 300w, https:\/\/seal.transport-manager.net\/transportslillois\/wp-content\/uploads\/sites\/536\/2025\/12\/map-3-1024x268.png 1024w, https:\/\/seal.transport-manager.net\/transportslillois\/wp-content\/uploads\/sites\/536\/2025\/12\/map-3-768x201.png 768w, https:\/\/seal.transport-manager.net\/transportslillois\/wp-content\/uploads\/sites\/536\/2025\/12\/map-3-1536x402.png 1536w, https:\/\/seal.transport-manager.net\/transportslillois\/wp-content\/uploads\/sites\/536\/2025\/12\/map-3-2048x535.png 2048w\" sizes=\"auto, (max-width: 2560px) 100vw, 2560px\" \/><\/figure>\n<\/div>\n\n\n\n<h2 class=\"wp-block-heading has-text-align-center\"><strong>Plan du r\u00e9seau<\/strong><\/h2>\n\n\n\n<div class=\"wp-block-group alignfull has-global-padding is-layout-constrained wp-block-group-is-layout-constrained\" style=\"margin-top:0;margin-bottom:0;padding-top:var(--wp--preset--spacing--60);padding-bottom:var(--wp--preset--spacing--60)\">\n<figure class=\"wp-block-image alignwide size-large\"><img decoding=\"async\" src=\"https:\/\/transport-manager.net\/assets\/img\/lignes\/Plan_N2.png\" alt=\"\" \/><\/figure>\n<\/div>\n","protected":false},"excerpt":{"rendered":"<p>\u00c0 propos En plein d\u00e9veloppement, le r\u00e9seau de bus de la m\u00e9tropole lilloise offre de nombreux services et options. \u00c0 vous de trouver ce qui vous correspond le mieux ! Nos lignes urbaines LIGNE SP\u00c9CIALE&nbsp;73Du lundi 1\u1d49\u02b3 d\u00e9cembre au dimanche 12 avril 2026 Plan du r\u00e9seau<\/p>\n","protected":false},"author":551,"featured_media":0,"parent":0,"menu_order":0,"comment_status":"closed","ping_status":"closed","template":"","meta":{"footnotes":""},"class_list":["post-34","page","type-page","status-publish","hentry"],"_links":{"self":[{"href":"https:\/\/seal.transport-manager.net\/transportslillois\/wp-json\/wp\/v2\/pages\/34","targetHints":{"allow":["GET"]}}],"collection":[{"href":"https:\/\/seal.transport-manager.net\/transportslillois\/wp-json\/wp\/v2\/pages"}],"about":[{"href":"https:\/\/seal.transport-manager.net\/transportslillois\/wp-json\/wp\/v2\/types\/page"}],"author":[{"embeddable":true,"href":"https:\/\/seal.transport-manager.net\/transportslillois\/wp-json\/wp\/v2\/users\/551"}],"replies":[{"embeddable":true,"href":"https:\/\/seal.transport-manager.net\/transportslillois\/wp-json\/wp\/v2\/comments?post=34"}],"version-history":[{"count":118,"href":"https:\/\/seal.transport-manager.net\/transportslillois\/wp-json\/wp\/v2\/pages\/34\/revisions"}],"predecessor-version":[{"id":568,"href":"https:\/\/seal.transport-manager.net\/transportslillois\/wp-json\/wp\/v2\/pages\/34\/revisions\/568"}],"wp:attachment":[{"href":"https:\/\/seal.transport-manager.net\/transportslillois\/wp-json\/wp\/v2\/media?parent=34"}],"curies":[{"name":"wp","href":"https:\/\/api.w.org\/{rel}","templated":true}]}}