{"id":97,"date":"2025-01-29T17:03:28","date_gmt":"2025-01-29T16:03:28","guid":{"rendered":"https:\/\/seal.transport-manager.net\/transportslillois\/?page_id=97"},"modified":"2025-10-31T11:10:39","modified_gmt":"2025-10-31T10:10:39","slug":"nos-tarifs","status":"publish","type":"page","link":"https:\/\/seal.transport-manager.net\/transportslillois\/nos-tarifs\/","title":{"rendered":"Nos tarifs"},"content":{"rendered":"\n<div class=\"wp-block-group alignfull has-global-padding is-layout-constrained wp-block-group-is-layout-constrained\" style=\"margin-top:0;margin-bottom:0;padding-top:var(--wp--preset--spacing--60);padding-bottom:var(--wp--preset--spacing--60)\">\n<div style=\"height:var(--wp--preset--spacing--40)\" aria-hidden=\"true\" class=\"wp-block-spacer\"><\/div>\n\n\n\n<div class=\"wp-block-columns alignwide is-layout-flex wp-container-core-columns-is-layout-1d9f35bd wp-block-columns-is-layout-flex\">\n<div class=\"wp-block-column has-border-color is-layout-flow wp-block-column-is-layout-flow\" style=\"border-color:var(--wp--preset--color--accent-6);border-width:1px;border-radius:10px;padding-top:var(--wp--preset--spacing--50);padding-right:var(--wp--preset--spacing--50);padding-bottom:var(--wp--preset--spacing--50);padding-left:var(--wp--preset--spacing--50)\">\n<h3 class=\"wp-block-heading\" id=\"free\"><strong>Ticket Unitaire<\/strong><\/h3>\n\n\n\n<p class=\"has-large-font-size\">1,80&nbsp;\u20ac<\/p>\n\n\n\n<ul style=\"padding-bottom:var(--wp--preset--spacing--20);padding-left:var(--wp--preset--spacing--20)\" class=\"wp-block-list is-style-default has-small-font-size\">\n<li>Valable dans toute l&rsquo;agglom\u00e9ration lilloise sur le r\u00e9seau Transports Lillois<\/li>\n\n\n\n<li>Titre valable 1h dans toute l&rsquo;agglom\u00e9ration lilloise, entre la 1\u00e8re et la derni\u00e8re validation&nbsp;<\/li>\n\n\n\n<li>Les correspondances et les retours sont autoris\u00e9s pendant 1h&nbsp;<\/li>\n\n\n\n<li>Il n&rsquo;est pas cessible apr\u00e8s validation<\/li>\n<\/ul>\n\n\n\n<div class=\"wp-block-buttons is-content-justification-center is-layout-flex wp-container-core-buttons-is-layout-a89b3969 wp-block-buttons-is-layout-flex\">\n<div class=\"wp-block-button has-custom-width wp-block-button__width-100\"><a class=\"wp-block-button__link wp-element-button\">Acheter<\/a><\/div>\n<\/div>\n<\/div>\n\n\n\n<div class=\"wp-block-column has-border-color is-layout-flow wp-block-column-is-layout-flow\" style=\"border-color:var(--wp--preset--color--accent-6);border-width:1px;border-radius:10px;padding-top:var(--wp--preset--spacing--50);padding-right:var(--wp--preset--spacing--50);padding-bottom:var(--wp--preset--spacing--50);padding-left:var(--wp--preset--spacing--50)\">\n<h3 class=\"wp-block-heading\" id=\"single\"><strong>Ticket 24h<\/strong><\/h3>\n\n\n\n<p class=\"has-large-font-size\">5,30&nbsp;\u20ac<\/p>\n\n\n\n<ul style=\"padding-bottom:var(--wp--preset--spacing--20);padding-left:var(--wp--preset--spacing--20)\" class=\"wp-block-list is-style-default has-small-font-size\">\n<li>Valable dans toute l&rsquo;agglom\u00e9ration lilloise sur le r\u00e9seau Transports Lillois<\/li>\n\n\n\n<li>Voyagez en illimit\u00e9 pendant 24 heures apr\u00e8s la 1\u00e8re validation <\/li>\n\n\n\n<li>\u00c9conomique \u00e0 partir de 3 voyages<\/li>\n<\/ul>\n\n\n\n<div class=\"wp-block-buttons is-content-justification-center is-layout-flex wp-container-core-buttons-is-layout-a89b3969 wp-block-buttons-is-layout-flex\">\n<div class=\"wp-block-button has-custom-width wp-block-button__width-100\"><a class=\"wp-block-button__link wp-element-button\">Acheter<\/a><\/div>\n<\/div>\n<\/div>\n\n\n\n<div class=\"wp-block-column has-border-color is-layout-flow wp-block-column-is-layout-flow\" style=\"border-color:var(--wp--preset--color--accent-6);border-width:1px;border-radius:10px;padding-top:var(--wp--preset--spacing--50);padding-right:var(--wp--preset--spacing--50);padding-bottom:var(--wp--preset--spacing--50);padding-left:var(--wp--preset--spacing--50)\">\n<h3 class=\"wp-block-heading\" id=\"single\"><strong>Abonnement Mensuel Tout Public <\/strong><\/h3>\n\n\n\n<p class=\"has-large-font-size\">62,00\u00a0\u20ac \/\u00a0mois<\/p>\n\n\n\n<ul style=\"padding-bottom:var(--wp--preset--spacing--20);padding-left:var(--wp--preset--spacing--20)\" class=\"wp-block-list is-style-default has-small-font-size\">\n<li>Valable dans toute l&rsquo;agglom\u00e9ration lilloise sur le r\u00e9seau Transports Lillois<\/li>\n\n\n\n<li>Vous choisissez la date de d\u00e9but de validit\u00e9 de votre abonnement<\/li>\n<\/ul>\n\n\n\n<div class=\"wp-block-buttons is-content-justification-center is-layout-flex wp-container-core-buttons-is-layout-a89b3969 wp-block-buttons-is-layout-flex\">\n<div class=\"wp-block-button has-custom-width wp-block-button__width-100\"><a class=\"wp-block-button__link wp-element-button\">Acheter<\/a><\/div>\n<\/div>\n<\/div>\n<\/div>\n<\/div>\n","protected":false},"excerpt":{"rendered":"<p>Ticket Unitaire 1,80&nbsp;\u20ac Ticket 24h 5,30&nbsp;\u20ac Abonnement Mensuel Tout Public 62,00\u00a0\u20ac \/\u00a0mois<\/p>\n","protected":false},"author":551,"featured_media":0,"parent":0,"menu_order":0,"comment_status":"closed","ping_status":"closed","template":"","meta":{"footnotes":""},"class_list":["post-97","page","type-page","status-publish","hentry"],"_links":{"self":[{"href":"https:\/\/seal.transport-manager.net\/transportslillois\/wp-json\/wp\/v2\/pages\/97","targetHints":{"allow":["GET"]}}],"collection":[{"href":"https:\/\/seal.transport-manager.net\/transportslillois\/wp-json\/wp\/v2\/pages"}],"about":[{"href":"https:\/\/seal.transport-manager.net\/transportslillois\/wp-json\/wp\/v2\/types\/page"}],"author":[{"embeddable":true,"href":"https:\/\/seal.transport-manager.net\/transportslillois\/wp-json\/wp\/v2\/users\/551"}],"replies":[{"embeddable":true,"href":"https:\/\/seal.transport-manager.net\/transportslillois\/wp-json\/wp\/v2\/comments?post=97"}],"version-history":[{"count":7,"href":"https:\/\/seal.transport-manager.net\/transportslillois\/wp-json\/wp\/v2\/pages\/97\/revisions"}],"predecessor-version":[{"id":328,"href":"https:\/\/seal.transport-manager.net\/transportslillois\/wp-json\/wp\/v2\/pages\/97\/revisions\/328"}],"wp:attachment":[{"href":"https:\/\/seal.transport-manager.net\/transportslillois\/wp-json\/wp\/v2\/media?parent=97"}],"curies":[{"name":"wp","href":"https:\/\/api.w.org\/{rel}","templated":true}]}}