{"id":107,"date":"2021-10-10T21:28:59","date_gmt":"2021-10-10T19:28:59","guid":{"rendered":"https:\/\/seal.transport-manager.net\/trespeuix\/?page_id=107"},"modified":"2023-01-05T17:33:06","modified_gmt":"2023-01-05T16:33:06","slug":"ligne-3","status":"publish","type":"page","link":"https:\/\/seal.transport-manager.net\/trespeuix\/ligne-3\/","title":{"rendered":"Ligne 3"},"content":{"rendered":"\n<figure class=\"wp-block-image size-large\"><img loading=\"lazy\" decoding=\"async\" width=\"1024\" height=\"298\" src=\"https:\/\/seal.transport-manager.net\/trespeuix\/wp-content\/uploads\/sites\/117\/2022\/05\/N4_L3_trans1-1024x298.png\" alt=\"\" class=\"wp-image-313\" srcset=\"https:\/\/seal.transport-manager.net\/trespeuix\/wp-content\/uploads\/sites\/117\/2022\/05\/N4_L3_trans1-1024x298.png 1024w, https:\/\/seal.transport-manager.net\/trespeuix\/wp-content\/uploads\/sites\/117\/2022\/05\/N4_L3_trans1-300x87.png 300w, https:\/\/seal.transport-manager.net\/trespeuix\/wp-content\/uploads\/sites\/117\/2022\/05\/N4_L3_trans1-768x224.png 768w, https:\/\/seal.transport-manager.net\/trespeuix\/wp-content\/uploads\/sites\/117\/2022\/05\/N4_L3_trans1-1536x447.png 1536w, https:\/\/seal.transport-manager.net\/trespeuix\/wp-content\/uploads\/sites\/117\/2022\/05\/N4_L3_trans1-1232x359.png 1232w, https:\/\/seal.transport-manager.net\/trespeuix\/wp-content\/uploads\/sites\/117\/2022\/05\/N4_L3_trans1-1920x559.png 1920w, https:\/\/seal.transport-manager.net\/trespeuix\/wp-content\/uploads\/sites\/117\/2022\/05\/N4_L3_trans1.png 2012w\" sizes=\"auto, (max-width: 1024px) 100vw, 1024px\" \/><\/figure>\n\n\n\n<figure class=\"wp-block-table is-style-stripes\"><table class=\"has-black-color has-white-background-color has-text-color has-background\"><tbody><tr><td><strong><em>Du Lundi au Vendredi<\/em><\/strong><\/td><td><strong><em>Fr\u00e9quence<\/em><\/strong><\/td><\/tr><tr><td><strong>De 5h00 \u00e0 7h00 | De 9h00 \u00e0 12h00 | De 14h00 \u00e0 16h30 | De 18h30 \u00e0 20h00<\/strong><\/td><td><strong>00:06<\/strong><\/td><\/tr><tr><td><strong>De 7h00 \u00e0 9h00 | De 12h00 \u00e0 14h00 | De 16h30 \u00e0 18h30<\/strong><\/td><td><strong>00:04<\/strong><\/td><\/tr><tr><td><strong>De 20h00 \u00e0 00h00<\/strong><\/td><td><strong>00:13<\/strong><\/td><\/tr><tr><td><strong><em>Samedi<\/em><\/strong><\/td><td><\/td><\/tr><tr><td><strong>De 5h00 \u00e0 7h00 | De 9h00 \u00e0 12h00 | De 14h00 \u00e0 16h30 | De 18h30 \u00e0 20h00<\/strong><\/td><td><strong>00:09<\/strong><\/td><\/tr><tr><td><strong>De 7h00 \u00e0 9h00 | De 12h00 \u00e0 14h00 | De 16h30 \u00e0 18h30<\/strong><\/td><td><strong>00:07<\/strong><\/td><\/tr><tr><td><strong>De 20h00 \u00e0 00h00<\/strong><\/td><td><strong>00:11<\/strong><\/td><\/tr><tr><td><strong><em>Dimanche<\/em><\/strong><\/td><td><\/td><\/tr><tr><td><strong>De 5h00 \u00e0 7h00 | De 9h00 \u00e0 12h00 | De 14h00 \u00e0 16h30 | De 18h30 \u00e0 20h00<\/strong><\/td><td><strong>00:16<\/strong><\/td><\/tr><tr><td><strong>De 7h00 \u00e0 9h00 | De 12h00 \u00e0 14h00 | De 16h30 \u00e0 18h30<\/strong><\/td><td><strong>00:13<\/strong><\/td><\/tr><\/tbody><\/table><\/figure>\n","protected":false},"excerpt":{"rendered":"<p>Du Lundi au Vendredi Fr\u00e9quence De 5h00 \u00e0 7h00 | De 9h00 \u00e0 12h00 | De 14h00 \u00e0 16h30 | De 18h30 \u00e0 20h00 00:06 De 7h00 \u00e0 9h00 |&nbsp;&hellip;<\/p>\n","protected":false},"author":118,"featured_media":303,"parent":0,"menu_order":0,"comment_status":"closed","ping_status":"closed","template":"","meta":{"footnotes":""},"class_list":["post-107","page","type-page","status-publish","has-post-thumbnail","hentry"],"_links":{"self":[{"href":"https:\/\/seal.transport-manager.net\/trespeuix\/wp-json\/wp\/v2\/pages\/107","targetHints":{"allow":["GET"]}}],"collection":[{"href":"https:\/\/seal.transport-manager.net\/trespeuix\/wp-json\/wp\/v2\/pages"}],"about":[{"href":"https:\/\/seal.transport-manager.net\/trespeuix\/wp-json\/wp\/v2\/types\/page"}],"author":[{"embeddable":true,"href":"https:\/\/seal.transport-manager.net\/trespeuix\/wp-json\/wp\/v2\/users\/118"}],"replies":[{"embeddable":true,"href":"https:\/\/seal.transport-manager.net\/trespeuix\/wp-json\/wp\/v2\/comments?post=107"}],"version-history":[{"count":8,"href":"https:\/\/seal.transport-manager.net\/trespeuix\/wp-json\/wp\/v2\/pages\/107\/revisions"}],"predecessor-version":[{"id":395,"href":"https:\/\/seal.transport-manager.net\/trespeuix\/wp-json\/wp\/v2\/pages\/107\/revisions\/395"}],"wp:featuredmedia":[{"embeddable":true,"href":"https:\/\/seal.transport-manager.net\/trespeuix\/wp-json\/wp\/v2\/media\/303"}],"wp:attachment":[{"href":"https:\/\/seal.transport-manager.net\/trespeuix\/wp-json\/wp\/v2\/media?parent=107"}],"curies":[{"name":"wp","href":"https:\/\/api.w.org\/{rel}","templated":true}]}}