{"id":109,"date":"2021-10-10T21:29:13","date_gmt":"2021-10-10T19:29:13","guid":{"rendered":"https:\/\/seal.transport-manager.net\/trespeuix\/?page_id=109"},"modified":"2023-01-05T19:21:40","modified_gmt":"2023-01-05T18:21:40","slug":"ligne-4","status":"publish","type":"page","link":"https:\/\/seal.transport-manager.net\/trespeuix\/ligne-4\/","title":{"rendered":"Ligne 4"},"content":{"rendered":"\n<p>Cliquez sur le thermom\u00e8tre pour voir le d\u00e9tail de la ligne<em> (\u00e0 venir)<\/em><\/p>\n\n\n\n<figure class=\"wp-block-image size-large\"><img loading=\"lazy\" decoding=\"async\" width=\"1024\" height=\"300\" src=\"https:\/\/seal.transport-manager.net\/trespeuix\/wp-content\/uploads\/sites\/117\/2022\/05\/N4_L4_trans1-1024x300.png\" alt=\"\" class=\"wp-image-315\" srcset=\"https:\/\/seal.transport-manager.net\/trespeuix\/wp-content\/uploads\/sites\/117\/2022\/05\/N4_L4_trans1-1024x300.png 1024w, https:\/\/seal.transport-manager.net\/trespeuix\/wp-content\/uploads\/sites\/117\/2022\/05\/N4_L4_trans1-300x88.png 300w, https:\/\/seal.transport-manager.net\/trespeuix\/wp-content\/uploads\/sites\/117\/2022\/05\/N4_L4_trans1-768x225.png 768w, https:\/\/seal.transport-manager.net\/trespeuix\/wp-content\/uploads\/sites\/117\/2022\/05\/N4_L4_trans1-1536x451.png 1536w, https:\/\/seal.transport-manager.net\/trespeuix\/wp-content\/uploads\/sites\/117\/2022\/05\/N4_L4_trans1-1232x362.png 1232w, https:\/\/seal.transport-manager.net\/trespeuix\/wp-content\/uploads\/sites\/117\/2022\/05\/N4_L4_trans1-1920x563.png 1920w, https:\/\/seal.transport-manager.net\/trespeuix\/wp-content\/uploads\/sites\/117\/2022\/05\/N4_L4_trans1.png 1997w\" sizes=\"auto, (max-width: 1024px) 100vw, 1024px\" \/><\/figure>\n\n\n\n<p>Horaires par p\u00e9riodes :<\/p>\n\n\n\n<p><a href=\"https:\/\/docs.google.com\/spreadsheets\/d\/118pJMqGnMMF-_hvAHV1pk9XFkRfD691x_fTn9M2-jIw\/edit#gid=0\" target=\"_blank\" rel=\"noreferrer noopener\">Horaires du Lundi au Vendredi<\/a><\/p>\n\n\n\n<p><a href=\"https:\/\/docs.google.com\/spreadsheets\/d\/1A8UNliOKKkO1C7ZW4pEhmwLtSeCdvaTPMFWkSlHl8j0\/edit#gid=0\" target=\"_blank\" rel=\"noreferrer noopener\">Horaires du Samedi<\/a><\/p>\n\n\n\n<p><a href=\"https:\/\/docs.google.com\/spreadsheets\/d\/1KZXUJll6C-1uq92Y0pIBcX20Flkr1OUyZQWfi7sNQ6I\/edit#gid=0\" target=\"_blank\" rel=\"noreferrer noopener\">Horaires du Dimanche<\/a><\/p>\n","protected":false},"excerpt":{"rendered":"<p>Cliquez sur le thermom\u00e8tre pour voir le d\u00e9tail de la ligne (\u00e0 venir) Horaires par p\u00e9riodes : Horaires du Lundi au Vendredi Horaires du Samedi Horaires du Dimanche<\/p>\n","protected":false},"author":118,"featured_media":29,"parent":0,"menu_order":0,"comment_status":"closed","ping_status":"closed","template":"","meta":{"footnotes":""},"class_list":["post-109","page","type-page","status-publish","has-post-thumbnail","hentry"],"_links":{"self":[{"href":"https:\/\/seal.transport-manager.net\/trespeuix\/wp-json\/wp\/v2\/pages\/109","targetHints":{"allow":["GET"]}}],"collection":[{"href":"https:\/\/seal.transport-manager.net\/trespeuix\/wp-json\/wp\/v2\/pages"}],"about":[{"href":"https:\/\/seal.transport-manager.net\/trespeuix\/wp-json\/wp\/v2\/types\/page"}],"author":[{"embeddable":true,"href":"https:\/\/seal.transport-manager.net\/trespeuix\/wp-json\/wp\/v2\/users\/118"}],"replies":[{"embeddable":true,"href":"https:\/\/seal.transport-manager.net\/trespeuix\/wp-json\/wp\/v2\/comments?post=109"}],"version-history":[{"count":9,"href":"https:\/\/seal.transport-manager.net\/trespeuix\/wp-json\/wp\/v2\/pages\/109\/revisions"}],"predecessor-version":[{"id":407,"href":"https:\/\/seal.transport-manager.net\/trespeuix\/wp-json\/wp\/v2\/pages\/109\/revisions\/407"}],"wp:featuredmedia":[{"embeddable":true,"href":"https:\/\/seal.transport-manager.net\/trespeuix\/wp-json\/wp\/v2\/media\/29"}],"wp:attachment":[{"href":"https:\/\/seal.transport-manager.net\/trespeuix\/wp-json\/wp\/v2\/media?parent=109"}],"curies":[{"name":"wp","href":"https:\/\/api.w.org\/{rel}","templated":true}]}}