{"id":111,"date":"2021-10-10T21:29:27","date_gmt":"2021-10-10T19:29:27","guid":{"rendered":"https:\/\/seal.transport-manager.net\/trespeuix\/?page_id=111"},"modified":"2023-01-05T19:52:26","modified_gmt":"2023-01-05T18:52:26","slug":"ligne-5","status":"publish","type":"page","link":"https:\/\/seal.transport-manager.net\/trespeuix\/ligne-5\/","title":{"rendered":"Ligne 5"},"content":{"rendered":"\n<p>Cliquez sur le thermom\u00e8tre pour voir le d\u00e9tail de la ligne <em>(\u00e0 venir)<\/em><\/p>\n\n\n\n<figure class=\"wp-block-image size-large\"><a href=\"https:\/\/docs.google.com\/spreadsheets\/d\/1TodM8E8lj1yHMuTVftSER4aMkoK1mMufLhk8Dz67Uz0\/edit?usp=sharing\" target=\"_blank\" rel=\"noopener\"><img loading=\"lazy\" decoding=\"async\" width=\"1024\" height=\"303\" src=\"https:\/\/seal.transport-manager.net\/trespeuix\/wp-content\/uploads\/sites\/117\/2021\/11\/N3_L5_trans1-1024x303.png\" alt=\"\" class=\"wp-image-252\" srcset=\"https:\/\/seal.transport-manager.net\/trespeuix\/wp-content\/uploads\/sites\/117\/2021\/11\/N3_L5_trans1-1024x303.png 1024w, https:\/\/seal.transport-manager.net\/trespeuix\/wp-content\/uploads\/sites\/117\/2021\/11\/N3_L5_trans1-300x89.png 300w, https:\/\/seal.transport-manager.net\/trespeuix\/wp-content\/uploads\/sites\/117\/2021\/11\/N3_L5_trans1-768x227.png 768w, https:\/\/seal.transport-manager.net\/trespeuix\/wp-content\/uploads\/sites\/117\/2021\/11\/N3_L5_trans1-1536x454.png 1536w, https:\/\/seal.transport-manager.net\/trespeuix\/wp-content\/uploads\/sites\/117\/2021\/11\/N3_L5_trans1-1232x364.png 1232w, https:\/\/seal.transport-manager.net\/trespeuix\/wp-content\/uploads\/sites\/117\/2021\/11\/N3_L5_trans1-1920x568.png 1920w, https:\/\/seal.transport-manager.net\/trespeuix\/wp-content\/uploads\/sites\/117\/2021\/11\/N3_L5_trans1.png 1981w\" sizes=\"auto, (max-width: 1024px) 100vw, 1024px\" \/><\/a><\/figure>\n\n\n\n<figure class=\"wp-block-table is-style-stripes\"><table class=\"has-black-color has-text-color\"><tbody><tr><td><em><strong>Du Lundi au Vendredi<\/strong><\/em><\/td><td class=\"has-text-align-center\" data-align=\"center\"><strong><em>Fr\u00e9quences<\/em><\/strong><\/td><\/tr><tr><td><strong>De 5h00 \u00e0 7h00 | De 9h00 \u00e0 12h00 | De 14h00 \u00e0 16h30 | De 18h30 \u00e0 20h00<\/strong>    <\/td><td class=\"has-text-align-center\" data-align=\"center\"><strong>00:11<\/strong><\/td><\/tr><tr><td><strong>De 7h00 \u00e0 9h00 | De 12h00 \u00e0 14h00 | De 16h3<strong>0<\/strong> \u00e0 18h30<\/strong><\/td><td class=\"has-text-align-center\" data-align=\"center\"><strong>00:07<\/strong><\/td><\/tr><tr><td><strong>De 20h00 \u00e0 00h00<\/strong><\/td><td class=\"has-text-align-center\" data-align=\"center\"><strong>00:27<\/strong><\/td><\/tr><tr><td><strong><em>Samedi<\/em><\/strong><\/td><td class=\"has-text-align-center\" data-align=\"center\"><\/td><\/tr><tr><td><strong>De 5h00 \u00e0 7h00 | De 9h00 \u00e0 12h00 | De 14h00 \u00e0 16h30 | De 18h30 \u00e0 20h00<\/strong><\/td><td class=\"has-text-align-center\" data-align=\"center\"><strong>00:13<\/strong><\/td><\/tr><tr><td><strong><strong>De 7h00 \u00e0 9h00 | De 12h00 \u00e0 14h00 | De 16h30 \u00e0 18h30<\/strong><\/strong><\/td><td class=\"has-text-align-center\" data-align=\"center\"><strong>00:10<\/strong><\/td><\/tr><tr><td><strong>De 20h00 \u00e0 00h00<\/strong><\/td><td class=\"has-text-align-center\" data-align=\"center\"><strong>00:27<\/strong><\/td><\/tr><tr><td><strong><em>Dimanche<\/em><\/strong><\/td><td class=\"has-text-align-center\" data-align=\"center\"><\/td><\/tr><tr><td><strong>De 9h00 \u00e0 12h00 | De 14h00 \u00e0 16h30 | De 18h30 \u00e0 20h00<\/strong><\/td><td class=\"has-text-align-center\" data-align=\"center\"><strong>00:27<\/strong><\/td><\/tr><tr><td><strong><strong>De 7h00 \u00e0 9h00 | De 12h00 \u00e0 14h00 | De 16h30 \u00e0 18h30<\/strong><\/strong><\/td><td class=\"has-text-align-center\" data-align=\"center\"><strong>00:20<\/strong><\/td><\/tr><\/tbody><\/table><\/figure>\n","protected":false},"excerpt":{"rendered":"<p>Cliquez sur le thermom\u00e8tre pour voir le d\u00e9tail de la ligne (\u00e0 venir) Du Lundi au Vendredi Fr\u00e9quences De 5h00 \u00e0 7h00 | De 9h00 \u00e0 12h00 | De 14h00&nbsp;&hellip;<\/p>\n","protected":false},"author":118,"featured_media":247,"parent":0,"menu_order":0,"comment_status":"closed","ping_status":"closed","template":"","meta":{"footnotes":""},"class_list":["post-111","page","type-page","status-publish","has-post-thumbnail","hentry"],"_links":{"self":[{"href":"https:\/\/seal.transport-manager.net\/trespeuix\/wp-json\/wp\/v2\/pages\/111","targetHints":{"allow":["GET"]}}],"collection":[{"href":"https:\/\/seal.transport-manager.net\/trespeuix\/wp-json\/wp\/v2\/pages"}],"about":[{"href":"https:\/\/seal.transport-manager.net\/trespeuix\/wp-json\/wp\/v2\/types\/page"}],"author":[{"embeddable":true,"href":"https:\/\/seal.transport-manager.net\/trespeuix\/wp-json\/wp\/v2\/users\/118"}],"replies":[{"embeddable":true,"href":"https:\/\/seal.transport-manager.net\/trespeuix\/wp-json\/wp\/v2\/comments?post=111"}],"version-history":[{"count":5,"href":"https:\/\/seal.transport-manager.net\/trespeuix\/wp-json\/wp\/v2\/pages\/111\/revisions"}],"predecessor-version":[{"id":414,"href":"https:\/\/seal.transport-manager.net\/trespeuix\/wp-json\/wp\/v2\/pages\/111\/revisions\/414"}],"wp:featuredmedia":[{"embeddable":true,"href":"https:\/\/seal.transport-manager.net\/trespeuix\/wp-json\/wp\/v2\/media\/247"}],"wp:attachment":[{"href":"https:\/\/seal.transport-manager.net\/trespeuix\/wp-json\/wp\/v2\/media?parent=111"}],"curies":[{"name":"wp","href":"https:\/\/api.w.org\/{rel}","templated":true}]}}