{"id":119,"date":"2021-10-10T21:30:36","date_gmt":"2021-10-10T19:30:36","guid":{"rendered":"https:\/\/seal.transport-manager.net\/trespeuix\/?page_id=119"},"modified":"2023-01-07T14:00:22","modified_gmt":"2023-01-07T13:00:22","slug":"ligne-60","status":"publish","type":"page","link":"https:\/\/seal.transport-manager.net\/trespeuix\/ligne-60\/","title":{"rendered":"Ligne 60"},"content":{"rendered":"\n<p>Cliquez sur le thermom\u00e8tre pour voir tous les horaires<\/p>\n\n\n\n<figure class=\"wp-block-image size-large\"><a href=\"https:\/\/docs.google.com\/spreadsheets\/d\/1bS3aphaJKZhaOXovxVQ8C0AiaKx6vvNCO7kEq65zJ8o\/edit?usp=sharing\" target=\"_blank\" rel=\"noopener\"><img loading=\"lazy\" decoding=\"async\" width=\"1024\" height=\"303\" src=\"https:\/\/seal.transport-manager.net\/trespeuix\/wp-content\/uploads\/sites\/117\/2021\/11\/N3_L60_trans1-1024x303.png\" alt=\"\" class=\"wp-image-261\" srcset=\"https:\/\/seal.transport-manager.net\/trespeuix\/wp-content\/uploads\/sites\/117\/2021\/11\/N3_L60_trans1-1024x303.png 1024w, https:\/\/seal.transport-manager.net\/trespeuix\/wp-content\/uploads\/sites\/117\/2021\/11\/N3_L60_trans1-300x89.png 300w, https:\/\/seal.transport-manager.net\/trespeuix\/wp-content\/uploads\/sites\/117\/2021\/11\/N3_L60_trans1-768x227.png 768w, https:\/\/seal.transport-manager.net\/trespeuix\/wp-content\/uploads\/sites\/117\/2021\/11\/N3_L60_trans1-1536x454.png 1536w, https:\/\/seal.transport-manager.net\/trespeuix\/wp-content\/uploads\/sites\/117\/2021\/11\/N3_L60_trans1-1232x364.png 1232w, https:\/\/seal.transport-manager.net\/trespeuix\/wp-content\/uploads\/sites\/117\/2021\/11\/N3_L60_trans1-1920x568.png 1920w, https:\/\/seal.transport-manager.net\/trespeuix\/wp-content\/uploads\/sites\/117\/2021\/11\/N3_L60_trans1.png 1981w\" sizes=\"auto, (max-width: 1024px) 100vw, 1024px\" \/><\/a><\/figure>\n\n\n\n<p><a href=\"https:\/\/docs.google.com\/spreadsheets\/d\/11rkGEp0wJM5_iFOaDXhTaqVzXt8XgQ4VY2Y5tiGmPMY\/edit#gid=0\" target=\"_blank\" rel=\"noreferrer noopener\">Horaires du Lundi au Vendredi &#8211; Toutes p\u00e9riodes<\/a><\/p>\n\n\n\n<p><a href=\"https:\/\/docs.google.com\/spreadsheets\/d\/1zmht-K6Y9VyOXkqVuTL-oDKbsQQEkOQ9RHfiF7RPbyY\/edit#gid=0\" target=\"_blank\" rel=\"noreferrer noopener\">Horaires du Samedi<\/a><\/p>\n\n\n\n<p class=\"has-vivid-red-color has-text-color\"><strong><em>Pas de circulations les Dimanches et jours f\u00e9ri\u00e9s<\/em><\/strong><\/p>\n","protected":false},"excerpt":{"rendered":"<p>Cliquez sur le thermom\u00e8tre pour voir tous les horaires Horaires du Lundi au Vendredi &#8211; Toutes p\u00e9riodes Horaires du Samedi Pas de circulations les Dimanches et jours f\u00e9ri\u00e9s<\/p>\n","protected":false},"author":118,"featured_media":259,"parent":0,"menu_order":0,"comment_status":"closed","ping_status":"closed","template":"","meta":{"footnotes":""},"class_list":["post-119","page","type-page","status-publish","has-post-thumbnail","hentry"],"_links":{"self":[{"href":"https:\/\/seal.transport-manager.net\/trespeuix\/wp-json\/wp\/v2\/pages\/119","targetHints":{"allow":["GET"]}}],"collection":[{"href":"https:\/\/seal.transport-manager.net\/trespeuix\/wp-json\/wp\/v2\/pages"}],"about":[{"href":"https:\/\/seal.transport-manager.net\/trespeuix\/wp-json\/wp\/v2\/types\/page"}],"author":[{"embeddable":true,"href":"https:\/\/seal.transport-manager.net\/trespeuix\/wp-json\/wp\/v2\/users\/118"}],"replies":[{"embeddable":true,"href":"https:\/\/seal.transport-manager.net\/trespeuix\/wp-json\/wp\/v2\/comments?post=119"}],"version-history":[{"count":4,"href":"https:\/\/seal.transport-manager.net\/trespeuix\/wp-json\/wp\/v2\/pages\/119\/revisions"}],"predecessor-version":[{"id":464,"href":"https:\/\/seal.transport-manager.net\/trespeuix\/wp-json\/wp\/v2\/pages\/119\/revisions\/464"}],"wp:featuredmedia":[{"embeddable":true,"href":"https:\/\/seal.transport-manager.net\/trespeuix\/wp-json\/wp\/v2\/media\/259"}],"wp:attachment":[{"href":"https:\/\/seal.transport-manager.net\/trespeuix\/wp-json\/wp\/v2\/media?parent=119"}],"curies":[{"name":"wp","href":"https:\/\/api.w.org\/{rel}","templated":true}]}}