{"id":191,"date":"2021-10-23T16:38:45","date_gmt":"2021-10-23T14:38:45","guid":{"rendered":"https:\/\/seal.transport-manager.net\/trespeuix\/?page_id=191"},"modified":"2023-01-06T00:19:12","modified_gmt":"2023-01-05T23:19:12","slug":"ligne-8","status":"publish","type":"page","link":"https:\/\/seal.transport-manager.net\/trespeuix\/ligne-8\/","title":{"rendered":"Ligne 8"},"content":{"rendered":"\n<figure class=\"wp-block-image size-large is-resized\"><img loading=\"lazy\" decoding=\"async\" src=\"https:\/\/seal.transport-manager.net\/trespeuix\/wp-content\/uploads\/sites\/117\/2023\/01\/N4_L8_trans1-1024x299.png\" alt=\"\" class=\"wp-image-421\" width=\"768\" height=\"224\" srcset=\"https:\/\/seal.transport-manager.net\/trespeuix\/wp-content\/uploads\/sites\/117\/2023\/01\/N4_L8_trans1-1024x299.png 1024w, https:\/\/seal.transport-manager.net\/trespeuix\/wp-content\/uploads\/sites\/117\/2023\/01\/N4_L8_trans1-300x87.png 300w, https:\/\/seal.transport-manager.net\/trespeuix\/wp-content\/uploads\/sites\/117\/2023\/01\/N4_L8_trans1-768x224.png 768w, https:\/\/seal.transport-manager.net\/trespeuix\/wp-content\/uploads\/sites\/117\/2023\/01\/N4_L8_trans1-1536x448.png 1536w, https:\/\/seal.transport-manager.net\/trespeuix\/wp-content\/uploads\/sites\/117\/2023\/01\/N4_L8_trans1-1232x359.png 1232w, https:\/\/seal.transport-manager.net\/trespeuix\/wp-content\/uploads\/sites\/117\/2023\/01\/N4_L8_trans1-1920x560.png 1920w, https:\/\/seal.transport-manager.net\/trespeuix\/wp-content\/uploads\/sites\/117\/2023\/01\/N4_L8_trans1.png 2013w\" sizes=\"auto, (max-width: 768px) 100vw, 768px\" \/><\/figure>\n\n\n\n<figure class=\"wp-block-table is-style-stripes\"><table class=\"has-black-color has-text-color\"><tbody><tr><td><strong><em>Du Lundi au Vendredi<\/em><\/strong><\/td><td class=\"has-text-align-center\" data-align=\"center\"><em><strong>Fr\u00e9quences<\/strong><\/em><\/td><\/tr><tr><td><strong>De 5h00 \u00e0 7h00 | De 9h00 \u00e0 12h00 | De 14h00 \u00e0 16h30 | De 18h30 \u00e0 20h00<\/strong><\/td><td class=\"has-text-align-center\" data-align=\"center\"><strong>00:11<\/strong><\/td><\/tr><tr><td><strong>De 7h00 \u00e0 9h00 | De 12h00 \u00e0 14h00 | De 16h3<strong>0<\/strong>&nbsp;\u00e0 18h30<\/strong><\/td><td class=\"has-text-align-center\" data-align=\"center\"><strong>00:06<\/strong><\/td><\/tr><tr><td><strong>De 20h00 \u00e0 00h00<\/strong><\/td><td class=\"has-text-align-center\" data-align=\"center\"><strong>00:21<\/strong><\/td><\/tr><tr><td><strong><em>Samedi<\/em><\/strong><\/td><td class=\"has-text-align-center\" data-align=\"center\"><\/td><\/tr><tr><td><strong>De 5h00 \u00e0 7h00 | De 9h00 \u00e0 12h00 | De 14h00 \u00e0 16h30 | De 18h30 \u00e0 20h00<\/strong><\/td><td class=\"has-text-align-center\" data-align=\"center\"><strong>00:16<\/strong><\/td><\/tr><tr><td><strong>De 7h00 \u00e0 9h00 | De 12h00 \u00e0 14h00 | De 16h3<strong>0<\/strong>&nbsp;\u00e0 18h30<\/strong><\/td><td class=\"has-text-align-center\" data-align=\"center\"><strong>00:13<\/strong><\/td><\/tr><tr><td><strong>De 20h00 \u00e0 00h00<\/strong><\/td><td class=\"has-text-align-center\" data-align=\"center\"><strong>00:21<\/strong><\/td><\/tr><tr><td><strong><em>Dimanche<\/em><\/strong><\/td><td class=\"has-text-align-center\" data-align=\"center\"><\/td><\/tr><tr><td><strong>De 7h00 \u00e0 9h00 | De 12h00 \u00e0 14h00 | De 16h3<strong>0<\/strong>&nbsp;\u00e0 18h30<\/strong><\/td><td class=\"has-text-align-center\" data-align=\"center\"><strong>00:32<\/strong><\/td><\/tr><\/tbody><\/table><\/figure>\n","protected":false},"excerpt":{"rendered":"<p>Du Lundi au Vendredi Fr\u00e9quences De 5h00 \u00e0 7h00 | De 9h00 \u00e0 12h00 | De 14h00 \u00e0 16h30 | De 18h30 \u00e0 20h00 00:11 De 7h00 \u00e0 9h00 |&nbsp;&hellip;<\/p>\n","protected":false},"author":118,"featured_media":0,"parent":0,"menu_order":0,"comment_status":"closed","ping_status":"closed","template":"","meta":{"footnotes":""},"class_list":["post-191","page","type-page","status-publish","hentry"],"_links":{"self":[{"href":"https:\/\/seal.transport-manager.net\/trespeuix\/wp-json\/wp\/v2\/pages\/191","targetHints":{"allow":["GET"]}}],"collection":[{"href":"https:\/\/seal.transport-manager.net\/trespeuix\/wp-json\/wp\/v2\/pages"}],"about":[{"href":"https:\/\/seal.transport-manager.net\/trespeuix\/wp-json\/wp\/v2\/types\/page"}],"author":[{"embeddable":true,"href":"https:\/\/seal.transport-manager.net\/trespeuix\/wp-json\/wp\/v2\/users\/118"}],"replies":[{"embeddable":true,"href":"https:\/\/seal.transport-manager.net\/trespeuix\/wp-json\/wp\/v2\/comments?post=191"}],"version-history":[{"count":5,"href":"https:\/\/seal.transport-manager.net\/trespeuix\/wp-json\/wp\/v2\/pages\/191\/revisions"}],"predecessor-version":[{"id":426,"href":"https:\/\/seal.transport-manager.net\/trespeuix\/wp-json\/wp\/v2\/pages\/191\/revisions\/426"}],"wp:attachment":[{"href":"https:\/\/seal.transport-manager.net\/trespeuix\/wp-json\/wp\/v2\/media?parent=191"}],"curies":[{"name":"wp","href":"https:\/\/api.w.org\/{rel}","templated":true}]}}