{"id":2,"date":"2021-10-09T16:08:21","date_gmt":"2021-10-09T14:08:21","guid":{"rendered":"https:\/\/seal.transport-manager.net\/trespeuix\/?page_id=2"},"modified":"2021-10-09T23:12:04","modified_gmt":"2021-10-09T21:12:04","slug":"page-d-exemple","status":"publish","type":"page","link":"https:\/\/seal.transport-manager.net\/trespeuix\/page-d-exemple\/","title":{"rendered":"A propos"},"content":{"rendered":"\n<p>RTRU est une entreprise <strong>fictive<\/strong> du jeu Transport Manager. En aucun cas, ce qui se situe sur ce site \u00e0 pour but de nuire, ou d&rsquo;\u00eatre pris pour quelque chose de r\u00e9el.<\/p>\n","protected":false},"excerpt":{"rendered":"<p>RTRU est une entreprise fictive du jeu Transport Manager. En aucun cas, ce qui se situe sur ce site \u00e0 pour but de nuire, ou d&rsquo;\u00eatre pris pour quelque chose&nbsp;&hellip;<\/p>\n","protected":false},"author":118,"featured_media":0,"parent":0,"menu_order":0,"comment_status":"closed","ping_status":"closed","template":"page-templates\/template-fullwidth.php","meta":{"footnotes":""},"class_list":["post-2","page","type-page","status-publish","hentry"],"_links":{"self":[{"href":"https:\/\/seal.transport-manager.net\/trespeuix\/wp-json\/wp\/v2\/pages\/2","targetHints":{"allow":["GET"]}}],"collection":[{"href":"https:\/\/seal.transport-manager.net\/trespeuix\/wp-json\/wp\/v2\/pages"}],"about":[{"href":"https:\/\/seal.transport-manager.net\/trespeuix\/wp-json\/wp\/v2\/types\/page"}],"author":[{"embeddable":true,"href":"https:\/\/seal.transport-manager.net\/trespeuix\/wp-json\/wp\/v2\/users\/118"}],"replies":[{"embeddable":true,"href":"https:\/\/seal.transport-manager.net\/trespeuix\/wp-json\/wp\/v2\/comments?post=2"}],"version-history":[{"count":3,"href":"https:\/\/seal.transport-manager.net\/trespeuix\/wp-json\/wp\/v2\/pages\/2\/revisions"}],"predecessor-version":[{"id":78,"href":"https:\/\/seal.transport-manager.net\/trespeuix\/wp-json\/wp\/v2\/pages\/2\/revisions\/78"}],"wp:attachment":[{"href":"https:\/\/seal.transport-manager.net\/trespeuix\/wp-json\/wp\/v2\/media?parent=2"}],"curies":[{"name":"wp","href":"https:\/\/api.w.org\/{rel}","templated":true}]}}