{"id":322,"date":"2022-05-28T16:18:03","date_gmt":"2022-05-28T14:18:03","guid":{"rendered":"https:\/\/seal.transport-manager.net\/trespeuix\/?page_id=322"},"modified":"2023-01-06T18:31:52","modified_gmt":"2023-01-06T17:31:52","slug":"ligne-10","status":"publish","type":"page","link":"https:\/\/seal.transport-manager.net\/trespeuix\/ligne-10\/","title":{"rendered":"Ligne 10"},"content":{"rendered":"\n<p>Cliquez sur le thermom\u00e8tre pour voir le d\u00e9tail de la ligne <em>(\u00e0 venir)<\/em><\/p>\n\n\n\n<figure class=\"wp-block-image size-full is-resized\"><img loading=\"lazy\" decoding=\"async\" src=\"https:\/\/seal.transport-manager.net\/trespeuix\/wp-content\/uploads\/sites\/117\/2023\/01\/N4_L10_trans1.png\" alt=\"\" class=\"wp-image-441\" width=\"1000\" height=\"294\" srcset=\"https:\/\/seal.transport-manager.net\/trespeuix\/wp-content\/uploads\/sites\/117\/2023\/01\/N4_L10_trans1.png 2000w, https:\/\/seal.transport-manager.net\/trespeuix\/wp-content\/uploads\/sites\/117\/2023\/01\/N4_L10_trans1-300x88.png 300w, https:\/\/seal.transport-manager.net\/trespeuix\/wp-content\/uploads\/sites\/117\/2023\/01\/N4_L10_trans1-1024x301.png 1024w, https:\/\/seal.transport-manager.net\/trespeuix\/wp-content\/uploads\/sites\/117\/2023\/01\/N4_L10_trans1-768x225.png 768w, https:\/\/seal.transport-manager.net\/trespeuix\/wp-content\/uploads\/sites\/117\/2023\/01\/N4_L10_trans1-1536x451.png 1536w, https:\/\/seal.transport-manager.net\/trespeuix\/wp-content\/uploads\/sites\/117\/2023\/01\/N4_L10_trans1-1232x362.png 1232w, https:\/\/seal.transport-manager.net\/trespeuix\/wp-content\/uploads\/sites\/117\/2023\/01\/N4_L10_trans1-1920x564.png 1920w\" sizes=\"auto, (max-width: 1000px) 100vw, 1000px\" \/><\/figure>\n\n\n\n<p><a href=\"https:\/\/docs.google.com\/spreadsheets\/d\/10AhbCPT6mupwB7i3FnrBWxLw5tei5KjskqSH6TtdvLg\/edit#gid=0\" target=\"_blank\" rel=\"noreferrer noopener\">Horaires du Lundi au Vendredi<\/a><\/p>\n\n\n\n<p><a href=\"https:\/\/docs.google.com\/spreadsheets\/d\/1QoP21TLaCbfWWRbHzbk_wzDxEGx2LYakH74izMNRHyo\/edit#gid=0\" target=\"_blank\" rel=\"noreferrer noopener\">Horaires du Samedi<\/a><\/p>\n\n\n\n<p><a href=\"https:\/\/docs.google.com\/spreadsheets\/d\/1qk3iyPPFyS_enucNZaic8JML_pKC2JN9hQ8meRxu0RU\/edit#gid=0\" target=\"_blank\" rel=\"noreferrer noopener\">Horaires du Dimanche<\/a><\/p>\n","protected":false},"excerpt":{"rendered":"<p>Cliquez sur le thermom\u00e8tre pour voir le d\u00e9tail de la ligne (\u00e0 venir) Horaires du Lundi au Vendredi Horaires du Samedi Horaires du Dimanche<\/p>\n","protected":false},"author":118,"featured_media":290,"parent":0,"menu_order":0,"comment_status":"closed","ping_status":"closed","template":"","meta":{"footnotes":""},"class_list":["post-322","page","type-page","status-publish","has-post-thumbnail","hentry"],"_links":{"self":[{"href":"https:\/\/seal.transport-manager.net\/trespeuix\/wp-json\/wp\/v2\/pages\/322","targetHints":{"allow":["GET"]}}],"collection":[{"href":"https:\/\/seal.transport-manager.net\/trespeuix\/wp-json\/wp\/v2\/pages"}],"about":[{"href":"https:\/\/seal.transport-manager.net\/trespeuix\/wp-json\/wp\/v2\/types\/page"}],"author":[{"embeddable":true,"href":"https:\/\/seal.transport-manager.net\/trespeuix\/wp-json\/wp\/v2\/users\/118"}],"replies":[{"embeddable":true,"href":"https:\/\/seal.transport-manager.net\/trespeuix\/wp-json\/wp\/v2\/comments?post=322"}],"version-history":[{"count":3,"href":"https:\/\/seal.transport-manager.net\/trespeuix\/wp-json\/wp\/v2\/pages\/322\/revisions"}],"predecessor-version":[{"id":443,"href":"https:\/\/seal.transport-manager.net\/trespeuix\/wp-json\/wp\/v2\/pages\/322\/revisions\/443"}],"wp:featuredmedia":[{"embeddable":true,"href":"https:\/\/seal.transport-manager.net\/trespeuix\/wp-json\/wp\/v2\/media\/290"}],"wp:attachment":[{"href":"https:\/\/seal.transport-manager.net\/trespeuix\/wp-json\/wp\/v2\/media?parent=322"}],"curies":[{"name":"wp","href":"https:\/\/api.w.org\/{rel}","templated":true}]}}