{"id":327,"date":"2022-05-28T16:25:41","date_gmt":"2022-05-28T14:25:41","guid":{"rendered":"https:\/\/seal.transport-manager.net\/trespeuix\/?page_id=327"},"modified":"2023-01-07T00:40:12","modified_gmt":"2023-01-06T23:40:12","slug":"ligne-12","status":"publish","type":"page","link":"https:\/\/seal.transport-manager.net\/trespeuix\/ligne-12\/","title":{"rendered":"Ligne 12"},"content":{"rendered":"\n<p>Cliquez sur le thermom\u00e8tre pour voir tous les horaires<\/p>\n\n\n\n<figure class=\"wp-block-image size-full is-resized\"><img loading=\"lazy\" decoding=\"async\" src=\"https:\/\/seal.transport-manager.net\/trespeuix\/wp-content\/uploads\/sites\/117\/2023\/01\/N4_L12_trans1.png\" alt=\"\" class=\"wp-image-449\" width=\"991\" height=\"293\" srcset=\"https:\/\/seal.transport-manager.net\/trespeuix\/wp-content\/uploads\/sites\/117\/2023\/01\/N4_L12_trans1.png 1981w, https:\/\/seal.transport-manager.net\/trespeuix\/wp-content\/uploads\/sites\/117\/2023\/01\/N4_L12_trans1-300x89.png 300w, https:\/\/seal.transport-manager.net\/trespeuix\/wp-content\/uploads\/sites\/117\/2023\/01\/N4_L12_trans1-1024x303.png 1024w, https:\/\/seal.transport-manager.net\/trespeuix\/wp-content\/uploads\/sites\/117\/2023\/01\/N4_L12_trans1-768x227.png 768w, https:\/\/seal.transport-manager.net\/trespeuix\/wp-content\/uploads\/sites\/117\/2023\/01\/N4_L12_trans1-1536x454.png 1536w, https:\/\/seal.transport-manager.net\/trespeuix\/wp-content\/uploads\/sites\/117\/2023\/01\/N4_L12_trans1-1232x364.png 1232w, https:\/\/seal.transport-manager.net\/trespeuix\/wp-content\/uploads\/sites\/117\/2023\/01\/N4_L12_trans1-1920x568.png 1920w\" sizes=\"auto, (max-width: 991px) 100vw, 991px\" \/><\/figure>\n\n\n\n<p><a href=\"https:\/\/docs.google.com\/spreadsheets\/d\/1K8Lc-Jz25r0-PjXRMgp_cAJGiXsTPVSIFZCyMYYDNjY\/edit#gid=0\" target=\"_blank\" rel=\"noreferrer noopener\">Horaires du Lundi au Vendredi<\/a><\/p>\n\n\n\n<p><a href=\"https:\/\/docs.google.com\/spreadsheets\/d\/1Z9Ou__R7AAkg9e-8gQRIVJAGnIh5BvPXAdb4SLk5CGw\/edit#gid=0\" target=\"_blank\" rel=\"noreferrer noopener\">Horaires du Samedi<\/a><\/p>\n\n\n\n<p><a href=\"https:\/\/docs.google.com\/spreadsheets\/d\/1WYW86Lj8YzmGopbhSCYdWEuNqPXDphfW0mcPJ-281Lc\/edit#gid=0\" target=\"_blank\" rel=\"noreferrer noopener\">Horaires du Dimanche et Jours f\u00e9ri\u00e9s<\/a><\/p>\n\n\n\n<p><\/p>\n","protected":false},"excerpt":{"rendered":"<p>Cliquez sur le thermom\u00e8tre pour voir tous les horaires Horaires du Lundi au Vendredi Horaires du Samedi Horaires du Dimanche et Jours f\u00e9ri\u00e9s<\/p>\n","protected":false},"author":118,"featured_media":0,"parent":0,"menu_order":0,"comment_status":"closed","ping_status":"closed","template":"","meta":{"footnotes":""},"class_list":["post-327","page","type-page","status-publish","hentry"],"_links":{"self":[{"href":"https:\/\/seal.transport-manager.net\/trespeuix\/wp-json\/wp\/v2\/pages\/327","targetHints":{"allow":["GET"]}}],"collection":[{"href":"https:\/\/seal.transport-manager.net\/trespeuix\/wp-json\/wp\/v2\/pages"}],"about":[{"href":"https:\/\/seal.transport-manager.net\/trespeuix\/wp-json\/wp\/v2\/types\/page"}],"author":[{"embeddable":true,"href":"https:\/\/seal.transport-manager.net\/trespeuix\/wp-json\/wp\/v2\/users\/118"}],"replies":[{"embeddable":true,"href":"https:\/\/seal.transport-manager.net\/trespeuix\/wp-json\/wp\/v2\/comments?post=327"}],"version-history":[{"count":3,"href":"https:\/\/seal.transport-manager.net\/trespeuix\/wp-json\/wp\/v2\/pages\/327\/revisions"}],"predecessor-version":[{"id":451,"href":"https:\/\/seal.transport-manager.net\/trespeuix\/wp-json\/wp\/v2\/pages\/327\/revisions\/451"}],"wp:attachment":[{"href":"https:\/\/seal.transport-manager.net\/trespeuix\/wp-json\/wp\/v2\/media?parent=327"}],"curies":[{"name":"wp","href":"https:\/\/api.w.org\/{rel}","templated":true}]}}