{"id":185,"date":"2022-01-02T21:25:50","date_gmt":"2022-01-02T20:25:50","guid":{"rendered":"https:\/\/seal.transport-manager.net\/yan302\/?page_id=185"},"modified":"2022-09-14T14:57:34","modified_gmt":"2022-09-14T12:57:34","slug":"vente","status":"publish","type":"page","link":"https:\/\/seal.transport-manager.net\/yan302\/vente\/","title":{"rendered":"Vente"},"content":{"rendered":"\n<h2 class=\"wp-block-heading\">Nos points de vente<\/h2>\n\n\n\n<div class=\"wp-block-columns is-layout-flex wp-container-core-columns-is-layout-9d6595d7 wp-block-columns-is-layout-flex\">\n<div class=\"wp-block-column is-layout-flow wp-block-column-is-layout-flow\">\n<figure class=\"wp-block-image size-large\"><img decoding=\"async\" src=\"https:\/\/transport-manager.net\/assets\/img\/card\/agency\/1.png\" alt=\"\" \/><\/figure>\n\n\n\n<p class=\"has-text-align-center\"><strong>Services<\/strong><br>Informations &#8211; Conseils &#8211; Ventes &#8211; Abonnements<br><br><strong>Heures d&rsquo;ouverture<\/strong><br>Lundi-Vendredi : 7h \u00e0 21h<br>Samedi : 8h \u00e0 20h<br>  Dimanche et jour f\u00e9ri\u00e9  : 10h \u00e0 17h<br> <\/p>\n<\/div>\n\n\n\n<div class=\"wp-block-column is-layout-flow wp-block-column-is-layout-flow\">\n<figure class=\"wp-block-image size-large\"><img decoding=\"async\" src=\"https:\/\/transport-manager.net\/assets\/img\/card\/agency\/3.png\" alt=\"\" \/><\/figure>\n\n\n\n<p class=\"has-text-align-center\"> <strong>Services<\/strong><br>Informations &#8211; Conseils &#8211; Ventes &#8211; Abonnements<br><br><strong>Heures d&rsquo;ouverture<\/strong><br>Lundi-Vendredi : 7h \u00e0 21h<br>Samedi : 7h \u00e0 21h<br> Dimanche et jour f\u00e9ri\u00e9  : 10h \u00e0 17h<br><\/p>\n<\/div>\n\n\n\n<div class=\"wp-block-column is-layout-flow wp-block-column-is-layout-flow\">\n<figure class=\"wp-block-image size-large\"><img decoding=\"async\" src=\"https:\/\/transport-manager.net\/assets\/img\/card\/agency\/5.png\" alt=\"\" \/><\/figure>\n\n\n\n<p class=\"has-text-align-center\">  <strong>Services<\/strong><br>Informations &#8211; Conseils &#8211; Ventes &#8211; Abonnements<br><br><strong>Heures d&rsquo;ouverture<\/strong><br>Lundi-Vendredi : 7h \u00e0 19h<br>Samedi : 10h \u00e0 17h<br>  Dimanche et jour f\u00e9ri\u00e9 : ferm\u00e9<br>  Jour f\u00e9ri\u00e9 le 1er du mois : 10h \u00e0 17h   <\/p>\n<\/div>\n<\/div>\n\n\n\n<div class=\"wp-block-columns is-layout-flex wp-container-core-columns-is-layout-9d6595d7 wp-block-columns-is-layout-flex\">\n<div class=\"wp-block-column is-layout-flow wp-block-column-is-layout-flow\">\n<figure class=\"wp-block-image size-large\"><img decoding=\"async\" src=\"https:\/\/transport-manager.net\/assets\/img\/card\/agency\/6.png\" alt=\"\" \/><\/figure>\n\n\n\n<p class=\"has-text-align-center\"><strong>Services<\/strong><br>Informations &#8211; Conseils &#8211; Ventes &#8211; Abonnements<br><br><strong>Heures d&rsquo;ouverture<\/strong><br> Lundi-Vendredi : 7h \u00e0 21h<br>Samedi : 7h \u00e0 21h<br> Dimanche et jour f\u00e9ri\u00e9  : 10h \u00e0 17h <br> <\/p>\n<\/div>\n\n\n\n<div class=\"wp-block-column is-layout-flow wp-block-column-is-layout-flow\">\n<figure class=\"wp-block-image size-large\"><img decoding=\"async\" src=\"https:\/\/transport-manager.net\/assets\/img\/card\/agency\/2.png\" alt=\"\" \/><\/figure>\n\n\n\n<p class=\"has-text-align-center\"> <strong>Services<\/strong><br>Informations &#8211; Conseils &#8211; Ventes &#8211; Abonnements<br><br><strong>Heures d&rsquo;ouverture<\/strong><br> Lundi-Vendredi : 7h \u00e0 13h<br>Samedi : 8h \u00e0 16h<br>  Dimanche et jour f\u00e9ri\u00e9 : ferm\u00e9<br>  Jour f\u00e9ri\u00e9 le 1er du mois : 10h \u00e0 17h <br><\/p>\n<\/div>\n\n\n\n<div class=\"wp-block-column is-layout-flow wp-block-column-is-layout-flow\">\n<figure class=\"wp-block-image size-large\"><img decoding=\"async\" src=\"https:\/\/transport-manager.net\/assets\/img\/card\/agency\/4.png\" alt=\"\" \/><\/figure>\n\n\n\n<p class=\"has-text-align-center\">  <strong>Services<\/strong><br>Informations &#8211; Conseils &#8211; Ventes &#8211; Abonnements<br><br><strong>Heures d&rsquo;ouverture<\/strong><br>Lundi-Vendredi : 14h \u00e0 20h<br>Samedi : 11h \u00e0 19h<br>  Dimanche et jour f\u00e9ri\u00e9 : ferm\u00e9<br>  Jour f\u00e9ri\u00e9 le 1er du mois : 10h \u00e0 17h   <\/p>\n<\/div>\n<\/div>\n\n\n\n<div class=\"wp-block-columns is-layout-flex wp-container-core-columns-is-layout-9d6595d7 wp-block-columns-is-layout-flex\">\n<div class=\"wp-block-column is-layout-flow wp-block-column-is-layout-flow\" style=\"flex-basis:17%\"><\/div>\n\n\n\n<div class=\"wp-block-column is-layout-flow wp-block-column-is-layout-flow\" style=\"flex-basis:33%\">\n<figure class=\"wp-block-image size-large\"><img decoding=\"async\" src=\"https:\/\/transport-manager.net\/assets\/img\/card\/agency\/7.png\" alt=\"\" \/><\/figure>\n\n\n\n<p class=\"has-text-align-center\"><strong>Services<\/strong><br>Informations &#8211; Conseils &#8211; Ventes &#8211; Abonnements<br><br><strong>Heures d&rsquo;ouverture<\/strong><br>Lundi-Mercredi-Vendredi : 13h \u00e0 20h<br>Mardi-Jeudi : 7h \u00e0 12h<br>Samedi : 9h \u00e0 12h et 13h \u00e0 17h<br>  Dimanche et jour f\u00e9ri\u00e9  : ferm\u00e9<br> Jour f\u00e9ri\u00e9 le 1er du mois : 10h \u00e0 17h <br> <\/p>\n<\/div>\n\n\n\n<div class=\"wp-block-column is-layout-flow wp-block-column-is-layout-flow\" style=\"flex-basis:33%\">\n<figure class=\"wp-block-image size-large\"><img decoding=\"async\" src=\"https:\/\/transport-manager.net\/assets\/img\/card\/agency\/8.png\" alt=\"\" \/><\/figure>\n\n\n\n<p class=\"has-text-align-center\">  <strong>Services<\/strong><br>Informations &#8211; Conseils &#8211; Ventes &#8211; Abonnements<br><br><strong>Heures d&rsquo;ouverture<\/strong><br> Lundi-Mercredi-Vendredi : 13h \u00e0 20h<br>Mardi-Jeudi : 7h \u00e0 12h<br>Samedi : 9h \u00e0 12h et 13h \u00e0 17h<br>  Dimanche et jour f\u00e9ri\u00e9  : ferm\u00e9<br> Jour f\u00e9ri\u00e9 le 1er du mois : 10h \u00e0 17h     <\/p>\n<\/div>\n\n\n\n<div class=\"wp-block-column is-layout-flow wp-block-column-is-layout-flow\" style=\"flex-basis:17%\"><\/div>\n<\/div>\n\n\n\n<h2 class=\"wp-block-heading\">Nos tickets<\/h2>\n\n\n\n<div class=\"wp-block-columns is-layout-flex wp-container-core-columns-is-layout-9d6595d7 wp-block-columns-is-layout-flex\">\n<div class=\"wp-block-column is-layout-flow wp-block-column-is-layout-flow\">\n<div class=\"wp-block-image\"><figure class=\"aligncenter size-full is-resized\"><img loading=\"lazy\" decoding=\"async\" src=\"https:\/\/seal.transport-manager.net\/yan302\/wp-content\/uploads\/sites\/44\/2022\/01\/ticket_1h.png\" alt=\"\" class=\"wp-image-187\" width=\"245\" height=\"269\" srcset=\"https:\/\/seal.transport-manager.net\/yan302\/wp-content\/uploads\/sites\/44\/2022\/01\/ticket_1h.png 490w, https:\/\/seal.transport-manager.net\/yan302\/wp-content\/uploads\/sites\/44\/2022\/01\/ticket_1h-274x300.png 274w\" sizes=\"auto, (max-width: 245px) 100vw, 245px\" \/><\/figure><\/div>\n\n\n\n<p class=\"has-text-align-center\"><strong>Prix <\/strong>: 1,70 \u20ac<br><strong>Validit\u00e9 <\/strong>: 1h apr\u00e8s la 1\u00e8re validation<br><strong>Disponibilit\u00e9 <\/strong>: conducteurs &amp; agences<br><\/p>\n<\/div>\n\n\n\n<div class=\"wp-block-column is-layout-flow wp-block-column-is-layout-flow\">\n<div class=\"wp-block-image\"><figure class=\"aligncenter size-full is-resized\"><img loading=\"lazy\" decoding=\"async\" src=\"https:\/\/seal.transport-manager.net\/yan302\/wp-content\/uploads\/sites\/44\/2022\/01\/ticket_1j.png\" alt=\"\" class=\"wp-image-186\" width=\"245\" height=\"269\" srcset=\"https:\/\/seal.transport-manager.net\/yan302\/wp-content\/uploads\/sites\/44\/2022\/01\/ticket_1j.png 490w, https:\/\/seal.transport-manager.net\/yan302\/wp-content\/uploads\/sites\/44\/2022\/01\/ticket_1j-274x300.png 274w\" sizes=\"auto, (max-width: 245px) 100vw, 245px\" \/><\/figure><\/div>\n\n\n\n<p class=\"has-text-align-center\"> <strong>Prix <\/strong>: 5,00 \u20ac<br><strong>Validit\u00e9 <\/strong>: de la 1\u00e8re validation jusqu&rsquo;\u00e0 4h<br><strong>Disponibilit\u00e9 <\/strong>: conducteurs &amp; agences <\/p>\n<\/div>\n\n\n\n<div class=\"wp-block-column is-layout-flow wp-block-column-is-layout-flow\">\n<div class=\"wp-block-image\"><figure class=\"aligncenter size-full is-resized\"><img loading=\"lazy\" decoding=\"async\" src=\"https:\/\/seal.transport-manager.net\/yan302\/wp-content\/uploads\/sites\/44\/2022\/01\/ticket_1m.png\" alt=\"\" class=\"wp-image-188\" width=\"245\" height=\"269\" srcset=\"https:\/\/seal.transport-manager.net\/yan302\/wp-content\/uploads\/sites\/44\/2022\/01\/ticket_1m.png 490w, https:\/\/seal.transport-manager.net\/yan302\/wp-content\/uploads\/sites\/44\/2022\/01\/ticket_1m-274x300.png 274w\" sizes=\"auto, (max-width: 245px) 100vw, 245px\" \/><\/figure><\/div>\n\n\n\n<p class=\"has-text-align-center\"><strong>Prix <\/strong>: 59\u20ac (\u00e9tudiant : 35\u20ac)<br><strong>Validit\u00e9 <\/strong>: mois calendrier<br><strong>Disponibilit\u00e9 <\/strong>: agences <\/p>\n<\/div>\n<\/div>\n\n\n\n<p class=\"has-text-align-center\"><strong>Le syst\u00e8me carte \u00e0 puce est d\u00e9ploy\u00e9 sur l&rsquo;ensemble du r\u00e9seau<\/strong><\/p>\n\n\n\n<div class=\"wp-block-columns is-layout-flex wp-container-core-columns-is-layout-9d6595d7 wp-block-columns-is-layout-flex\">\n<div class=\"wp-block-column is-layout-flow wp-block-column-is-layout-flow\">\n<div class=\"wp-block-image\"><figure class=\"aligncenter size-large\"><img decoding=\"async\" src=\"https:\/\/transport-manager.net\/assets\/img\/card\/puce.png\" alt=\"\" \/><\/figure><\/div>\n\n\n\n<p class=\"has-text-align-center\"><\/p>\n<\/div>\n<\/div>\n\n\n\n<p>L&rsquo;absence d&rsquo;un titre de transport valide vous expose \u00e0 des amendes de 65\u20ac (premi\u00e8re infraction), 130\u20ac (deuxi\u00e8me infraction), 260\u20ac (\u00e0 partir de la troisi\u00e8me infraction). L&rsquo;utilisation d&rsquo;un abonnement d&rsquo;une tierce personne ou d&rsquo;un titre falsifi\u00e9 vous expose \u00e0 une amende de 455\u20ac.<\/p>\n","protected":false},"excerpt":{"rendered":"<p>Nos points de vente ServicesInformations &#8211; Conseils &#8211; Ventes &#8211; Abonnements Heures d&rsquo;ouvertureLundi-Vendredi : 7h \u00e0 21hSamedi : 8h \u00e0 20h Dimanche et jour f\u00e9ri\u00e9 : 10h \u00e0 17h ServicesInformations&nbsp;&hellip;<\/p>\n","protected":false},"author":44,"featured_media":0,"parent":0,"menu_order":0,"comment_status":"closed","ping_status":"closed","template":"","meta":{"footnotes":""},"class_list":["post-185","page","type-page","status-publish","hentry"],"_links":{"self":[{"href":"https:\/\/seal.transport-manager.net\/yan302\/wp-json\/wp\/v2\/pages\/185","targetHints":{"allow":["GET"]}}],"collection":[{"href":"https:\/\/seal.transport-manager.net\/yan302\/wp-json\/wp\/v2\/pages"}],"about":[{"href":"https:\/\/seal.transport-manager.net\/yan302\/wp-json\/wp\/v2\/types\/page"}],"author":[{"embeddable":true,"href":"https:\/\/seal.transport-manager.net\/yan302\/wp-json\/wp\/v2\/users\/44"}],"replies":[{"embeddable":true,"href":"https:\/\/seal.transport-manager.net\/yan302\/wp-json\/wp\/v2\/comments?post=185"}],"version-history":[{"count":4,"href":"https:\/\/seal.transport-manager.net\/yan302\/wp-json\/wp\/v2\/pages\/185\/revisions"}],"predecessor-version":[{"id":846,"href":"https:\/\/seal.transport-manager.net\/yan302\/wp-json\/wp\/v2\/pages\/185\/revisions\/846"}],"wp:attachment":[{"href":"https:\/\/seal.transport-manager.net\/yan302\/wp-json\/wp\/v2\/media?parent=185"}],"curies":[{"name":"wp","href":"https:\/\/api.w.org\/{rel}","templated":true}]}}