{"id":90,"date":"2022-01-02T01:36:26","date_gmt":"2022-01-02T00:36:26","guid":{"rendered":"https:\/\/seal.transport-manager.net\/yan302\/?page_id=90"},"modified":"2022-01-02T01:36:26","modified_gmt":"2022-01-02T00:36:26","slug":"nous-connaitre","status":"publish","type":"page","link":"https:\/\/seal.transport-manager.net\/yan302\/nous-connaitre\/","title":{"rendered":"Nous connaitre"},"content":{"rendered":"\n<h2 class=\"wp-block-heading\">La soci\u00e9t\u00e9<\/h2>\n\n\n\n<p>Fond\u00e9e en 2019, la Soci\u00e9t\u00e9 de Transport de Brulouv\u00e8ne (STB) organise le transport public dans la m\u00e9tropole de Bruloun\u00e8ve et ses alentours. <\/p>\n\n\n\n<p>Chaque jour, c&rsquo;est avec plus de 200 v\u00e9hicules et ses 450 employ\u00e9s que la STB exploite les lignes urbaines, p\u00e9ri-urbaines et interurbaines. La STB assure les d\u00e9placements d\u2019une population de plus de 1.000.000 d&rsquo;habitants, auxquels viennent s\u2019ajouter des centaines de navetteurs. La STB poss\u00e8de 3 d\u00e9p\u00f4ts de bus et cars situ\u00e9s \u00e0 la Gare Centrale, \u00e0 la Gare de l&rsquo;Ouest et \u00e0 proximit\u00e9 du Stade.<\/p>\n\n\n\n<p>La STB est \u00e9galement en charge de l&rsquo;installation et de la maintenance des abribus sur toutes les lignes qu&rsquo;elle exploite. la STB s&rsquo;occupe \u00e9galement de la sauvegarde des bus les plus embl\u00e9matiques ayant circul\u00e9s dans la m\u00e9tropole ses 50 derni\u00e8res ann\u00e9es. Ces v\u00e9hicules sont expos\u00e9s dans un mus\u00e9e situ\u00e9 dans l&rsquo;annexe du d\u00e9p\u00f4t Stade et circulent ponctuellement sur le r\u00e9seau lors d&rsquo;\u00e9v\u00e9nements sp\u00e9ciaux comme le week-end du patrimoine au mois de septembre<\/p>\n\n\n\n<h2 class=\"wp-block-heading\">Nos engagements<\/h2>\n\n\n\n<p>Soucieuse de l&rsquo;environnement et du confort de ses voyageurs la soci\u00e9t\u00e9 s&rsquo;engage \u00e0 plus de 99% des services sur lignes urbaines en v\u00e9hicules propres (GNV, GNV hybride, diesel hybride ou \u00e9lectriques). La fr\u00e9quences minimale sur les lignes urbaines est de 1 bus toutes les 30 minutes. Tous les v\u00e9hicules sont accessibles aux personnes \u00e0 mobilit\u00e9 r\u00e9duite et sont \u00e9quip\u00e9s de la climatisation pour le confort de tous.<\/p>\n\n\n\n<p><\/p>\n","protected":false},"excerpt":{"rendered":"<p>La soci\u00e9t\u00e9 Fond\u00e9e en 2019, la Soci\u00e9t\u00e9 de Transport de Brulouv\u00e8ne (STB) organise le transport public dans la m\u00e9tropole de Bruloun\u00e8ve et ses alentours. Chaque jour, c&rsquo;est avec plus de&nbsp;&hellip;<\/p>\n","protected":false},"author":44,"featured_media":0,"parent":0,"menu_order":0,"comment_status":"closed","ping_status":"closed","template":"","meta":{"footnotes":""},"class_list":["post-90","page","type-page","status-publish","hentry"],"_links":{"self":[{"href":"https:\/\/seal.transport-manager.net\/yan302\/wp-json\/wp\/v2\/pages\/90","targetHints":{"allow":["GET"]}}],"collection":[{"href":"https:\/\/seal.transport-manager.net\/yan302\/wp-json\/wp\/v2\/pages"}],"about":[{"href":"https:\/\/seal.transport-manager.net\/yan302\/wp-json\/wp\/v2\/types\/page"}],"author":[{"embeddable":true,"href":"https:\/\/seal.transport-manager.net\/yan302\/wp-json\/wp\/v2\/users\/44"}],"replies":[{"embeddable":true,"href":"https:\/\/seal.transport-manager.net\/yan302\/wp-json\/wp\/v2\/comments?post=90"}],"version-history":[{"count":2,"href":"https:\/\/seal.transport-manager.net\/yan302\/wp-json\/wp\/v2\/pages\/90\/revisions"}],"predecessor-version":[{"id":94,"href":"https:\/\/seal.transport-manager.net\/yan302\/wp-json\/wp\/v2\/pages\/90\/revisions\/94"}],"wp:attachment":[{"href":"https:\/\/seal.transport-manager.net\/yan302\/wp-json\/wp\/v2\/media?parent=90"}],"curies":[{"name":"wp","href":"https:\/\/api.w.org\/{rel}","templated":true}]}}