{"id":98,"date":"2022-01-02T01:44:29","date_gmt":"2022-01-02T00:44:29","guid":{"rendered":"https:\/\/seal.transport-manager.net\/yan302\/?page_id=98"},"modified":"2022-01-26T19:45:59","modified_gmt":"2022-01-26T18:45:59","slug":"notre-reseau","status":"publish","type":"page","link":"https:\/\/seal.transport-manager.net\/yan302\/notre-reseau\/","title":{"rendered":"Plans"},"content":{"rendered":"\n<h2 class=\"wp-block-heading\">R\u00e9seau urbain<\/h2>\n\n\n\n<div class=\"wp-block-image\"><figure class=\"aligncenter size-large\"><a href=\"https:\/\/transport-manager.net\/assets\/img\/lignes\/Plan_N4.png\" target=\"_blank\" rel=\"noopener\"><img decoding=\"async\" src=\"https:\/\/transport-manager.net\/assets\/img\/lignes\/Plan_N4.png\" alt=\"\" \/><\/a><\/figure><\/div>\n\n\n\n<h2 class=\"wp-block-heading\">R\u00e9seau suburbain<\/h2>\n\n\n\n<div class=\"wp-block-image\"><figure class=\"aligncenter size-large is-resized\"><a href=\"https:\/\/transport-manager.net\/assets\/img\/lignes\/Plan_N4_suburbain.png\" target=\"_blank\" rel=\"noopener\"><img loading=\"lazy\" decoding=\"async\" src=\"https:\/\/transport-manager.net\/assets\/img\/lignes\/Plan_N4_suburbain.png\" alt=\"\" width=\"1216\" height=\"808\" \/><\/a><\/figure><\/div>\n\n\n\n<h2 class=\"wp-block-heading\">R\u00e9seau interurbain<\/h2>\n\n\n\n<div class=\"wp-block-image\"><figure class=\"aligncenter size-large\"><a href=\"https:\/\/transport-manager.net\/assets\/img\/lignes\/Plan_N4_interurbain.png\" target=\"_blank\" rel=\"noopener\"><img decoding=\"async\" src=\"https:\/\/transport-manager.net\/assets\/img\/lignes\/Plan_N4_interurbain.png\" alt=\"\" \/><\/a><\/figure><\/div>\n","protected":false},"excerpt":{"rendered":"<p>R\u00e9seau urbain R\u00e9seau suburbain R\u00e9seau interurbain<\/p>\n","protected":false},"author":44,"featured_media":0,"parent":0,"menu_order":0,"comment_status":"closed","ping_status":"closed","template":"","meta":{"footnotes":""},"class_list":["post-98","page","type-page","status-publish","hentry"],"_links":{"self":[{"href":"https:\/\/seal.transport-manager.net\/yan302\/wp-json\/wp\/v2\/pages\/98","targetHints":{"allow":["GET"]}}],"collection":[{"href":"https:\/\/seal.transport-manager.net\/yan302\/wp-json\/wp\/v2\/pages"}],"about":[{"href":"https:\/\/seal.transport-manager.net\/yan302\/wp-json\/wp\/v2\/types\/page"}],"author":[{"embeddable":true,"href":"https:\/\/seal.transport-manager.net\/yan302\/wp-json\/wp\/v2\/users\/44"}],"replies":[{"embeddable":true,"href":"https:\/\/seal.transport-manager.net\/yan302\/wp-json\/wp\/v2\/comments?post=98"}],"version-history":[{"count":4,"href":"https:\/\/seal.transport-manager.net\/yan302\/wp-json\/wp\/v2\/pages\/98\/revisions"}],"predecessor-version":[{"id":336,"href":"https:\/\/seal.transport-manager.net\/yan302\/wp-json\/wp\/v2\/pages\/98\/revisions\/336"}],"wp:attachment":[{"href":"https:\/\/seal.transport-manager.net\/yan302\/wp-json\/wp\/v2\/media?parent=98"}],"curies":[{"name":"wp","href":"https:\/\/api.w.org\/{rel}","templated":true}]}}