{"id":107,"date":"2021-11-06T11:44:11","date_gmt":"2021-11-06T10:44:11","guid":{"rendered":"https:\/\/seal.transport-manager.net\/youyou921\/?page_id=107"},"modified":"2022-08-28T19:51:12","modified_gmt":"2022-08-28T17:51:12","slug":"vos-titres-et-abonnements","status":"publish","type":"page","link":"https:\/\/seal.transport-manager.net\/youyou921\/vos-titres-et-abonnements\/","title":{"rendered":"Vos Titres et Abonnements"},"content":{"rendered":"\n<p><mark style=\"color:#cce269\" class=\"has-inline-color\">Voici les titres de transport et les abonnements propos\u00e9s par la M\u00e9tropole (ATTENTION, LA VALIDATION EST OBLIGATOIRE SUR NOTRE RESEAU)<\/mark><\/p>\n\n\n\n<div class=\"wp-block-columns is-layout-flex wp-container-core-columns-is-layout-9d6595d7 wp-block-columns-is-layout-flex\">\n<div class=\"wp-block-column is-layout-flow wp-block-column-is-layout-flow\" style=\"flex-basis:100%\">\n<div class=\"wp-block-columns is-layout-flex wp-container-core-columns-is-layout-9d6595d7 wp-block-columns-is-layout-flex\">\n<div class=\"wp-block-column is-layout-flow wp-block-column-is-layout-flow\" style=\"flex-basis:100%\">\n<figure class=\"wp-block-table is-style-stripes\"><table class=\"has-fixed-layout\"><tbody><tr><td>Offres commerciales<\/td><td>Tarifs<\/td><td>Points de vente<\/td><td>Acc\u00e8s<\/td><\/tr><tr><td>One&rsquo;Pass<\/td><td>1.80\u20ac<\/td><td>A bord des bus <\/td><td>Pendant 1 heure <\/td><\/tr><tr><td>Day&rsquo;Pass<\/td><td>5.00\u20ac<\/td><td>A bord des bus<\/td><td>Pendant 1 journ\u00e9e<\/td><\/tr><\/tbody><\/table><\/figure>\n<\/div>\n<\/div>\n\n\n\n<p><\/p>\n<\/div>\n<\/div>\n","protected":false},"excerpt":{"rendered":"<p>Voici les titres de transport et les abonnements propos\u00e9s par la M\u00e9tropole (ATTENTION, LA VALIDATION EST OBLIGATOIRE SUR NOTRE RESEAU) Offres commerciales Tarifs Points de vente Acc\u00e8s One&rsquo;Pass 1.80\u20ac A&hellip;&nbsp;<a href=\"https:\/\/seal.transport-manager.net\/youyou921\/vos-titres-et-abonnements\/\" rel=\"bookmark\">Lire la suite &raquo;<span class=\"screen-reader-text\">Vos Titres et Abonnements<\/span><\/a><\/p>\n","protected":false},"author":124,"featured_media":0,"parent":0,"menu_order":0,"comment_status":"closed","ping_status":"closed","template":"","meta":{"neve_meta_sidebar":"","neve_meta_container":"","neve_meta_enable_content_width":"","neve_meta_content_width":0,"neve_meta_title_alignment":"","neve_meta_author_avatar":"","neve_post_elements_order":"","neve_meta_disable_header":"","neve_meta_disable_footer":"","neve_meta_disable_title":"","footnotes":""},"class_list":["post-107","page","type-page","status-publish","hentry"],"_links":{"self":[{"href":"https:\/\/seal.transport-manager.net\/youyou921\/wp-json\/wp\/v2\/pages\/107","targetHints":{"allow":["GET"]}}],"collection":[{"href":"https:\/\/seal.transport-manager.net\/youyou921\/wp-json\/wp\/v2\/pages"}],"about":[{"href":"https:\/\/seal.transport-manager.net\/youyou921\/wp-json\/wp\/v2\/types\/page"}],"author":[{"embeddable":true,"href":"https:\/\/seal.transport-manager.net\/youyou921\/wp-json\/wp\/v2\/users\/124"}],"replies":[{"embeddable":true,"href":"https:\/\/seal.transport-manager.net\/youyou921\/wp-json\/wp\/v2\/comments?post=107"}],"version-history":[{"count":4,"href":"https:\/\/seal.transport-manager.net\/youyou921\/wp-json\/wp\/v2\/pages\/107\/revisions"}],"predecessor-version":[{"id":315,"href":"https:\/\/seal.transport-manager.net\/youyou921\/wp-json\/wp\/v2\/pages\/107\/revisions\/315"}],"wp:attachment":[{"href":"https:\/\/seal.transport-manager.net\/youyou921\/wp-json\/wp\/v2\/media?parent=107"}],"curies":[{"name":"wp","href":"https:\/\/api.w.org\/{rel}","templated":true}]}}