{"id":168,"date":"2021-11-15T09:34:00","date_gmt":"2021-11-15T08:34:00","guid":{"rendered":"https:\/\/seal.transport-manager.net\/youyou921\/?page_id=168"},"modified":"2022-03-05T09:35:14","modified_gmt":"2022-03-05T08:35:14","slug":"plan-des-poles-dechanges-metropolitains","status":"publish","type":"page","link":"https:\/\/seal.transport-manager.net\/youyou921\/plan-des-poles-dechanges-metropolitains\/","title":{"rendered":"Plan des Poles d&rsquo;\u00e9changes M\u00e9tropolitains"},"content":{"rendered":"\n<p>P\u00f4le d&rsquo;Echanges Atlantis-Centre (\u00e0 partir de d\u00e9cembre 2021)<\/p>\n\n\n\n<figure class=\"wp-block-image size-large\"><img loading=\"lazy\" decoding=\"async\" width=\"1024\" height=\"734\" src=\"https:\/\/seal.transport-manager.net\/youyou921\/wp-content\/uploads\/sites\/124\/2022\/03\/Plan-du-Pole-dEchanges-dAtlantis-Centre--1024x734.png\" alt=\"\" class=\"wp-image-301\" srcset=\"https:\/\/seal.transport-manager.net\/youyou921\/wp-content\/uploads\/sites\/124\/2022\/03\/Plan-du-Pole-dEchanges-dAtlantis-Centre--1024x734.png 1024w, https:\/\/seal.transport-manager.net\/youyou921\/wp-content\/uploads\/sites\/124\/2022\/03\/Plan-du-Pole-dEchanges-dAtlantis-Centre--300x215.png 300w, https:\/\/seal.transport-manager.net\/youyou921\/wp-content\/uploads\/sites\/124\/2022\/03\/Plan-du-Pole-dEchanges-dAtlantis-Centre--768x551.png 768w, https:\/\/seal.transport-manager.net\/youyou921\/wp-content\/uploads\/sites\/124\/2022\/03\/Plan-du-Pole-dEchanges-dAtlantis-Centre--1536x1101.png 1536w, https:\/\/seal.transport-manager.net\/youyou921\/wp-content\/uploads\/sites\/124\/2022\/03\/Plan-du-Pole-dEchanges-dAtlantis-Centre-.png 1951w\" sizes=\"auto, (max-width: 1024px) 100vw, 1024px\" \/><\/figure>\n\n\n\n<p>P\u00f4le d&rsquo;Echanges A\u00e9roport<\/p>\n\n\n\n<p><\/p>\n","protected":false},"excerpt":{"rendered":"<p>P\u00f4le d&rsquo;Echanges Atlantis-Centre (\u00e0 partir de d\u00e9cembre 2021) P\u00f4le d&rsquo;Echanges A\u00e9roport<\/p>\n","protected":false},"author":124,"featured_media":0,"parent":0,"menu_order":0,"comment_status":"closed","ping_status":"closed","template":"","meta":{"neve_meta_sidebar":"","neve_meta_container":"","neve_meta_enable_content_width":"","neve_meta_content_width":0,"neve_meta_title_alignment":"","neve_meta_author_avatar":"","neve_post_elements_order":"","neve_meta_disable_header":"","neve_meta_disable_footer":"","neve_meta_disable_title":"","footnotes":""},"class_list":["post-168","page","type-page","status-publish","hentry"],"_links":{"self":[{"href":"https:\/\/seal.transport-manager.net\/youyou921\/wp-json\/wp\/v2\/pages\/168","targetHints":{"allow":["GET"]}}],"collection":[{"href":"https:\/\/seal.transport-manager.net\/youyou921\/wp-json\/wp\/v2\/pages"}],"about":[{"href":"https:\/\/seal.transport-manager.net\/youyou921\/wp-json\/wp\/v2\/types\/page"}],"author":[{"embeddable":true,"href":"https:\/\/seal.transport-manager.net\/youyou921\/wp-json\/wp\/v2\/users\/124"}],"replies":[{"embeddable":true,"href":"https:\/\/seal.transport-manager.net\/youyou921\/wp-json\/wp\/v2\/comments?post=168"}],"version-history":[{"count":2,"href":"https:\/\/seal.transport-manager.net\/youyou921\/wp-json\/wp\/v2\/pages\/168\/revisions"}],"predecessor-version":[{"id":302,"href":"https:\/\/seal.transport-manager.net\/youyou921\/wp-json\/wp\/v2\/pages\/168\/revisions\/302"}],"wp:attachment":[{"href":"https:\/\/seal.transport-manager.net\/youyou921\/wp-json\/wp\/v2\/media?parent=168"}],"curies":[{"name":"wp","href":"https:\/\/api.w.org\/{rel}","templated":true}]}}