{"id":1169,"date":"2023-08-06T21:12:01","date_gmt":"2023-08-06T19:12:01","guid":{"rendered":"https:\/\/seal.transport-manager.net\/z50000_262l\/?page_id=1169"},"modified":"2026-04-03T18:14:29","modified_gmt":"2026-04-03T16:14:29","slug":"se-deplacer","status":"publish","type":"page","link":"https:\/\/seal.transport-manager.net\/z50000_262l\/se-deplacer\/","title":{"rendered":"Se d\u00e9placer"},"content":{"rendered":"\n<p> <a href=\"https:\/\/seal.transport-manager.net\/z50000_262l\/horaires-dhiver\/\" data-type=\"URL\" data-id=\"https:\/\/seal.transport-manager.net\/z50000_262l\/horaires-dhiver\/\">Vos horaires d&rsquo;hiver<\/a><\/p>\n\n\n\n<p><a href=\"https:\/\/seal.transport-manager.net\/z50000_262l\/horaires-dete\/\" data-type=\"URL\" data-id=\"https:\/\/seal.transport-manager.net\/z50000_262l\/horaires-dete\/\">Vos horaires d&rsquo;\u00e9t\u00e9<\/a><\/p>\n\n\n\n<p><a href=\"https:\/\/seal.transport-manager.net\/z50000_262l\/plan-du-reseau\/\" data-type=\"URL\" data-id=\"https:\/\/seal.transport-manager.net\/z50000_262l\/plan-du-reseau\/\">Plan du r\u00e9seau<\/a><\/p>\n","protected":false},"excerpt":{"rendered":"<p>Vos horaires d&rsquo;hiver Vos horaires d&rsquo;\u00e9t\u00e9 Plan du r\u00e9seau<\/p>\n","protected":false},"author":29,"featured_media":0,"parent":0,"menu_order":0,"comment_status":"closed","ping_status":"closed","template":"","meta":{"footnotes":""},"class_list":["post-1169","page","type-page","status-publish","hentry"],"_links":{"self":[{"href":"https:\/\/seal.transport-manager.net\/z50000_262l\/wp-json\/wp\/v2\/pages\/1169","targetHints":{"allow":["GET"]}}],"collection":[{"href":"https:\/\/seal.transport-manager.net\/z50000_262l\/wp-json\/wp\/v2\/pages"}],"about":[{"href":"https:\/\/seal.transport-manager.net\/z50000_262l\/wp-json\/wp\/v2\/types\/page"}],"author":[{"embeddable":true,"href":"https:\/\/seal.transport-manager.net\/z50000_262l\/wp-json\/wp\/v2\/users\/29"}],"replies":[{"embeddable":true,"href":"https:\/\/seal.transport-manager.net\/z50000_262l\/wp-json\/wp\/v2\/comments?post=1169"}],"version-history":[{"count":7,"href":"https:\/\/seal.transport-manager.net\/z50000_262l\/wp-json\/wp\/v2\/pages\/1169\/revisions"}],"predecessor-version":[{"id":2343,"href":"https:\/\/seal.transport-manager.net\/z50000_262l\/wp-json\/wp\/v2\/pages\/1169\/revisions\/2343"}],"wp:attachment":[{"href":"https:\/\/seal.transport-manager.net\/z50000_262l\/wp-json\/wp\/v2\/media?parent=1169"}],"curies":[{"name":"wp","href":"https:\/\/api.w.org\/{rel}","templated":true}]}}