{"id":1530,"date":"2024-06-11T15:12:09","date_gmt":"2024-06-11T13:12:09","guid":{"rendered":"https:\/\/seal.transport-manager.net\/z50000_262l\/?page_id=1530"},"modified":"2024-06-26T15:31:10","modified_gmt":"2024-06-26T13:31:10","slug":"se-rendre-a-la-licorne-arena","status":"publish","type":"page","link":"https:\/\/seal.transport-manager.net\/z50000_262l\/se-rendre-a-la-licorne-arena\/","title":{"rendered":"Se rendre \u00e0 La Licorne Arena"},"content":{"rendered":"\n<figure class=\"wp-block-image size-full is-resized\"><img loading=\"lazy\" decoding=\"async\" width=\"354\" height=\"236\" src=\"https:\/\/seal.transport-manager.net\/z50000_262l\/wp-content\/uploads\/sites\/29\/2024\/06\/licorne_arena.png\" alt=\"\" class=\"wp-image-1531\" style=\"width:705px;height:auto\" srcset=\"https:\/\/seal.transport-manager.net\/z50000_262l\/wp-content\/uploads\/sites\/29\/2024\/06\/licorne_arena.png 354w, https:\/\/seal.transport-manager.net\/z50000_262l\/wp-content\/uploads\/sites\/29\/2024\/06\/licorne_arena-300x200.png 300w\" sizes=\"auto, (max-width: 354px) 100vw, 354px\" \/><\/figure>\n\n\n\n<p>Inaugur\u00e9e le 9 juin 2024 et construite sur la friche de l&rsquo;ancien entrep\u00f4t de charbon, la Licorne Arena accueille de nombreux \u00e9v\u00e8nements sportifs et concerts. Celle-ci est \u00e9galement accessible en transports en commun puisque les lignes 7 et 13  desservent la Licorne Arena avec l&rsquo;arr\u00eat \u00abArena\u00bb.<\/p>\n\n\n\n<figure class=\"wp-block-image size-large\"><img loading=\"lazy\" decoding=\"async\" width=\"1024\" height=\"478\" src=\"https:\/\/seal.transport-manager.net\/z50000_262l\/wp-content\/uploads\/sites\/29\/2024\/06\/ligne7-1024x478.png\" alt=\"\" class=\"wp-image-1526\" srcset=\"https:\/\/seal.transport-manager.net\/z50000_262l\/wp-content\/uploads\/sites\/29\/2024\/06\/ligne7-1024x478.png 1024w, https:\/\/seal.transport-manager.net\/z50000_262l\/wp-content\/uploads\/sites\/29\/2024\/06\/ligne7-300x140.png 300w, https:\/\/seal.transport-manager.net\/z50000_262l\/wp-content\/uploads\/sites\/29\/2024\/06\/ligne7-768x358.png 768w, https:\/\/seal.transport-manager.net\/z50000_262l\/wp-content\/uploads\/sites\/29\/2024\/06\/ligne7-1536x717.png 1536w, https:\/\/seal.transport-manager.net\/z50000_262l\/wp-content\/uploads\/sites\/29\/2024\/06\/ligne7-1200x560.png 1200w, https:\/\/seal.transport-manager.net\/z50000_262l\/wp-content\/uploads\/sites\/29\/2024\/06\/ligne7.png 1716w\" sizes=\"auto, (max-width: 1024px) 100vw, 1024px\" \/><\/figure>\n\n\n\n<figure class=\"wp-block-image size-large\"><img decoding=\"async\" src=\"https:\/\/seal.transport-manager.net\/z50000_262l\/wp-content\/uploads\/sites\/29\/2024\/06\/ligne13-1024x543.png\" alt=\"\" class=\"wp-image-1527\" \/><\/figure>\n\n\n\n<p>De plus, lors d&rsquo;\u00e9v\u00e8nements importants, la ligne 713 vient renforcer la desserte existante, pour \u00e9viter la surcharge des lignes 7 et 13. <\/p>\n\n\n\n<p class=\"has-text-color has-link-color wp-elements-91e266ffe552978731370696800d0a40\" style=\"color:#dc241f\"><strong>Celle-ci est mise en place sur la demande de la Licorne Arena et ne circule pas tous les jours.<\/strong><\/p>\n\n\n\n<figure class=\"wp-block-image size-large\"><img loading=\"lazy\" decoding=\"async\" width=\"1024\" height=\"574\" src=\"https:\/\/seal.transport-manager.net\/z50000_262l\/wp-content\/uploads\/sites\/29\/2024\/06\/ligne713-1024x574.png\" alt=\"\" class=\"wp-image-1528\" srcset=\"https:\/\/seal.transport-manager.net\/z50000_262l\/wp-content\/uploads\/sites\/29\/2024\/06\/ligne713-1024x574.png 1024w, https:\/\/seal.transport-manager.net\/z50000_262l\/wp-content\/uploads\/sites\/29\/2024\/06\/ligne713-300x168.png 300w, https:\/\/seal.transport-manager.net\/z50000_262l\/wp-content\/uploads\/sites\/29\/2024\/06\/ligne713-768x430.png 768w, https:\/\/seal.transport-manager.net\/z50000_262l\/wp-content\/uploads\/sites\/29\/2024\/06\/ligne713-1200x672.png 1200w, https:\/\/seal.transport-manager.net\/z50000_262l\/wp-content\/uploads\/sites\/29\/2024\/06\/ligne713.png 1496w\" sizes=\"auto, (max-width: 1024px) 100vw, 1024px\" \/><\/figure>\n\n\n\n<p>Prochaine date d&rsquo;activation de la ligne : Jeudi 27 Juin 2024<\/p>\n\n\n\n<div class=\"wp-block-file\"><a id=\"wp-block-file--media-5fadd9bb-b39f-42a0-9370-6c7f584612c8\" href=\"https:\/\/seal.transport-manager.net\/z50000_262l\/wp-content\/uploads\/sites\/29\/2024\/06\/713_27juin2024.pdf\" target=\"_blank\" rel=\"noreferrer noopener\">713_27juin2024<\/a><a href=\"https:\/\/seal.transport-manager.net\/z50000_262l\/wp-content\/uploads\/sites\/29\/2024\/06\/713_27juin2024.pdf\" class=\"wp-block-file__button wp-element-button\" download aria-describedby=\"wp-block-file--media-5fadd9bb-b39f-42a0-9370-6c7f584612c8\">T\u00e9l\u00e9charger<\/a><\/div>\n","protected":false},"excerpt":{"rendered":"<p>Inaugur\u00e9e le 9 juin 2024 et construite sur la friche de l&rsquo;ancien entrep\u00f4t de charbon, la Licorne Arena accueille de nombreux \u00e9v\u00e8nements sportifs et concerts. Celle-ci est \u00e9galement accessible en [&hellip;]<\/p>\n","protected":false},"author":29,"featured_media":0,"parent":0,"menu_order":0,"comment_status":"closed","ping_status":"closed","template":"","meta":{"footnotes":""},"class_list":["post-1530","page","type-page","status-publish","hentry"],"_links":{"self":[{"href":"https:\/\/seal.transport-manager.net\/z50000_262l\/wp-json\/wp\/v2\/pages\/1530","targetHints":{"allow":["GET"]}}],"collection":[{"href":"https:\/\/seal.transport-manager.net\/z50000_262l\/wp-json\/wp\/v2\/pages"}],"about":[{"href":"https:\/\/seal.transport-manager.net\/z50000_262l\/wp-json\/wp\/v2\/types\/page"}],"author":[{"embeddable":true,"href":"https:\/\/seal.transport-manager.net\/z50000_262l\/wp-json\/wp\/v2\/users\/29"}],"replies":[{"embeddable":true,"href":"https:\/\/seal.transport-manager.net\/z50000_262l\/wp-json\/wp\/v2\/comments?post=1530"}],"version-history":[{"count":3,"href":"https:\/\/seal.transport-manager.net\/z50000_262l\/wp-json\/wp\/v2\/pages\/1530\/revisions"}],"predecessor-version":[{"id":1562,"href":"https:\/\/seal.transport-manager.net\/z50000_262l\/wp-json\/wp\/v2\/pages\/1530\/revisions\/1562"}],"wp:attachment":[{"href":"https:\/\/seal.transport-manager.net\/z50000_262l\/wp-json\/wp\/v2\/media?parent=1530"}],"curies":[{"name":"wp","href":"https:\/\/api.w.org\/{rel}","templated":true}]}}