{"id":1787,"date":"2024-11-26T10:59:19","date_gmt":"2024-11-26T09:59:19","guid":{"rendered":"https:\/\/seal.transport-manager.net\/z50000_262l\/?page_id=1787"},"modified":"2025-12-03T19:30:34","modified_gmt":"2025-12-03T18:30:34","slug":"tramway-t1","status":"publish","type":"page","link":"https:\/\/seal.transport-manager.net\/z50000_262l\/tramway-t1\/","title":{"rendered":"Tramway T1"},"content":{"rendered":"\n<p class=\"has-text-align-center has-text-color has-background has-link-color wp-elements-8bb986672ad7e3dddfe6b8de2d8f9b6b\" style=\"color:#ffffff;background-color:#dc241f\"><strong>Ligne de Tramway T1 : H\u00f4tel de Police \u2194 Clinique Saint-Paul<\/strong><\/p>\n\n\n\n<figure class=\"wp-block-image size-large\"><img loading=\"lazy\" decoding=\"async\" width=\"1024\" height=\"576\" src=\"https:\/\/seal.transport-manager.net\/z50000_262l\/wp-content\/uploads\/sites\/29\/2025\/04\/LigneT1-1024x576.png\" alt=\"\" class=\"wp-image-1984\" srcset=\"https:\/\/seal.transport-manager.net\/z50000_262l\/wp-content\/uploads\/sites\/29\/2025\/04\/LigneT1-1024x576.png 1024w, https:\/\/seal.transport-manager.net\/z50000_262l\/wp-content\/uploads\/sites\/29\/2025\/04\/LigneT1-300x169.png 300w, https:\/\/seal.transport-manager.net\/z50000_262l\/wp-content\/uploads\/sites\/29\/2025\/04\/LigneT1-768x432.png 768w, https:\/\/seal.transport-manager.net\/z50000_262l\/wp-content\/uploads\/sites\/29\/2025\/04\/LigneT1-1200x675.png 1200w, https:\/\/seal.transport-manager.net\/z50000_262l\/wp-content\/uploads\/sites\/29\/2025\/04\/LigneT1.png 1293w\" sizes=\"auto, (max-width: 1024px) 100vw, 1024px\" \/><figcaption class=\"wp-element-caption\">Ligne T1 \u00e0 partir du 22 avril 2025<\/figcaption><\/figure>\n\n\n\n<p>Horaires de la ligne (au 22 avril 2025)<\/p>\n\n\n\n<p>P\u00e9riode scolaire<\/p>\n\n\n\n<p>Du lundi au vendredi<\/p>\n\n\n\n<figure class=\"wp-block-table\"><table class=\"has-fixed-layout\"><tbody><tr><td>Moment de la journ\u00e9e<\/td><td>Fr\u00e9quence de passage<\/td><\/tr><tr><td>5h30 &#8211; 6h30<\/td><td>8 minutes<\/td><\/tr><tr><td>6h30 &#8211; 9h30<\/td><td>6 minutes<\/td><\/tr><tr><td>9h30 &#8211; 16h30<\/td><td>8 minutes<\/td><\/tr><tr><td>16h30 &#8211; 19h30<\/td><td>6 minutes<\/td><\/tr><tr><td>19h30 &#8211; 20h30<\/td><td>8 minutes<\/td><\/tr><tr><td>20h30 &#8211; 0h30<\/td><td>14 minutes<\/td><\/tr><\/tbody><\/table><\/figure>\n\n\n\n<figure class=\"wp-block-table\"><table class=\"has-fixed-layout\"><tbody><tr><td>Au d\u00e9part de :<\/td><td>Premier d\u00e9part<\/td><td>Dernier d\u00e9part<\/td><\/tr><tr><td>A\u00e9roport Vaur\u00e9al Confluence<\/td><td>05h28<\/td><td>00h28<\/td><\/tr><tr><td>Clinique Saint-Paul<\/td><td>05h28<\/td><td>00h35<\/td><\/tr><\/tbody><\/table><\/figure>\n\n\n\n<p>Le Samedi<\/p>\n\n\n\n<figure class=\"wp-block-table\"><table class=\"has-fixed-layout\"><tbody><tr><td>Moment de la journ\u00e9e<\/td><td>Fr\u00e9quence de passage<\/td><\/tr><tr><td>5h30 &#8211; 10h<\/td><td>10 minutes<\/td><\/tr><tr><td>10h &#8211; 19h<\/td><td>7 minutes 30<\/td><\/tr><tr><td>19h &#8211; 20h30<\/td><td>10 minutes<\/td><\/tr><tr><td>20h30 &#8211; 0h30<\/td><td>14 minutes<\/td><\/tr><\/tbody><\/table><\/figure>\n\n\n\n<figure class=\"wp-block-table\"><table class=\"has-fixed-layout\"><tbody><tr><td>Au d\u00e9part de :<\/td><td>Premier d\u00e9part<\/td><td>Dernier d\u00e9part<\/td><\/tr><tr><td>A\u00e9roport Vaur\u00e9al Confluence<\/td><td>05h30<\/td><td>00h28<\/td><\/tr><tr><td>Clinique Saint-Paul<\/td><td>05h30<\/td><td>00h35<\/td><\/tr><\/tbody><\/table><\/figure>\n\n\n\n<p>Les dimanches et jours f\u00e9ri\u00e9s<\/p>\n\n\n\n<figure class=\"wp-block-table\"><table class=\"has-fixed-layout\"><tbody><tr><td>Moment de la journ\u00e9e<\/td><td>Fr\u00e9quence de passage<\/td><\/tr><tr><td>6h &#8211; 10h<\/td><td>14 minutes<\/td><\/tr><tr><td>10h &#8211; 19h<\/td><td>11 minutes<\/td><\/tr><tr><td>19h &#8211; 13h<\/td><td>14 minutes<\/td><\/tr><\/tbody><\/table><\/figure>\n\n\n\n<figure class=\"wp-block-table\"><table class=\"has-fixed-layout\"><tbody><tr><td>Au d\u00e9part de :<\/td><td>Premier d\u00e9part<\/td><td>Dernier d\u00e9part<\/td><\/tr><tr><td>A\u00e9roport Vaur\u00e9al Confluence<\/td><td>06h00<\/td><td>22h28<\/td><\/tr><tr><td>Clinique Saint-Paul<\/td><td>06h07<\/td><td>22h35<\/td><\/tr><\/tbody><\/table><\/figure>\n\n\n\n<p>Vacances Scolaires<\/p>\n\n\n\n<p>Du lundi au vendredi<\/p>\n\n\n\n<figure class=\"wp-block-table\"><table class=\"has-fixed-layout\"><tbody><tr><td>Moment de la journ\u00e9e<\/td><td>Fr\u00e9quence de passage<\/td><\/tr><tr><td>5h30 &#8211; 6h30<\/td><td>10 minutes<\/td><\/tr><tr><td>6h30 &#8211; 9h30<\/td><td>7 minutes<\/td><\/tr><tr><td>9h30 &#8211; 16h30<\/td><td>10 minutes<\/td><\/tr><tr><td>16h30 &#8211; 19h30<\/td><td>7 minutes<\/td><\/tr><tr><td>19h30 &#8211; 20h30<\/td><td>10 minutes<\/td><\/tr><tr><td>20h30 &#8211; 0h30<\/td><td>14 minutes<\/td><\/tr><\/tbody><\/table><\/figure>\n\n\n\n<figure class=\"wp-block-table\"><table class=\"has-fixed-layout\"><tbody><tr><td>Au d\u00e9part de :<\/td><td>Premier d\u00e9part<\/td><td>Dernier d\u00e9part<\/td><\/tr><tr><td>A\u00e9roport Vaur\u00e9al Confluence<\/td><td>05h30<\/td><td>00h28<\/td><\/tr><tr><td>Clinique Saint-Paul<\/td><td>05h30<\/td><td>00h35<\/td><\/tr><\/tbody><\/table><\/figure>\n\n\n\n<p>Le Samedi<\/p>\n\n\n\n<figure class=\"wp-block-table\"><table class=\"has-fixed-layout\"><tbody><tr><td>Moment de la journ\u00e9e<\/td><td>Fr\u00e9quence de passage<\/td><\/tr><tr><td>5h30 &#8211; 10h<\/td><td>11 minutes<\/td><\/tr><tr><td>10h &#8211; 19h<\/td><td>9 minutes<\/td><\/tr><tr><td>19h &#8211; 20h30<\/td><td>11 minutes<\/td><\/tr><tr><td>20h30 &#8211; 0h30<\/td><td>14 minutes<\/td><\/tr><\/tbody><\/table><\/figure>\n\n\n\n<figure class=\"wp-block-table\"><table class=\"has-fixed-layout\"><tbody><tr><td>Au d\u00e9part de :<\/td><td>Premier d\u00e9part<\/td><td>Dernier d\u00e9part<\/td><\/tr><tr><td>A\u00e9roport Vaur\u00e9al Confluence<\/td><td>05h27<\/td><td>00h28<\/td><\/tr><tr><td>Clinique Saint-Paul<\/td><td>05h32<\/td><td>00h35<\/td><\/tr><\/tbody><\/table><\/figure>\n\n\n\n<p>Les dimanches et jours f\u00e9ri\u00e9s<\/p>\n\n\n\n<figure class=\"wp-block-table\"><table class=\"has-fixed-layout\"><tbody><tr><td>Moment de la journ\u00e9e<\/td><td>Fr\u00e9quence de passage<\/td><\/tr><tr><td>6h &#8211; 10h<\/td><td>16 minutes<\/td><\/tr><tr><td>10h &#8211; 19h<\/td><td>12 minutes<\/td><\/tr><tr><td>19h &#8211; 13h<\/td><td>16 minutes<\/td><\/tr><\/tbody><\/table><\/figure>\n\n\n\n<figure class=\"wp-block-table\"><table class=\"has-fixed-layout\"><tbody><tr><td>Au d\u00e9part de :<\/td><td>Premier d\u00e9part<\/td><td>Dernier d\u00e9part<\/td><\/tr><tr><td>A\u00e9roport Vaur\u00e9al Confluence<\/td><td>06h00<\/td><td>22h32<\/td><\/tr><tr><td>Clinique Saint-Paul<\/td><td>06h00<\/td><td>22h32<\/td><\/tr><\/tbody><\/table><\/figure>\n\n\n\n<p><\/p>\n","protected":false},"excerpt":{"rendered":"<p>Ligne de Tramway T1 : H\u00f4tel de Police \u2194 Clinique Saint-Paul Horaires de la ligne (au 22 avril 2025) P\u00e9riode scolaire Du lundi au vendredi Moment de la journ\u00e9e Fr\u00e9quence [&hellip;]<\/p>\n","protected":false},"author":29,"featured_media":0,"parent":0,"menu_order":0,"comment_status":"closed","ping_status":"closed","template":"","meta":{"footnotes":""},"class_list":["post-1787","page","type-page","status-publish","hentry"],"_links":{"self":[{"href":"https:\/\/seal.transport-manager.net\/z50000_262l\/wp-json\/wp\/v2\/pages\/1787","targetHints":{"allow":["GET"]}}],"collection":[{"href":"https:\/\/seal.transport-manager.net\/z50000_262l\/wp-json\/wp\/v2\/pages"}],"about":[{"href":"https:\/\/seal.transport-manager.net\/z50000_262l\/wp-json\/wp\/v2\/types\/page"}],"author":[{"embeddable":true,"href":"https:\/\/seal.transport-manager.net\/z50000_262l\/wp-json\/wp\/v2\/users\/29"}],"replies":[{"embeddable":true,"href":"https:\/\/seal.transport-manager.net\/z50000_262l\/wp-json\/wp\/v2\/comments?post=1787"}],"version-history":[{"count":9,"href":"https:\/\/seal.transport-manager.net\/z50000_262l\/wp-json\/wp\/v2\/pages\/1787\/revisions"}],"predecessor-version":[{"id":2231,"href":"https:\/\/seal.transport-manager.net\/z50000_262l\/wp-json\/wp\/v2\/pages\/1787\/revisions\/2231"}],"wp:attachment":[{"href":"https:\/\/seal.transport-manager.net\/z50000_262l\/wp-json\/wp\/v2\/media?parent=1787"}],"curies":[{"name":"wp","href":"https:\/\/api.w.org\/{rel}","templated":true}]}}