{"id":19,"date":"2021-10-02T15:24:47","date_gmt":"2021-10-02T13:24:47","guid":{"rendered":"https:\/\/seal.transport-manager.net\/z50000262l\/?page_id=19"},"modified":"2026-03-04T23:37:00","modified_gmt":"2026-03-04T22:37:00","slug":"plan-du-reseau","status":"publish","type":"page","link":"https:\/\/seal.transport-manager.net\/z50000_262l\/plan-du-reseau\/","title":{"rendered":"Plan du r\u00e9seau"},"content":{"rendered":"\n<p>Retrouvez ci-dessous, le plan du r\u00e9seau \u00e0 t\u00e9l\u00e9charger en PDF \u2193.<\/p>\n\n\n\n<p>Lien : <a href=\"https:\/\/drive.google.com\/file\/d\/1MAhK7yA2L5YgoU3CWr-ba279v2G46yAk\/view?usp=drive_link\" data-type=\"link\" data-id=\"https:\/\/drive.google.com\/file\/d\/1MAhK7yA2L5YgoU3CWr-ba279v2G46yAk\/view?usp=drive_link\" target=\"_blank\" rel=\"noreferrer noopener\">Plan du r\u00e9seau<\/a><\/p>\n\n\n\n<p>Attention certaines lignes ne sont pas exploit\u00e9es par Simpli&rsquo;Cit\u00e9 Vaur\u00e9al<\/p>\n\n\n\n<ul class=\"wp-block-list\">\n<li>Lignes 81 et 82 : exploit\u00e9es par RTA Confluence de Murrin et Osilon<\/li>\n\n\n\n<li>Lignes 51, 52, 53, 100, 301, 302 et 303 : exploit\u00e9es par RTA Grand Arronay<\/li>\n<\/ul>\n\n\n\n<p>RTA = R\u00e9gie des Transports d&rsquo;Arronay<\/p>\n","protected":false},"excerpt":{"rendered":"<p>Retrouvez ci-dessous, le plan du r\u00e9seau \u00e0 t\u00e9l\u00e9charger en PDF \u2193. Lien : Plan du r\u00e9seau Attention certaines lignes ne sont pas exploit\u00e9es par Simpli&rsquo;Cit\u00e9 Vaur\u00e9al RTA = R\u00e9gie des [&hellip;]<\/p>\n","protected":false},"author":29,"featured_media":0,"parent":0,"menu_order":0,"comment_status":"closed","ping_status":"closed","template":"","meta":{"footnotes":""},"class_list":["post-19","page","type-page","status-publish","hentry"],"_links":{"self":[{"href":"https:\/\/seal.transport-manager.net\/z50000_262l\/wp-json\/wp\/v2\/pages\/19","targetHints":{"allow":["GET"]}}],"collection":[{"href":"https:\/\/seal.transport-manager.net\/z50000_262l\/wp-json\/wp\/v2\/pages"}],"about":[{"href":"https:\/\/seal.transport-manager.net\/z50000_262l\/wp-json\/wp\/v2\/types\/page"}],"author":[{"embeddable":true,"href":"https:\/\/seal.transport-manager.net\/z50000_262l\/wp-json\/wp\/v2\/users\/29"}],"replies":[{"embeddable":true,"href":"https:\/\/seal.transport-manager.net\/z50000_262l\/wp-json\/wp\/v2\/comments?post=19"}],"version-history":[{"count":19,"href":"https:\/\/seal.transport-manager.net\/z50000_262l\/wp-json\/wp\/v2\/pages\/19\/revisions"}],"predecessor-version":[{"id":2317,"href":"https:\/\/seal.transport-manager.net\/z50000_262l\/wp-json\/wp\/v2\/pages\/19\/revisions\/2317"}],"wp:attachment":[{"href":"https:\/\/seal.transport-manager.net\/z50000_262l\/wp-json\/wp\/v2\/media?parent=19"}],"curies":[{"name":"wp","href":"https:\/\/api.w.org\/{rel}","templated":true}]}}