{"id":2,"date":"2021-07-20T14:32:45","date_gmt":"2021-07-20T12:32:45","guid":{"rendered":"https:\/\/seal.transport-manager.net\/z50000262l\/?page_id=2"},"modified":"2026-01-07T23:01:56","modified_gmt":"2026-01-07T22:01:56","slug":"histoire-entreprise","status":"publish","type":"page","link":"https:\/\/seal.transport-manager.net\/z50000_262l\/histoire-entreprise\/","title":{"rendered":"Histoire de l&rsquo;entreprise"},"content":{"rendered":"\n<p class=\"has-text-align-center\">Vaur\u00e9al Transport a \u00e9t\u00e9 cr\u00e9e le 28 juillet 2020 afin de desservir la m\u00e9tropole de Vaur\u00e9al sur Murrin.<\/p>\n\n\n\n<p class=\"has-text-align-center\">La ligne 1 relient la gare centrale au campus Alan Turing fut alors inaugur\u00e9e ce jour-ci .<\/p>\n\n\n\n<p class=\"has-text-align-center\">Depuis la compagnie a su ouvrir 13 lignes principales (1 \u00e0 13) , 5 lignes secondaires (60 \u00e0 64) et 2 lignes de transport \u00e0 la demande (T\u00e0D) (901 et 902) \u00e0 la demande de l&rsquo;autorit\u00e9 organisatrice et dessert les principaux quartiers de la m\u00e9tropole ainsi que la desserte des gares ferroviaires de la SCPM (Soci\u00e9t\u00e9 des Chemins de Fer du Pays Murrinois)<\/p>\n\n\n\n<p class=\"has-text-align-center\">A la suite de la ligne 1 rapidement assur\u00e9e dans l&rsquo;enti\u00e8ret\u00e9 de son service , le 2 ao\u00fbt 2020 la ligne 4 est ouverte afin de relier le nord-est de la m\u00e9tropole au centre-ville . Quelques jours plus tard , le 11 ao\u00fbt 2020 c&rsquo;est au tour de la ligne 3 d&rsquo;accueillir des voyageurs reliant ainsi l&rsquo;est de la ville au centre-ville. Le 28 ao\u00fbt c&rsquo;est la ligne 2 reliant l&rsquo;a\u00e9roport , le quartier des M\u00e9sanges et le quartier de l&rsquo;Europe au centre-ville et dans un but de transition \u00e9cologique , l&rsquo;entreprise re\u00e7oit son premier v\u00e9hicule au gaz naturel le 1e septembre , celui-ci est alors mis en service sur la ligne 2 , la plus charg\u00e9e du r\u00e9seau.<\/p>\n\n\n\n<p class=\"has-text-align-center\">2021<\/p>\n\n\n\n<p class=\"has-text-align-center\">A la suite de la demande de l&rsquo;autorit\u00e9 organisatrice , nous mettons en place , la ligne 807, le 6 f\u00e9vrier 2021, afin de desservir le centre de vaccination alors l&rsquo;\u00e9pid\u00e9mie de Covid-19 ne cesse d&rsquo;augmenter. Le 8 mai 2021 , la fr\u00e9quence des lignes 1 et 3 est renforc\u00e9e et la ligne 6 est cr\u00e9e afin de desservir le quartier des Antilles et le Campus Maryse Esterle. De plus , la tarification est revue ce jour et un abonnement mensuel est mis en place. Quatre agences commerciales sont \u00e9galement inaugur\u00e9es afin de faciliter l&rsquo;achat de titres de transport aux principaux p\u00f4les d&rsquo;\u00e9changes. Trois jours apr\u00e8s deux nouvelles lignes (5 et 7) voient le jour afin de mieux desservir la m\u00e9tropole et une agence commerciale est cr\u00e9e \u00e0 l&rsquo;arr\u00eat de rencontre de ces deux lignes qui est la Gare de l&rsquo;Ouest. La ligne 2 est \u00e9galement renforc\u00e9e \u00e0 l&rsquo;occasion. Durant l&rsquo;\u00e9t\u00e9 2021 , la ligne estivale 804 reprend son activit\u00e9 afin de desservir les diff\u00e9rents lieux de loisir de la m\u00e9tropole. Depuis l&rsquo;\u00e9t\u00e9 2021 l&rsquo;ensemble du parc roule \u00e0 l&rsquo;\u00e9nergie \u00ab\u00a0propre\u00a0\u00bb. <\/p>\n\n\n\n<p class=\"has-text-align-center\"><strong>Un nouveau r\u00e9seau<\/strong><\/p>\n\n\n\n<p class=\"has-text-align-center\">Fin d\u00e9cembre , un nouveau r\u00e9seau est mis en place en quelques jours afin de desservir des quartiers de la m\u00e9tropole jusqu&rsquo;\u00e0 pr\u00e9sent non desservis par les transports. Face \u00e0 une charge qui ne cesse d&rsquo;augmenter, les horaires des lignes 1 \u00e0 7 sont renforc\u00e9es le dimanche 19 d\u00e9cembre 2021. A pr\u00e9sent les lignes 4 et 7 circulent tous les jours et en soir\u00e9e et une nouvelle ligne principale est cr\u00e9e , la num\u00e9ro 10 afin de desservir le nord de la m\u00e9tropole et le relier aux lignes 1 et 4. Le m\u00eame jour la ligne secondaire 61 est cr\u00e9e afin d&rsquo;afiner la desserte des quartiers voisins au quartier de l&rsquo;Europe et un service de transport \u00e0 la demande est mis en place pour la desserte des quartiers de Bellevue et de l&rsquo;Observatoire. Afin de desservir les quartiers restant de la m\u00e9tropole , la concession Evobus qui a remport\u00e9 un appel d&rsquo;offre de 25 bus standards au gaz naturel et a qui ont \u00e9t\u00e9 command\u00e9 17 nouveaux v\u00e9hicules articul\u00e9s au gaz naturel \u00e9galement livre notre entreprise les 23 et 24 d\u00e9cembre 2021 ce qui permet la mise en service de la ligne 9 le 23 d\u00e9cembre qui r\u00e9cup\u00e8re les v\u00e9hicules de la ligne 7 qui r\u00e9cup\u00e8re des v\u00e9hicules de la 2 comme la ligne 5 qui passent en articul\u00e9 ce jour l\u00e0. Le lendemain la ligne 8 est mise en service pour desservir le quartier des Pins et le quartier des Pivoines \u00e9quip\u00e9e des derniers bus re\u00e7us et trois anciens bus de la 5. Le jour de No\u00ebl , la ligne 11 est inaugur\u00e9e desservant le quartier des Vignes et des mara\u00eechers \u00e9quip\u00e9e des anciens v\u00e9hicules de la ligne 5 devenus incapacitaires pour la ligne 5.<\/p>\n\n\n\n<p class=\"has-text-align-center\"><strong>2022<\/strong><\/p>\n\n\n\n<p class=\"has-text-align-center\">2022 marque l&rsquo;inauguration des voies r\u00e9serv\u00e9es pour bus sur les lignes 2 et 3 le 3 janvier 2022 devenant ainsi des Lignes \u00e0 Haut Niveau de Service (LHNS) et la fin de la ligne 807 (desserte du centre de vaccination), le 4 mars. Ainsi que l&rsquo;ouverture de la ligne secondaire 60 le 30 avril 2022. Encore une fois, la ligne 804 reprend ses activit\u00e9s pour l&rsquo;\u00e9t\u00e9 2022. Le 28 novembre, la ligne 1 est \u00e9galement inaugur\u00e9e sous sa forme de LHNS ( Ligne \u00e0 Haut Niveau de Service). A cette occasion, les horaires des diff\u00e9rentes lignes du r\u00e9seau sont chang\u00e9s \u00e0 l&rsquo;exception des lignes 60 et 61.<\/p>\n\n\n\n<p class=\"has-text-align-center\"><strong>Un r\u00e9seau toujours plus \u00e0 votre service !<\/strong><\/p>\n\n\n\n<p class=\"has-text-align-center\"><strong>2023 : Changement de r\u00e9seau mais \u00e9galement d&rsquo;exploitant (tout en restant dans le m\u00eame groupe)<\/strong><\/p>\n\n\n\n<figure class=\"wp-block-image size-large\"><img loading=\"lazy\" decoding=\"async\" width=\"1024\" height=\"709\" src=\"https:\/\/seal.transport-manager.net\/z50000_262l\/wp-content\/uploads\/sites\/29\/2023\/01\/vaurealtransport_simplicitevaureal-1024x709.png\" alt=\"\" class=\"wp-image-904\" srcset=\"https:\/\/seal.transport-manager.net\/z50000_262l\/wp-content\/uploads\/sites\/29\/2023\/01\/vaurealtransport_simplicitevaureal-1024x709.png 1024w, https:\/\/seal.transport-manager.net\/z50000_262l\/wp-content\/uploads\/sites\/29\/2023\/01\/vaurealtransport_simplicitevaureal-300x208.png 300w, https:\/\/seal.transport-manager.net\/z50000_262l\/wp-content\/uploads\/sites\/29\/2023\/01\/vaurealtransport_simplicitevaureal-768x532.png 768w, https:\/\/seal.transport-manager.net\/z50000_262l\/wp-content\/uploads\/sites\/29\/2023\/01\/vaurealtransport_simplicitevaureal.png 1127w\" sizes=\"auto, (max-width: 1024px) 100vw, 1024px\" \/><\/figure>\n\n\n\n<p>Le 1er janvier 2023 , Vaur\u00e9al Transports laisse la place \u00e0 Simpli&rsquo;Cit\u00e9 Vaur\u00e9al (filiale du groupe Simpli&rsquo;Cit\u00e9 cr\u00e9\u00e9e par Vaur\u00e9al Transports pour r\u00e9pondre \u00e0 l&rsquo;appel d&rsquo;offre du nouveau r\u00e9seau). Le r\u00e9seau Vaur\u00e9al Transports dispara\u00eet \u00e9galement pour laisser place au r\u00e9seau PMO Mobilit\u00e9s &#8211; Vaur\u00e9al &#8211; Plaine du Murrin<\/p>\n\n\n\n<figure class=\"wp-block-image size-large is-resized\"><img loading=\"lazy\" decoding=\"async\" width=\"1024\" height=\"270\" src=\"https:\/\/seal.transport-manager.net\/z50000_262l\/wp-content\/uploads\/sites\/29\/2023\/01\/reseau_vaureal_plainedemurrin-1024x270.png\" alt=\"\" class=\"wp-image-905\" style=\"width:840px;height:221px\" srcset=\"https:\/\/seal.transport-manager.net\/z50000_262l\/wp-content\/uploads\/sites\/29\/2023\/01\/reseau_vaureal_plainedemurrin-1024x270.png 1024w, https:\/\/seal.transport-manager.net\/z50000_262l\/wp-content\/uploads\/sites\/29\/2023\/01\/reseau_vaureal_plainedemurrin-300x79.png 300w, https:\/\/seal.transport-manager.net\/z50000_262l\/wp-content\/uploads\/sites\/29\/2023\/01\/reseau_vaureal_plainedemurrin-768x203.png 768w, https:\/\/seal.transport-manager.net\/z50000_262l\/wp-content\/uploads\/sites\/29\/2023\/01\/reseau_vaureal_plainedemurrin-1536x406.png 1536w, https:\/\/seal.transport-manager.net\/z50000_262l\/wp-content\/uploads\/sites\/29\/2023\/01\/reseau_vaureal_plainedemurrin.png 1685w\" sizes=\"auto, (max-width: 1024px) 100vw, 1024px\" \/><\/figure>\n\n\n\n<p class=\"has-text-align-center\">Le 2 janvier 2023 nous ouvrons de nombreuses nouvelles lignes qu&rsquo;elles soient urbaines ou suburbaines dans le cadre d&rsquo;une desserte des communes alentours. Ainsi six nouvelles communes sont desservies (Arronay ,Brinte, Clorent, Lacarnac, Le Roto et Vantigue). Le r\u00e9seau est \u00e9galement renforc\u00e9 avec l&rsquo;arriv\u00e9e de 4 nouvelles lignes urbaines (12; 13; 63 et 64) pour une desserte de secteurs de la ville mal desservis (St Guillaume, Grillons, Hippodrome , Haut du Vieux Vaur\u00e9al) ou de nouveaux secteurs (Peuplier\/Droits de l&rsquo;Homme, Parc d&rsquo;Attraction). Les lignes suivantes sont alors cr\u00e9\u00e9es :<\/p>\n\n\n\n<ul class=\"wp-block-list\">\n<li>12 : Gare Centrale \u2194 Parc d&rsquo;Attractions (via N\u00e9nuphars , St Guillaume , Droits de l&rsquo;Homme et Stade)<\/li>\n\n\n\n<li>13 : Haute-Ville \u2194 A\u00e9roport International Terminal 1 (via Hippodrome , Confluence et Port Fluvial)<\/li>\n\n\n\n<li>63 : Place de l&rsquo;Europe \u2194 Parc d&rsquo;Attractions (via Les Grillons, Lyc\u00e9e Caroline Herschel , Peuplier , Ch\u00e2teau et Campus Maryse Esterle)<\/li>\n\n\n\n<li>64 : H\u00f4tel de R\u00e9gion \u2194 Place de l&rsquo;Europe (via Coll\u00e8ge Rosa Parks et Institut Simone Veil)<\/li>\n\n\n\n<li>101 : H\u00f4tel de R\u00e9gion \u2194 Arronay Etangs (via Parc de l&rsquo;Etang, Vantigue , Arronay Les P\u00e9lerins et Arronay Centre-Ville)<\/li>\n\n\n\n<li>102 : (Vaur\u00e9al) Stade \u2194 Brinte Avenue de la Libert\u00e9 ( via Parc d&rsquo;Attractions , Campus Maryse Esterle , Hameau des Ch\u00e2taigniers, Brinte M\u00e9sanges\/Moineaux et Brinte Salle des F\u00eates)<\/li>\n\n\n\n<li>103 : (Vaur\u00e9al) Place de l&rsquo;Europe \u2194 Clorent Centre de Recyclage (via P\u00f4le Luca Pacioli , Zone Commerciale et Clorent Place du March\u00e9)<\/li>\n\n\n\n<li>104 : Lacarnac Place du March\u00e9 \u2194 (Vaur\u00e9al) Sciences Po (via Lacarnac H\u00f4tel de Ville , Lacarnac Ecole de Musique et Mus\u00e9e d&rsquo;Art Moderne)<\/li>\n\n\n\n<li>601 (Scolaire) : Lacarnac H\u00f4tel de Ville \u2194 Vaur\u00e9al Lyc\u00e9e Anne Frank (desserte scolaire des coll\u00e8ges Saint-Paul et Rosa Luxembourg ainsi que du lyc\u00e9e Anne Frank pour les \u00e9l\u00e8ves de Lacarnac)<\/li>\n\n\n\n<li>602 (Scolaire) : (Vaur\u00e9al) Coll\u00e8ge Victor Hugo \u2194 Le Roto Avenue du Parc (desserte scolaire des lyc\u00e9es Jean Zay et Caroline Herschel ainsi que du coll\u00e8ge Victor Hugo pour les \u00e9l\u00e8ves de Clorent et du Roto)<\/li>\n<\/ul>\n\n\n\n<p class=\"has-text-align-center\">Le 6 mars , les premi\u00e8res lignes interurbaines sont mises en service : La ligne Express 201 reliant Lusignol Gare au Campus Alan Turing (Vaur\u00e9al) via Courlin et Arronay ainsi que la ligne 202 reliant Minia au Campus Alan Turing via Bois-Saint-Pierre. La ligne 203 reliant Ludorgue \u00e0 la Gare de l&rsquo;Ouest (Vaur\u00e9al) ouvrira elle deux mois plus tard, le 15 mai 2023.<\/p>\n\n\n\n<p>La ligne estivale 804 devient \u00e9galement permanente lundi 27 mars 2023 afin de permettre une meilleure desserte du centre-ville toute l&rsquo;ann\u00e9e et une meilleure liaison avec le nord de la ville. A l&rsquo;occasion celle-ci devient la ligne 62 et est la premi\u00e8re ligne \u00e0 \u00eatre \u00e9quip\u00e9e de v\u00e9hicules \u00e9lectriques en commen\u00e7ant partiellement avec l&rsquo;exploitation de 3 GX 137 L \u00e9lec du constructeur fran\u00e7ais Heuliez Bus.<\/p>\n\n\n\n<p class=\"has-text-align-center\"><strong>2024<\/strong><\/p>\n\n\n\n<p class=\"has-text-align-center\">Le 7 octobre 2024, en vue de l&rsquo;arriv\u00e9e prochaine du tramway, le r\u00e9seau est leg\u00e8rement revu :<\/p>\n\n\n\n<ul class=\"wp-block-list\">\n<li>Les lignes 2 et 4 fusionnent pour former la ligne Relai Tramway entre A\u00e9roport de Vaur\u00e9al Confluence et Clinique Saint-Paul<\/li>\n\n\n\n<li>La ligne 1 devient la ligne 2<\/li>\n\n\n\n<li>La ligne 5 devient une ligne de bus \u00e0 haut niveau de service (BHNS) et reprend les bus de l&rsquo;ancienne ligne 2<\/li>\n\n\n\n<li>La ligne 10 est prolong\u00e9e de CRT Est \u00e0 Clinique Saint-Paul afin d&rsquo;assurer la correspondance avec le bus relai puis le tramway une fois que celui-ci sera ouvert<\/li>\n<\/ul>\n\n\n\n<p>Le 14 octobre 2024, une nouvelle ligne est mise en service : la ligne 14 reliant Trinit\u00e9 \u00e0 H\u00f4tel de R\u00e9gion en passant par Sciences Po, le Quartier de France (dont la desserte n&rsquo;\u00e9tait pas assur\u00e9e) et la Clinique Sainte-Marie<\/p>\n\n\n\n<p>C&rsquo;est finalement le 12 novembre 2024 que le tramway ouvre sous l&rsquo;indice T1,toutefois pas dans son enti\u00e8ret\u00e9 puisque celui-ci n&rsquo;ouvre qu&rsquo;entre H\u00f4tel de Police et Pont des Papes &#8211; Rive Droite en attendant la livraison des rames permettant l&rsquo;ouverture dans son enti\u00e8ret\u00e9 de la ligne. Les sections A\u00e9roport de Vaur\u00e9al Confluence \u2194 H\u00f4tel de Police et Pont des Papes &#8211; Rive Droite \u2194 Clinique Saint-Paul restent assur\u00e9es en bus relai.<\/p>\n\n\n\n<p>Cette mise en service s&rsquo;accompagne de 3 nouvelles lignes de bus :<\/p>\n\n\n\n<ul class=\"wp-block-list\">\n<li>Ligne 4 : Gare de l&rsquo;Est \u2194 Abbaye, en passant par les quartiers des Antilles, le Parc de la Libert\u00e9, le quartier Saint-Guillaume, le quartier des Droits de l&rsquo;Homme, le quartier du Bonheur et le quartier du Boulingrin.<\/li>\n\n\n\n<li>Ligne 16 : A\u00e9roport de Vaur\u00e9al Confluence \u2194 Gare de l&rsquo;Ouest, afin de desservir le nouveau quartier des Versants.<\/li>\n\n\n\n<li>Ligne 17 : Moulin \u00e0 Vent \u2194 Gare de l&rsquo;Ouest, cette ligne dessert le nouveau quartier du Moulin \u00e0 Vent et son coll\u00e8ge Samuel Paty, le quartier des Sciences et le quartier de France en compl\u00e9ment de la nouvelle ligne 14.<\/li>\n<\/ul>\n\n\n\n<p>Ces mises en services sont facilit\u00e9es gr\u00e2ce \u00e0 la lib\u00e9ration de bus avec l&rsquo;ouverture du tramway.<\/p>\n\n\n\n<p class=\"has-text-align-center\"><strong>2025<\/strong><\/p>\n\n\n\n<p>Ouverture des nouvelles lignes 15, 18 et 105 le 6 janvier 2025 ainsi que des lignes 105 et 106<\/p>\n\n\n\n<p>Ouverture des lignes 204, 205 et 206 le 10 mars 2025<\/p>\n\n\n\n<p>Prolongement du Tramway T1 de H\u00f4tel de Police \u00e0 A\u00e9roport de Vaur\u00e9al Confluence le 22 avril 2025<\/p>\n\n\n\n<p>Ouverture de la ligne 151 le 5 mai 2025<\/p>\n\n\n\n<p>Ouverture de la ligne 251 le 1er septembre 2025<\/p>\n","protected":false},"excerpt":{"rendered":"<p>Vaur\u00e9al Transport a \u00e9t\u00e9 cr\u00e9e le 28 juillet 2020 afin de desservir la m\u00e9tropole de Vaur\u00e9al sur Murrin. La ligne 1 relient la gare centrale au campus Alan Turing fut [&hellip;]<\/p>\n","protected":false},"author":29,"featured_media":0,"parent":0,"menu_order":0,"comment_status":"closed","ping_status":"open","template":"","meta":{"footnotes":""},"class_list":["post-2","page","type-page","status-publish","hentry"],"_links":{"self":[{"href":"https:\/\/seal.transport-manager.net\/z50000_262l\/wp-json\/wp\/v2\/pages\/2","targetHints":{"allow":["GET"]}}],"collection":[{"href":"https:\/\/seal.transport-manager.net\/z50000_262l\/wp-json\/wp\/v2\/pages"}],"about":[{"href":"https:\/\/seal.transport-manager.net\/z50000_262l\/wp-json\/wp\/v2\/types\/page"}],"author":[{"embeddable":true,"href":"https:\/\/seal.transport-manager.net\/z50000_262l\/wp-json\/wp\/v2\/users\/29"}],"replies":[{"embeddable":true,"href":"https:\/\/seal.transport-manager.net\/z50000_262l\/wp-json\/wp\/v2\/comments?post=2"}],"version-history":[{"count":21,"href":"https:\/\/seal.transport-manager.net\/z50000_262l\/wp-json\/wp\/v2\/pages\/2\/revisions"}],"predecessor-version":[{"id":2291,"href":"https:\/\/seal.transport-manager.net\/z50000_262l\/wp-json\/wp\/v2\/pages\/2\/revisions\/2291"}],"wp:attachment":[{"href":"https:\/\/seal.transport-manager.net\/z50000_262l\/wp-json\/wp\/v2\/media?parent=2"}],"curies":[{"name":"wp","href":"https:\/\/api.w.org\/{rel}","templated":true}]}}