{"id":2212,"date":"2025-11-12T17:29:17","date_gmt":"2025-11-12T16:29:17","guid":{"rendered":"https:\/\/seal.transport-manager.net\/z50000_262l\/?page_id=2212"},"modified":"2026-04-03T18:30:02","modified_gmt":"2026-04-03T16:30:02","slug":"partenariat-simpliflow","status":"publish","type":"page","link":"https:\/\/seal.transport-manager.net\/z50000_262l\/partenariat-simpliflow\/","title":{"rendered":"Partenariat Simpli&rsquo;Flow"},"content":{"rendered":"\n<p>Simpli&rsquo;Cit\u00e9 Vaur\u00e9al et Flo Transport partenaires de votre mobilit\u00e9 au sein de la m\u00e9tropole vaur\u00e9alienne (Simpli&rsquo;Cit\u00e9 Vaur\u00e9al) et du valenciennois (Flo Transport)<\/p>\n\n\n\n<figure class=\"wp-block-image size-full\"><img loading=\"lazy\" decoding=\"async\" width=\"709\" height=\"236\" src=\"https:\/\/seal.transport-manager.net\/z50000_262l\/wp-content\/uploads\/sites\/29\/2025\/11\/Logo_Simpli_Flow_FT.png\" alt=\"\" class=\"wp-image-2213\" srcset=\"https:\/\/seal.transport-manager.net\/z50000_262l\/wp-content\/uploads\/sites\/29\/2025\/11\/Logo_Simpli_Flow_FT.png 709w, https:\/\/seal.transport-manager.net\/z50000_262l\/wp-content\/uploads\/sites\/29\/2025\/11\/Logo_Simpli_Flow_FT-300x100.png 300w\" sizes=\"auto, (max-width: 709px) 100vw, 709px\" \/><\/figure>\n\n\n\n<p>Malgr\u00e9 un projet d&rsquo;alliance avort\u00e9, les entreprises Simpli&rsquo;Cit\u00e9 Vaur\u00e9al et Flo Transport restent partenaires. Les relations entre les deux entreprises dont les dirigeants s&rsquo;entendent en tr\u00e8s bon terme permettront de partager les savoir-faire des deux entreprises pour une meilleure gestion des deux r\u00e9seaux. <\/p>\n\n\n\n<p><a href=\"https:\/\/seal.transport-manager.net\/flosouris_yt\/\" data-type=\"link\" data-id=\"https:\/\/seal.transport-manager.net\/flosouris_yt\/\">Site de Flo Transport<\/a><\/p>\n\n\n\n<p>Contact : simpliflow2025@gmail.com<\/p>\n","protected":false},"excerpt":{"rendered":"<p>Simpli&rsquo;Cit\u00e9 Vaur\u00e9al et Flo Transport partenaires de votre mobilit\u00e9 au sein de la m\u00e9tropole vaur\u00e9alienne (Simpli&rsquo;Cit\u00e9 Vaur\u00e9al) et du valenciennois (Flo Transport) Malgr\u00e9 un projet d&rsquo;alliance avort\u00e9, les entreprises Simpli&rsquo;Cit\u00e9 [&hellip;]<\/p>\n","protected":false},"author":29,"featured_media":0,"parent":0,"menu_order":0,"comment_status":"closed","ping_status":"closed","template":"","meta":{"footnotes":""},"class_list":["post-2212","page","type-page","status-publish","hentry"],"_links":{"self":[{"href":"https:\/\/seal.transport-manager.net\/z50000_262l\/wp-json\/wp\/v2\/pages\/2212","targetHints":{"allow":["GET"]}}],"collection":[{"href":"https:\/\/seal.transport-manager.net\/z50000_262l\/wp-json\/wp\/v2\/pages"}],"about":[{"href":"https:\/\/seal.transport-manager.net\/z50000_262l\/wp-json\/wp\/v2\/types\/page"}],"author":[{"embeddable":true,"href":"https:\/\/seal.transport-manager.net\/z50000_262l\/wp-json\/wp\/v2\/users\/29"}],"replies":[{"embeddable":true,"href":"https:\/\/seal.transport-manager.net\/z50000_262l\/wp-json\/wp\/v2\/comments?post=2212"}],"version-history":[{"count":5,"href":"https:\/\/seal.transport-manager.net\/z50000_262l\/wp-json\/wp\/v2\/pages\/2212\/revisions"}],"predecessor-version":[{"id":2346,"href":"https:\/\/seal.transport-manager.net\/z50000_262l\/wp-json\/wp\/v2\/pages\/2212\/revisions\/2346"}],"wp:attachment":[{"href":"https:\/\/seal.transport-manager.net\/z50000_262l\/wp-json\/wp\/v2\/media?parent=2212"}],"curies":[{"name":"wp","href":"https:\/\/api.w.org\/{rel}","templated":true}]}}