{"id":566,"date":"2022-07-10T12:46:04","date_gmt":"2022-07-10T10:46:04","guid":{"rendered":"https:\/\/seal.transport-manager.net\/z50000_262l\/?page_id=566"},"modified":"2025-07-02T22:47:14","modified_gmt":"2025-07-02T20:47:14","slug":"horaires-dete","status":"publish","type":"page","link":"https:\/\/seal.transport-manager.net\/z50000_262l\/horaires-dete\/","title":{"rendered":"Horaires d&rsquo;\u00e9t\u00e9 valables du 7 juillet au 31 ao\u00fbt 2025"},"content":{"rendered":"\n<p class=\"has-text-color\" style=\"color:#dc241f;font-size:28px\"><strong>Si votre ligne n&rsquo;est pas indiqu\u00e9e , votre ligne conserve ses horaires pour l&rsquo;\u00e9t\u00e9 (p\u00e9riode vacances scolaires)<\/strong>. <\/p>\n\n\n\n<p class=\"has-text-color\" style=\"color:#dc241f;font-size:28px\"><strong>Seules les lignes 4\/5\/10\/62\/63\/103 et 205 ont leur fiche horaires \u00e9dit\u00e9es, les autres lignes arriveront dans la semaine du 1er juillet 2025 !<\/strong><\/p>\n\n\n\n<p>Les lignes concern\u00e9es par la mise en place d&rsquo;horaires d&rsquo;\u00e9t\u00e9 cet \u00e9t\u00e9 sont : <\/p>\n\n\n\n<ul class=\"wp-block-list\">\n<li>Ligne 4<\/li>\n\n\n\n<li>Ligne 5<\/li>\n\n\n\n<li>Ligne 7<\/li>\n\n\n\n<li>Ligne 8<\/li>\n\n\n\n<li>Ligne 10<\/li>\n\n\n\n<li>Ligne 11<\/li>\n\n\n\n<li>Ligne 12<\/li>\n\n\n\n<li>Ligne 14<\/li>\n\n\n\n<li>Ligne 15<\/li>\n\n\n\n<li>Ligne 17<\/li>\n\n\n\n<li>Ligne 62<\/li>\n\n\n\n<li>Ligne 63<\/li>\n\n\n\n<li>Ligne 101<\/li>\n\n\n\n<li>Ligne 103<\/li>\n\n\n\n<li>Ligne 106<\/li>\n\n\n\n<li>Ligne 201<\/li>\n\n\n\n<li>Ligne 205<\/li>\n<\/ul>\n\n\n\n<figure class=\"wp-block-image size-large\"><img loading=\"lazy\" decoding=\"async\" width=\"1024\" height=\"576\" src=\"https:\/\/seal.transport-manager.net\/z50000_262l\/wp-content\/uploads\/sites\/29\/2025\/07\/ligne4-1024x576.png\" alt=\"\" class=\"wp-image-2071\" srcset=\"https:\/\/seal.transport-manager.net\/z50000_262l\/wp-content\/uploads\/sites\/29\/2025\/07\/ligne4-1024x576.png 1024w, https:\/\/seal.transport-manager.net\/z50000_262l\/wp-content\/uploads\/sites\/29\/2025\/07\/ligne4-300x169.png 300w, https:\/\/seal.transport-manager.net\/z50000_262l\/wp-content\/uploads\/sites\/29\/2025\/07\/ligne4-768x432.png 768w, https:\/\/seal.transport-manager.net\/z50000_262l\/wp-content\/uploads\/sites\/29\/2025\/07\/ligne4-1200x676.png 1200w, https:\/\/seal.transport-manager.net\/z50000_262l\/wp-content\/uploads\/sites\/29\/2025\/07\/ligne4.png 1398w\" sizes=\"auto, (max-width: 1024px) 100vw, 1024px\" \/><\/figure>\n\n\n\n<div class=\"wp-block-file\"><a id=\"wp-block-file--media-6d141b95-8bb1-4f39-9245-2d0dfe4d3af2\" href=\"https:\/\/seal.transport-manager.net\/z50000_262l\/wp-content\/uploads\/sites\/29\/2025\/07\/ligne4_ete2025.pdf\" target=\"_blank\" rel=\"noreferrer noopener\">ligne4_ete2025<\/a><a href=\"https:\/\/seal.transport-manager.net\/z50000_262l\/wp-content\/uploads\/sites\/29\/2025\/07\/ligne4_ete2025.pdf\" class=\"wp-block-file__button wp-element-button\" download aria-describedby=\"wp-block-file--media-6d141b95-8bb1-4f39-9245-2d0dfe4d3af2\">T\u00e9l\u00e9charger<\/a><\/div>\n\n\n\n<figure class=\"wp-block-image size-full\"><img loading=\"lazy\" decoding=\"async\" width=\"1357\" height=\"762\" src=\"https:\/\/seal.transport-manager.net\/z50000_262l\/wp-content\/uploads\/sites\/29\/2025\/06\/ligne5.png\" alt=\"\" class=\"wp-image-2052\" srcset=\"https:\/\/seal.transport-manager.net\/z50000_262l\/wp-content\/uploads\/sites\/29\/2025\/06\/ligne5.png 1357w, https:\/\/seal.transport-manager.net\/z50000_262l\/wp-content\/uploads\/sites\/29\/2025\/06\/ligne5-300x168.png 300w, https:\/\/seal.transport-manager.net\/z50000_262l\/wp-content\/uploads\/sites\/29\/2025\/06\/ligne5-1024x575.png 1024w, https:\/\/seal.transport-manager.net\/z50000_262l\/wp-content\/uploads\/sites\/29\/2025\/06\/ligne5-768x431.png 768w, https:\/\/seal.transport-manager.net\/z50000_262l\/wp-content\/uploads\/sites\/29\/2025\/06\/ligne5-1200x674.png 1200w\" sizes=\"auto, (max-width: 1357px) 100vw, 1357px\" \/><\/figure>\n\n\n\n<div class=\"wp-block-file\"><a id=\"wp-block-file--media-7d31a065-a672-470c-824e-04b6e924ea5b\" href=\"https:\/\/seal.transport-manager.net\/z50000_262l\/wp-content\/uploads\/sites\/29\/2025\/07\/ligne5_ete2025.pdf\" target=\"_blank\" rel=\"noreferrer noopener\">ligne5_ete2025<\/a><a href=\"https:\/\/seal.transport-manager.net\/z50000_262l\/wp-content\/uploads\/sites\/29\/2025\/07\/ligne5_ete2025.pdf\" class=\"wp-block-file__button wp-element-button\" download aria-describedby=\"wp-block-file--media-7d31a065-a672-470c-824e-04b6e924ea5b\">T\u00e9l\u00e9charger<\/a><\/div>\n\n\n\n<figure class=\"wp-block-image size-large\"><img loading=\"lazy\" decoding=\"async\" width=\"1024\" height=\"574\" src=\"https:\/\/seal.transport-manager.net\/z50000_262l\/wp-content\/uploads\/sites\/29\/2024\/11\/ligne7-1024x574.png\" alt=\"\" class=\"wp-image-1768\" srcset=\"https:\/\/seal.transport-manager.net\/z50000_262l\/wp-content\/uploads\/sites\/29\/2024\/11\/ligne7-1024x574.png 1024w, https:\/\/seal.transport-manager.net\/z50000_262l\/wp-content\/uploads\/sites\/29\/2024\/11\/ligne7-300x168.png 300w, https:\/\/seal.transport-manager.net\/z50000_262l\/wp-content\/uploads\/sites\/29\/2024\/11\/ligne7-768x431.png 768w, https:\/\/seal.transport-manager.net\/z50000_262l\/wp-content\/uploads\/sites\/29\/2024\/11\/ligne7-1200x673.png 1200w, https:\/\/seal.transport-manager.net\/z50000_262l\/wp-content\/uploads\/sites\/29\/2024\/11\/ligne7.png 1517w\" sizes=\"auto, (max-width: 1024px) 100vw, 1024px\" \/><\/figure>\n\n\n\n<figure class=\"wp-block-image size-large\"><img loading=\"lazy\" decoding=\"async\" width=\"1024\" height=\"609\" src=\"https:\/\/seal.transport-manager.net\/z50000_262l\/wp-content\/uploads\/sites\/29\/2024\/11\/ligne8-1-1024x609.png\" alt=\"\" class=\"wp-image-1757\" srcset=\"https:\/\/seal.transport-manager.net\/z50000_262l\/wp-content\/uploads\/sites\/29\/2024\/11\/ligne8-1-1024x609.png 1024w, https:\/\/seal.transport-manager.net\/z50000_262l\/wp-content\/uploads\/sites\/29\/2024\/11\/ligne8-1-300x178.png 300w, https:\/\/seal.transport-manager.net\/z50000_262l\/wp-content\/uploads\/sites\/29\/2024\/11\/ligne8-1-768x457.png 768w, https:\/\/seal.transport-manager.net\/z50000_262l\/wp-content\/uploads\/sites\/29\/2024\/11\/ligne8-1-1200x714.png 1200w, https:\/\/seal.transport-manager.net\/z50000_262l\/wp-content\/uploads\/sites\/29\/2024\/11\/ligne8-1.png 1261w\" sizes=\"auto, (max-width: 1024px) 100vw, 1024px\" \/><\/figure>\n\n\n\n<figure class=\"wp-block-image size-large\"><img loading=\"lazy\" decoding=\"async\" width=\"1024\" height=\"576\" src=\"https:\/\/seal.transport-manager.net\/z50000_262l\/wp-content\/uploads\/sites\/29\/2025\/04\/ligne9-1024x576.png\" alt=\"\" class=\"wp-image-1980\" srcset=\"https:\/\/seal.transport-manager.net\/z50000_262l\/wp-content\/uploads\/sites\/29\/2025\/04\/ligne9-1024x576.png 1024w, https:\/\/seal.transport-manager.net\/z50000_262l\/wp-content\/uploads\/sites\/29\/2025\/04\/ligne9-300x169.png 300w, https:\/\/seal.transport-manager.net\/z50000_262l\/wp-content\/uploads\/sites\/29\/2025\/04\/ligne9-768x432.png 768w, https:\/\/seal.transport-manager.net\/z50000_262l\/wp-content\/uploads\/sites\/29\/2025\/04\/ligne9-1200x675.png 1200w, https:\/\/seal.transport-manager.net\/z50000_262l\/wp-content\/uploads\/sites\/29\/2025\/04\/ligne9.png 1352w\" sizes=\"auto, (max-width: 1024px) 100vw, 1024px\" \/><\/figure>\n\n\n\n<figure class=\"wp-block-image size-large\"><img loading=\"lazy\" decoding=\"async\" width=\"1024\" height=\"575\" src=\"https:\/\/seal.transport-manager.net\/z50000_262l\/wp-content\/uploads\/sites\/29\/2025\/07\/ligne10-1024x575.png\" alt=\"\" class=\"wp-image-2084\" srcset=\"https:\/\/seal.transport-manager.net\/z50000_262l\/wp-content\/uploads\/sites\/29\/2025\/07\/ligne10-1024x575.png 1024w, https:\/\/seal.transport-manager.net\/z50000_262l\/wp-content\/uploads\/sites\/29\/2025\/07\/ligne10-300x169.png 300w, https:\/\/seal.transport-manager.net\/z50000_262l\/wp-content\/uploads\/sites\/29\/2025\/07\/ligne10-768x431.png 768w, https:\/\/seal.transport-manager.net\/z50000_262l\/wp-content\/uploads\/sites\/29\/2025\/07\/ligne10-1200x674.png 1200w, https:\/\/seal.transport-manager.net\/z50000_262l\/wp-content\/uploads\/sites\/29\/2025\/07\/ligne10.png 1310w\" sizes=\"auto, (max-width: 1024px) 100vw, 1024px\" \/><\/figure>\n\n\n\n<div class=\"wp-block-file\"><a id=\"wp-block-file--media-6b6e134a-19b4-49fb-9425-6f278cfa3542\" href=\"https:\/\/seal.transport-manager.net\/z50000_262l\/wp-content\/uploads\/sites\/29\/2025\/07\/ligne10_ete2025.pdf\" target=\"_blank\" rel=\"noreferrer noopener\">ligne10_ete2025<\/a><a href=\"https:\/\/seal.transport-manager.net\/z50000_262l\/wp-content\/uploads\/sites\/29\/2025\/07\/ligne10_ete2025.pdf\" class=\"wp-block-file__button wp-element-button\" download aria-describedby=\"wp-block-file--media-6b6e134a-19b4-49fb-9425-6f278cfa3542\">T\u00e9l\u00e9charger<\/a><\/div>\n\n\n\n<figure class=\"wp-block-image size-large\"><img loading=\"lazy\" decoding=\"async\" width=\"1024\" height=\"588\" src=\"https:\/\/seal.transport-manager.net\/z50000_262l\/wp-content\/uploads\/sites\/29\/2024\/06\/ligne11-1024x588.png\" alt=\"\" class=\"wp-image-1578\" srcset=\"https:\/\/seal.transport-manager.net\/z50000_262l\/wp-content\/uploads\/sites\/29\/2024\/06\/ligne11-1024x588.png 1024w, https:\/\/seal.transport-manager.net\/z50000_262l\/wp-content\/uploads\/sites\/29\/2024\/06\/ligne11-300x172.png 300w, https:\/\/seal.transport-manager.net\/z50000_262l\/wp-content\/uploads\/sites\/29\/2024\/06\/ligne11-768x441.png 768w, https:\/\/seal.transport-manager.net\/z50000_262l\/wp-content\/uploads\/sites\/29\/2024\/06\/ligne11-1200x689.png 1200w, https:\/\/seal.transport-manager.net\/z50000_262l\/wp-content\/uploads\/sites\/29\/2024\/06\/ligne11.png 1246w\" sizes=\"auto, (max-width: 1024px) 100vw, 1024px\" \/><\/figure>\n\n\n\n<div class=\"wp-block-file\"><a id=\"wp-block-file--media-cbb7fad2-9508-4ae9-90b5-45ea0db216e7\" href=\"https:\/\/seal.transport-manager.net\/z50000_262l\/wp-content\/uploads\/sites\/29\/2024\/07\/11_ete2024.pdf\" target=\"_blank\" rel=\"noreferrer noopener\">11_ete2024<\/a><a href=\"https:\/\/seal.transport-manager.net\/z50000_262l\/wp-content\/uploads\/sites\/29\/2024\/07\/11_ete2024.pdf\" class=\"wp-block-file__button wp-element-button\" download aria-describedby=\"wp-block-file--media-cbb7fad2-9508-4ae9-90b5-45ea0db216e7\">T\u00e9l\u00e9charger<\/a><\/div>\n\n\n\n<figure class=\"wp-block-image size-large\"><img loading=\"lazy\" decoding=\"async\" width=\"1024\" height=\"582\" src=\"https:\/\/seal.transport-manager.net\/z50000_262l\/wp-content\/uploads\/sites\/29\/2024\/07\/ligne12-1024x582.png\" alt=\"\" class=\"wp-image-1585\" srcset=\"https:\/\/seal.transport-manager.net\/z50000_262l\/wp-content\/uploads\/sites\/29\/2024\/07\/ligne12-1024x582.png 1024w, https:\/\/seal.transport-manager.net\/z50000_262l\/wp-content\/uploads\/sites\/29\/2024\/07\/ligne12-300x170.png 300w, https:\/\/seal.transport-manager.net\/z50000_262l\/wp-content\/uploads\/sites\/29\/2024\/07\/ligne12-768x436.png 768w, https:\/\/seal.transport-manager.net\/z50000_262l\/wp-content\/uploads\/sites\/29\/2024\/07\/ligne12-1200x682.png 1200w, https:\/\/seal.transport-manager.net\/z50000_262l\/wp-content\/uploads\/sites\/29\/2024\/07\/ligne12.png 1202w\" sizes=\"auto, (max-width: 1024px) 100vw, 1024px\" \/><\/figure>\n\n\n\n<div class=\"wp-block-file\"><a id=\"wp-block-file--media-ea8dc4f7-fc38-495d-acca-ba3c57371080\" href=\"https:\/\/seal.transport-manager.net\/z50000_262l\/wp-content\/uploads\/sites\/29\/2024\/07\/12_ete2024.pdf\" target=\"_blank\" rel=\"noreferrer noopener\">12_ete2024<\/a><a href=\"https:\/\/seal.transport-manager.net\/z50000_262l\/wp-content\/uploads\/sites\/29\/2024\/07\/12_ete2024.pdf\" class=\"wp-block-file__button wp-element-button\" download aria-describedby=\"wp-block-file--media-ea8dc4f7-fc38-495d-acca-ba3c57371080\">T\u00e9l\u00e9charger<\/a><\/div>\n\n\n\n<figure class=\"wp-block-image size-large\"><img loading=\"lazy\" decoding=\"async\" width=\"1024\" height=\"574\" src=\"https:\/\/seal.transport-manager.net\/z50000_262l\/wp-content\/uploads\/sites\/29\/2024\/12\/ligne14-1024x574.png\" alt=\"\" class=\"wp-image-1866\" srcset=\"https:\/\/seal.transport-manager.net\/z50000_262l\/wp-content\/uploads\/sites\/29\/2024\/12\/ligne14-1024x574.png 1024w, https:\/\/seal.transport-manager.net\/z50000_262l\/wp-content\/uploads\/sites\/29\/2024\/12\/ligne14-300x168.png 300w, https:\/\/seal.transport-manager.net\/z50000_262l\/wp-content\/uploads\/sites\/29\/2024\/12\/ligne14-768x430.png 768w, https:\/\/seal.transport-manager.net\/z50000_262l\/wp-content\/uploads\/sites\/29\/2024\/12\/ligne14-1200x672.png 1200w, https:\/\/seal.transport-manager.net\/z50000_262l\/wp-content\/uploads\/sites\/29\/2024\/12\/ligne14.png 1360w\" sizes=\"auto, (max-width: 1024px) 100vw, 1024px\" \/><\/figure>\n\n\n\n<figure class=\"wp-block-image size-large\"><img loading=\"lazy\" decoding=\"async\" width=\"1024\" height=\"576\" src=\"https:\/\/seal.transport-manager.net\/z50000_262l\/wp-content\/uploads\/sites\/29\/2024\/12\/ligne15-1024x576.png\" alt=\"\" class=\"wp-image-1818\" srcset=\"https:\/\/seal.transport-manager.net\/z50000_262l\/wp-content\/uploads\/sites\/29\/2024\/12\/ligne15-1024x576.png 1024w, https:\/\/seal.transport-manager.net\/z50000_262l\/wp-content\/uploads\/sites\/29\/2024\/12\/ligne15-300x169.png 300w, https:\/\/seal.transport-manager.net\/z50000_262l\/wp-content\/uploads\/sites\/29\/2024\/12\/ligne15-768x432.png 768w, https:\/\/seal.transport-manager.net\/z50000_262l\/wp-content\/uploads\/sites\/29\/2024\/12\/ligne15-1200x675.png 1200w, https:\/\/seal.transport-manager.net\/z50000_262l\/wp-content\/uploads\/sites\/29\/2024\/12\/ligne15.png 1493w\" sizes=\"auto, (max-width: 1024px) 100vw, 1024px\" \/><\/figure>\n\n\n\n<figure class=\"wp-block-image size-large\"><img loading=\"lazy\" decoding=\"async\" width=\"1024\" height=\"575\" src=\"https:\/\/seal.transport-manager.net\/z50000_262l\/wp-content\/uploads\/sites\/29\/2024\/10\/ligne17-1024x575.png\" alt=\"\" class=\"wp-image-1726\" srcset=\"https:\/\/seal.transport-manager.net\/z50000_262l\/wp-content\/uploads\/sites\/29\/2024\/10\/ligne17-1024x575.png 1024w, https:\/\/seal.transport-manager.net\/z50000_262l\/wp-content\/uploads\/sites\/29\/2024\/10\/ligne17-300x168.png 300w, https:\/\/seal.transport-manager.net\/z50000_262l\/wp-content\/uploads\/sites\/29\/2024\/10\/ligne17-768x431.png 768w, https:\/\/seal.transport-manager.net\/z50000_262l\/wp-content\/uploads\/sites\/29\/2024\/10\/ligne17-1200x673.png 1200w, https:\/\/seal.transport-manager.net\/z50000_262l\/wp-content\/uploads\/sites\/29\/2024\/10\/ligne17.png 1527w\" sizes=\"auto, (max-width: 1024px) 100vw, 1024px\" \/><\/figure>\n\n\n\n<figure class=\"wp-block-image size-large\"><img loading=\"lazy\" decoding=\"async\" width=\"1024\" height=\"574\" src=\"https:\/\/seal.transport-manager.net\/z50000_262l\/wp-content\/uploads\/sites\/29\/2024\/12\/ligne18-1024x574.png\" alt=\"\" class=\"wp-image-1819\" srcset=\"https:\/\/seal.transport-manager.net\/z50000_262l\/wp-content\/uploads\/sites\/29\/2024\/12\/ligne18-1024x574.png 1024w, https:\/\/seal.transport-manager.net\/z50000_262l\/wp-content\/uploads\/sites\/29\/2024\/12\/ligne18-300x168.png 300w, https:\/\/seal.transport-manager.net\/z50000_262l\/wp-content\/uploads\/sites\/29\/2024\/12\/ligne18-768x431.png 768w, https:\/\/seal.transport-manager.net\/z50000_262l\/wp-content\/uploads\/sites\/29\/2024\/12\/ligne18-1200x673.png 1200w, https:\/\/seal.transport-manager.net\/z50000_262l\/wp-content\/uploads\/sites\/29\/2024\/12\/ligne18.png 1332w\" sizes=\"auto, (max-width: 1024px) 100vw, 1024px\" \/><\/figure>\n\n\n\n<figure class=\"wp-block-image size-large\"><img loading=\"lazy\" decoding=\"async\" width=\"1024\" height=\"577\" src=\"https:\/\/seal.transport-manager.net\/z50000_262l\/wp-content\/uploads\/sites\/29\/2024\/07\/ligne60-1024x577.png\" alt=\"\" class=\"wp-image-1624\" srcset=\"https:\/\/seal.transport-manager.net\/z50000_262l\/wp-content\/uploads\/sites\/29\/2024\/07\/ligne60-1024x577.png 1024w, https:\/\/seal.transport-manager.net\/z50000_262l\/wp-content\/uploads\/sites\/29\/2024\/07\/ligne60-300x169.png 300w, https:\/\/seal.transport-manager.net\/z50000_262l\/wp-content\/uploads\/sites\/29\/2024\/07\/ligne60-768x433.png 768w, https:\/\/seal.transport-manager.net\/z50000_262l\/wp-content\/uploads\/sites\/29\/2024\/07\/ligne60-1200x676.png 1200w, https:\/\/seal.transport-manager.net\/z50000_262l\/wp-content\/uploads\/sites\/29\/2024\/07\/ligne60.png 1518w\" sizes=\"auto, (max-width: 1024px) 100vw, 1024px\" \/><\/figure>\n\n\n\n<figure class=\"wp-block-image size-large\"><img loading=\"lazy\" decoding=\"async\" width=\"1024\" height=\"576\" src=\"https:\/\/seal.transport-manager.net\/z50000_262l\/wp-content\/uploads\/sites\/29\/2025\/07\/ligne62-1024x576.png\" alt=\"\" class=\"wp-image-2077\" srcset=\"https:\/\/seal.transport-manager.net\/z50000_262l\/wp-content\/uploads\/sites\/29\/2025\/07\/ligne62-1024x576.png 1024w, https:\/\/seal.transport-manager.net\/z50000_262l\/wp-content\/uploads\/sites\/29\/2025\/07\/ligne62-300x169.png 300w, https:\/\/seal.transport-manager.net\/z50000_262l\/wp-content\/uploads\/sites\/29\/2025\/07\/ligne62-768x432.png 768w, https:\/\/seal.transport-manager.net\/z50000_262l\/wp-content\/uploads\/sites\/29\/2025\/07\/ligne62-1200x675.png 1200w, https:\/\/seal.transport-manager.net\/z50000_262l\/wp-content\/uploads\/sites\/29\/2025\/07\/ligne62.png 1427w\" sizes=\"auto, (max-width: 1024px) 100vw, 1024px\" \/><\/figure>\n\n\n\n<div class=\"wp-block-file\"><a id=\"wp-block-file--media-3f138500-2dc3-4638-85ed-26add20f9f48\" href=\"https:\/\/seal.transport-manager.net\/z50000_262l\/wp-content\/uploads\/sites\/29\/2025\/07\/ligne62_ete2025.pdf\" target=\"_blank\" rel=\"noreferrer noopener\">ligne62_ete2025<\/a><a href=\"https:\/\/seal.transport-manager.net\/z50000_262l\/wp-content\/uploads\/sites\/29\/2025\/07\/ligne62_ete2025.pdf\" class=\"wp-block-file__button wp-element-button\" download aria-describedby=\"wp-block-file--media-3f138500-2dc3-4638-85ed-26add20f9f48\">T\u00e9l\u00e9charger<\/a><\/div>\n\n\n\n<figure class=\"wp-block-image size-large\"><img loading=\"lazy\" decoding=\"async\" width=\"1024\" height=\"578\" src=\"https:\/\/seal.transport-manager.net\/z50000_262l\/wp-content\/uploads\/sites\/29\/2024\/12\/ligne63-1024x578.png\" alt=\"\" class=\"wp-image-1867\" srcset=\"https:\/\/seal.transport-manager.net\/z50000_262l\/wp-content\/uploads\/sites\/29\/2024\/12\/ligne63-1024x578.png 1024w, https:\/\/seal.transport-manager.net\/z50000_262l\/wp-content\/uploads\/sites\/29\/2024\/12\/ligne63-300x169.png 300w, https:\/\/seal.transport-manager.net\/z50000_262l\/wp-content\/uploads\/sites\/29\/2024\/12\/ligne63-768x433.png 768w, https:\/\/seal.transport-manager.net\/z50000_262l\/wp-content\/uploads\/sites\/29\/2024\/12\/ligne63-1200x677.png 1200w, https:\/\/seal.transport-manager.net\/z50000_262l\/wp-content\/uploads\/sites\/29\/2024\/12\/ligne63.png 1493w\" sizes=\"auto, (max-width: 1024px) 100vw, 1024px\" \/><\/figure>\n\n\n\n<div class=\"wp-block-file\"><a id=\"wp-block-file--media-120a1906-fffe-423c-abbc-88d9c8cf93a2\" href=\"https:\/\/seal.transport-manager.net\/z50000_262l\/wp-content\/uploads\/sites\/29\/2025\/07\/ligne63_ete2025.pdf\" target=\"_blank\" rel=\"noreferrer noopener\">ligne63_ete2025<\/a><a href=\"https:\/\/seal.transport-manager.net\/z50000_262l\/wp-content\/uploads\/sites\/29\/2025\/07\/ligne63_ete2025.pdf\" class=\"wp-block-file__button wp-element-button\" download aria-describedby=\"wp-block-file--media-120a1906-fffe-423c-abbc-88d9c8cf93a2\">T\u00e9l\u00e9charger<\/a><\/div>\n\n\n\n<figure class=\"wp-block-image size-large\"><img loading=\"lazy\" decoding=\"async\" width=\"1024\" height=\"576\" src=\"https:\/\/seal.transport-manager.net\/z50000_262l\/wp-content\/uploads\/sites\/29\/2024\/06\/ligne101-1024x576.png\" alt=\"\" class=\"wp-image-1544\" srcset=\"https:\/\/seal.transport-manager.net\/z50000_262l\/wp-content\/uploads\/sites\/29\/2024\/06\/ligne101-1024x576.png 1024w, https:\/\/seal.transport-manager.net\/z50000_262l\/wp-content\/uploads\/sites\/29\/2024\/06\/ligne101-300x169.png 300w, https:\/\/seal.transport-manager.net\/z50000_262l\/wp-content\/uploads\/sites\/29\/2024\/06\/ligne101-768x432.png 768w, https:\/\/seal.transport-manager.net\/z50000_262l\/wp-content\/uploads\/sites\/29\/2024\/06\/ligne101-1200x675.png 1200w, https:\/\/seal.transport-manager.net\/z50000_262l\/wp-content\/uploads\/sites\/29\/2024\/06\/ligne101.png 1436w\" sizes=\"auto, (max-width: 1024px) 100vw, 1024px\" \/><\/figure>\n\n\n\n<figure class=\"wp-block-image size-large\"><img loading=\"lazy\" decoding=\"async\" width=\"1024\" height=\"574\" src=\"https:\/\/seal.transport-manager.net\/z50000_262l\/wp-content\/uploads\/sites\/29\/2024\/06\/ligne102-1024x574.png\" alt=\"\" class=\"wp-image-1545\" srcset=\"https:\/\/seal.transport-manager.net\/z50000_262l\/wp-content\/uploads\/sites\/29\/2024\/06\/ligne102-1024x574.png 1024w, https:\/\/seal.transport-manager.net\/z50000_262l\/wp-content\/uploads\/sites\/29\/2024\/06\/ligne102-300x168.png 300w, https:\/\/seal.transport-manager.net\/z50000_262l\/wp-content\/uploads\/sites\/29\/2024\/06\/ligne102-768x431.png 768w, https:\/\/seal.transport-manager.net\/z50000_262l\/wp-content\/uploads\/sites\/29\/2024\/06\/ligne102-1200x673.png 1200w, https:\/\/seal.transport-manager.net\/z50000_262l\/wp-content\/uploads\/sites\/29\/2024\/06\/ligne102.png 1485w\" sizes=\"auto, (max-width: 1024px) 100vw, 1024px\" \/><\/figure>\n\n\n\n<div class=\"wp-block-file\"><a id=\"wp-block-file--media-6ef4b015-e43e-44ee-84de-5ebad2fa67d0\" href=\"https:\/\/seal.transport-manager.net\/z50000_262l\/wp-content\/uploads\/sites\/29\/2024\/06\/102_ete2024.pdf\" target=\"_blank\" rel=\"noreferrer noopener\">102_ete2024<\/a><a href=\"https:\/\/seal.transport-manager.net\/z50000_262l\/wp-content\/uploads\/sites\/29\/2024\/06\/102_ete2024.pdf\" class=\"wp-block-file__button wp-element-button\" download aria-describedby=\"wp-block-file--media-6ef4b015-e43e-44ee-84de-5ebad2fa67d0\">T\u00e9l\u00e9charger<\/a><\/div>\n\n\n\n<figure class=\"wp-block-image size-large\"><img loading=\"lazy\" decoding=\"async\" width=\"1024\" height=\"577\" src=\"https:\/\/seal.transport-manager.net\/z50000_262l\/wp-content\/uploads\/sites\/29\/2025\/01\/ligne103-1024x577.png\" alt=\"\" class=\"wp-image-1909\" srcset=\"https:\/\/seal.transport-manager.net\/z50000_262l\/wp-content\/uploads\/sites\/29\/2025\/01\/ligne103-1024x577.png 1024w, https:\/\/seal.transport-manager.net\/z50000_262l\/wp-content\/uploads\/sites\/29\/2025\/01\/ligne103-300x169.png 300w, https:\/\/seal.transport-manager.net\/z50000_262l\/wp-content\/uploads\/sites\/29\/2025\/01\/ligne103-768x433.png 768w, https:\/\/seal.transport-manager.net\/z50000_262l\/wp-content\/uploads\/sites\/29\/2025\/01\/ligne103-1200x676.png 1200w, https:\/\/seal.transport-manager.net\/z50000_262l\/wp-content\/uploads\/sites\/29\/2025\/01\/ligne103.png 1443w\" sizes=\"auto, (max-width: 1024px) 100vw, 1024px\" \/><\/figure>\n\n\n\n<div class=\"wp-block-file\"><a id=\"wp-block-file--media-d9480bbd-ff14-4b3b-ac10-9ae22e6cbadc\" href=\"https:\/\/seal.transport-manager.net\/z50000_262l\/wp-content\/uploads\/sites\/29\/2025\/06\/ligne103_ete2025.pdf\" target=\"_blank\" rel=\"noreferrer noopener\">ligne103_ete2025<\/a><a href=\"https:\/\/seal.transport-manager.net\/z50000_262l\/wp-content\/uploads\/sites\/29\/2025\/06\/ligne103_ete2025.pdf\" class=\"wp-block-file__button wp-element-button\" download aria-describedby=\"wp-block-file--media-d9480bbd-ff14-4b3b-ac10-9ae22e6cbadc\">T\u00e9l\u00e9charger<\/a><\/div>\n\n\n\n<div class=\"wp-block-file\"><a id=\"wp-block-file--media-db3189a6-b78c-4587-8714-eecab1a3753b\" href=\"https:\/\/seal.transport-manager.net\/z50000_262l\/wp-content\/uploads\/sites\/29\/2025\/06\/ligne205_ete2025.pdf\" target=\"_blank\" rel=\"noreferrer noopener\">ligne205_ete2025<\/a><a href=\"https:\/\/seal.transport-manager.net\/z50000_262l\/wp-content\/uploads\/sites\/29\/2025\/06\/ligne205_ete2025.pdf\" class=\"wp-block-file__button wp-element-button\" download aria-describedby=\"wp-block-file--media-db3189a6-b78c-4587-8714-eecab1a3753b\">T\u00e9l\u00e9charger<\/a><\/div>\n\n\n\n<figure class=\"wp-block-image size-large\"><img loading=\"lazy\" decoding=\"async\" width=\"1024\" height=\"294\" src=\"https:\/\/seal.transport-manager.net\/z50000_262l\/wp-content\/uploads\/sites\/29\/2023\/07\/L810-1024x294.png\" alt=\"\" class=\"wp-image-1108\" srcset=\"https:\/\/seal.transport-manager.net\/z50000_262l\/wp-content\/uploads\/sites\/29\/2023\/07\/L810-1024x294.png 1024w, https:\/\/seal.transport-manager.net\/z50000_262l\/wp-content\/uploads\/sites\/29\/2023\/07\/L810-300x86.png 300w, https:\/\/seal.transport-manager.net\/z50000_262l\/wp-content\/uploads\/sites\/29\/2023\/07\/L810-768x220.png 768w, https:\/\/seal.transport-manager.net\/z50000_262l\/wp-content\/uploads\/sites\/29\/2023\/07\/L810-1536x441.png 1536w, https:\/\/seal.transport-manager.net\/z50000_262l\/wp-content\/uploads\/sites\/29\/2023\/07\/L810.png 1745w\" sizes=\"auto, (max-width: 1024px) 100vw, 1024px\" \/><\/figure>\n\n\n\n<div class=\"wp-block-file\"><a id=\"wp-block-file--media-c26d8b47-6045-47d8-ad8f-eec32de59c29\" href=\"https:\/\/seal.transport-manager.net\/z50000_262l\/wp-content\/uploads\/sites\/29\/2024\/06\/810_ete2024.pdf\" target=\"_blank\" rel=\"noreferrer noopener\">810_ete2024<\/a><a href=\"https:\/\/seal.transport-manager.net\/z50000_262l\/wp-content\/uploads\/sites\/29\/2024\/06\/810_ete2024.pdf\" class=\"wp-block-file__button wp-element-button\" download aria-describedby=\"wp-block-file--media-c26d8b47-6045-47d8-ad8f-eec32de59c29\">T\u00e9l\u00e9charger<\/a><\/div>\n","protected":false},"excerpt":{"rendered":"<p>Si votre ligne n&rsquo;est pas indiqu\u00e9e , votre ligne conserve ses horaires pour l&rsquo;\u00e9t\u00e9 (p\u00e9riode vacances scolaires). Seules les lignes 4\/5\/10\/62\/63\/103 et 205 ont leur fiche horaires \u00e9dit\u00e9es, les autres [&hellip;]<\/p>\n","protected":false},"author":29,"featured_media":0,"parent":0,"menu_order":0,"comment_status":"closed","ping_status":"closed","template":"","meta":{"footnotes":""},"class_list":["post-566","page","type-page","status-publish","hentry"],"_links":{"self":[{"href":"https:\/\/seal.transport-manager.net\/z50000_262l\/wp-json\/wp\/v2\/pages\/566","targetHints":{"allow":["GET"]}}],"collection":[{"href":"https:\/\/seal.transport-manager.net\/z50000_262l\/wp-json\/wp\/v2\/pages"}],"about":[{"href":"https:\/\/seal.transport-manager.net\/z50000_262l\/wp-json\/wp\/v2\/types\/page"}],"author":[{"embeddable":true,"href":"https:\/\/seal.transport-manager.net\/z50000_262l\/wp-json\/wp\/v2\/users\/29"}],"replies":[{"embeddable":true,"href":"https:\/\/seal.transport-manager.net\/z50000_262l\/wp-json\/wp\/v2\/comments?post=566"}],"version-history":[{"count":42,"href":"https:\/\/seal.transport-manager.net\/z50000_262l\/wp-json\/wp\/v2\/pages\/566\/revisions"}],"predecessor-version":[{"id":2088,"href":"https:\/\/seal.transport-manager.net\/z50000_262l\/wp-json\/wp\/v2\/pages\/566\/revisions\/2088"}],"wp:attachment":[{"href":"https:\/\/seal.transport-manager.net\/z50000_262l\/wp-json\/wp\/v2\/media?parent=566"}],"curies":[{"name":"wp","href":"https:\/\/api.w.org\/{rel}","templated":true}]}}