{"id":588,"date":"2022-07-10T16:26:45","date_gmt":"2022-07-10T14:26:45","guid":{"rendered":"https:\/\/seal.transport-manager.net\/z50000_262l\/?page_id=588"},"modified":"2024-04-12T11:34:31","modified_gmt":"2024-04-12T09:34:31","slug":"nos-agences-commerciales","status":"publish","type":"page","link":"https:\/\/seal.transport-manager.net\/z50000_262l\/nos-agences-commerciales\/","title":{"rendered":"Nos agences commerciales"},"content":{"rendered":"\n<p>Pour vous mieux vous aider dans vos d\u00e9placements , nous disposons de six agences commerciales aux principaux p\u00f4les de correspondances de la ville<\/p>\n\n\n\n<ul class=\"wp-block-list\">\n<li>Agence de Gare Centrale accessible par l&rsquo;arr\u00eat Gare Centrale (lignes <img loading=\"lazy\" decoding=\"async\" width=\"133\" height=\"52\" class=\"wp-image-1381\" style=\"width: 30px\" src=\"https:\/\/seal.transport-manager.net\/z50000_262l\/wp-content\/uploads\/sites\/29\/2024\/03\/image-2.png\" alt=\"\"><img loading=\"lazy\" decoding=\"async\" width=\"133\" height=\"52\" class=\"wp-image-1382\" style=\"width: 30px\" src=\"https:\/\/seal.transport-manager.net\/z50000_262l\/wp-content\/uploads\/sites\/29\/2024\/03\/image-3.png\" alt=\"\"><img loading=\"lazy\" decoding=\"async\" width=\"133\" height=\"52\" class=\"wp-image-1478\" style=\"width: 30px\" src=\"https:\/\/seal.transport-manager.net\/z50000_262l\/wp-content\/uploads\/sites\/29\/2024\/04\/image.png\" alt=\"\"><img loading=\"lazy\" decoding=\"async\" width=\"133\" height=\"52\" class=\"wp-image-1384\" style=\"width: 30px\" src=\"https:\/\/seal.transport-manager.net\/z50000_262l\/wp-content\/uploads\/sites\/29\/2024\/03\/image-5.png\" alt=\"\"><img loading=\"lazy\" decoding=\"async\" width=\"133\" height=\"52\" class=\"wp-image-1392\" style=\"width: 30px\" src=\"https:\/\/seal.transport-manager.net\/z50000_262l\/wp-content\/uploads\/sites\/29\/2024\/03\/image-13.png\" alt=\"\">)<\/li>\n\n\n\n<li>Agence de l&rsquo;A\u00e9roport accessible par l&rsquo;arr\u00eat A\u00e9roport (lignes <img decoding=\"async\" class=\"wp-image-824\" style=\"width: 30px\" src=\"https:\/\/seal.transport-manager.net\/z50000_262l\/wp-content\/uploads\/sites\/29\/2022\/12\/13.png\" alt=\"\"><img loading=\"lazy\" decoding=\"async\" width=\"133\" height=\"52\" class=\"wp-image-1382\" style=\"width: 30px\" src=\"https:\/\/seal.transport-manager.net\/z50000_262l\/wp-content\/uploads\/sites\/29\/2024\/03\/image-3.png\" alt=\"\"><img loading=\"lazy\" decoding=\"async\" width=\"133\" height=\"52\" class=\"wp-image-1375\" style=\"width: 30px\" src=\"https:\/\/seal.transport-manager.net\/z50000_262l\/wp-content\/uploads\/sites\/29\/2024\/03\/image.png\" alt=\"\">)<\/li>\n\n\n\n<li>Agence de Campus Alan Turing accessible par l&rsquo;arr\u00eat Campus Alan Turing (lignes <img loading=\"lazy\" decoding=\"async\" width=\"133\" height=\"52\" class=\"wp-image-1381\" style=\"width: 30px\" src=\"https:\/\/seal.transport-manager.net\/z50000_262l\/wp-content\/uploads\/sites\/29\/2024\/03\/image-2.png\" alt=\"\"><img loading=\"lazy\" decoding=\"async\" width=\"133\" height=\"52\" class=\"wp-image-1389\" style=\"width: 30px\" src=\"https:\/\/seal.transport-manager.net\/z50000_262l\/wp-content\/uploads\/sites\/29\/2024\/03\/image-10.png\" alt=\"\"><img decoding=\"async\" class=\"wp-image-989\" style=\"width: 60px\" src=\"https:\/\/seal.transport-manager.net\/z50000_262l\/wp-content\/uploads\/sites\/29\/2023\/03\/EX201.png\" alt=\"\"><img decoding=\"async\" class=\"wp-image-991\" style=\"width: 30px\" src=\"https:\/\/seal.transport-manager.net\/z50000_262l\/wp-content\/uploads\/sites\/29\/2023\/03\/202.png\" alt=\"\"><img loading=\"lazy\" decoding=\"async\" width=\"133\" height=\"52\" class=\"wp-image-1390\" style=\"width: 30px\" src=\"https:\/\/seal.transport-manager.net\/z50000_262l\/wp-content\/uploads\/sites\/29\/2024\/03\/image-11.png\" alt=\"\"><img decoding=\"async\" class=\"wp-image-1408\" style=\"width: 30px\" src=\"https:\/\/seal.transport-manager.net\/z50000_262l\/wp-content\/uploads\/sites\/29\/2024\/03\/image-23.png\" alt=\"\"><img loading=\"lazy\" decoding=\"async\" width=\"133\" height=\"52\" class=\"wp-image-1409\" style=\"width: 30px\" src=\"https:\/\/seal.transport-manager.net\/z50000_262l\/wp-content\/uploads\/sites\/29\/2024\/03\/image-24.png\" alt=\"\">)<\/li>\n\n\n\n<li>Agence de Campus Marthe Gautier accessible par l&rsquo;arr\u00eat Campus Marthe Gautier (lignes <img loading=\"lazy\" decoding=\"async\" width=\"133\" height=\"52\" class=\"wp-image-1478\" style=\"width: 30px\" src=\"https:\/\/seal.transport-manager.net\/z50000_262l\/wp-content\/uploads\/sites\/29\/2024\/04\/image.png\" alt=\"\"><img loading=\"lazy\" decoding=\"async\" width=\"133\" height=\"52\" class=\"wp-image-1388\" style=\"width: 30px\" src=\"https:\/\/seal.transport-manager.net\/z50000_262l\/wp-content\/uploads\/sites\/29\/2024\/03\/image-9.png\" alt=\"\"><img loading=\"lazy\" decoding=\"async\" width=\"133\" height=\"52\" class=\"wp-image-1391\" style=\"width: 30px\" src=\"https:\/\/seal.transport-manager.net\/z50000_262l\/wp-content\/uploads\/sites\/29\/2024\/03\/image-12.png\" alt=\"\">)<\/li>\n\n\n\n<li>Agence de Gare de l&rsquo;Ouest (lignes <img loading=\"lazy\" decoding=\"async\" width=\"133\" height=\"52\" class=\"wp-image-1385\" style=\"width: 30px\" src=\"https:\/\/seal.transport-manager.net\/z50000_262l\/wp-content\/uploads\/sites\/29\/2024\/03\/image-6.png\" alt=\"\"><img loading=\"lazy\" decoding=\"async\" width=\"133\" height=\"52\" class=\"wp-image-1387\" style=\"width: 30px\" src=\"https:\/\/seal.transport-manager.net\/z50000_262l\/wp-content\/uploads\/sites\/29\/2024\/03\/image-8.png\" alt=\"\"><img loading=\"lazy\" decoding=\"async\" width=\"133\" height=\"52\" class=\"wp-image-1394\" style=\"width: 30px\" src=\"https:\/\/seal.transport-manager.net\/z50000_262l\/wp-content\/uploads\/sites\/29\/2024\/03\/image-15.png\" alt=\"\"><img loading=\"lazy\" decoding=\"async\" width=\"133\" height=\"52\" class=\"wp-image-1410\" style=\"width: 30px\" src=\"https:\/\/seal.transport-manager.net\/z50000_262l\/wp-content\/uploads\/sites\/29\/2024\/03\/image-25.png\" alt=\"\">)<\/li>\n\n\n\n<li>Agence de Place de l&rsquo;Europe (lignes <img loading=\"lazy\" decoding=\"async\" width=\"133\" height=\"52\" class=\"wp-image-1382\" style=\"width: 30px\" src=\"https:\/\/seal.transport-manager.net\/z50000_262l\/wp-content\/uploads\/sites\/29\/2024\/03\/image-3.png\" alt=\"\"><img loading=\"lazy\" decoding=\"async\" width=\"133\" height=\"52\" class=\"wp-image-1388\" style=\"width: 30px\" src=\"https:\/\/seal.transport-manager.net\/z50000_262l\/wp-content\/uploads\/sites\/29\/2024\/03\/image-9.png\" alt=\"\"><img loading=\"lazy\" decoding=\"async\" width=\"133\" height=\"52\" class=\"wp-image-1394\" style=\"width: 30px\" src=\"https:\/\/seal.transport-manager.net\/z50000_262l\/wp-content\/uploads\/sites\/29\/2024\/03\/image-15.png\" alt=\"\"><img loading=\"lazy\" decoding=\"async\" width=\"133\" height=\"52\" class=\"wp-image-1396\" style=\"width: 30px\" src=\"https:\/\/seal.transport-manager.net\/z50000_262l\/wp-content\/uploads\/sites\/29\/2024\/03\/image-17.png\" alt=\"\"><img loading=\"lazy\" decoding=\"async\" width=\"133\" height=\"52\" class=\"wp-image-1397\" style=\"width: 30px\" src=\"https:\/\/seal.transport-manager.net\/z50000_262l\/wp-content\/uploads\/sites\/29\/2024\/03\/image-18.png\" alt=\"\"><img loading=\"lazy\" decoding=\"async\" width=\"133\" height=\"52\" class=\"wp-image-1406\" style=\"width: 30px\" src=\"https:\/\/seal.transport-manager.net\/z50000_262l\/wp-content\/uploads\/sites\/29\/2024\/03\/image-21.png\" alt=\"\">)<\/li>\n<\/ul>\n\n\n\n<p>Ainsi que deux agences hors de Vaur\u00e9al<\/p>\n\n\n\n<ul class=\"wp-block-list\">\n<li>Agence de Clorent accessible par l&rsquo;arr\u00eat Place du March\u00e9 (lignes <img loading=\"lazy\" decoding=\"async\" width=\"133\" height=\"52\" class=\"wp-image-1406\" style=\"width: 30px\" src=\"https:\/\/seal.transport-manager.net\/z50000_262l\/wp-content\/uploads\/sites\/29\/2024\/03\/image-21.png\" alt=\"\"><img loading=\"lazy\" decoding=\"async\" width=\"133\" height=\"52\" class=\"wp-image-1412\" style=\"width: 30px\" src=\"https:\/\/seal.transport-manager.net\/z50000_262l\/wp-content\/uploads\/sites\/29\/2024\/03\/image-27.png\" alt=\"\"><img decoding=\"async\" class=\"wp-image-830\" style=\"width: 30px\" src=\"https:\/\/seal.transport-manager.net\/z50000_262l\/wp-content\/uploads\/sites\/29\/2022\/12\/103.png\" alt=\"\"><img decoding=\"async\" class=\"wp-image-894\" style=\"width: 30px\" src=\"https:\/\/seal.transport-manager.net\/z50000_262l\/wp-content\/uploads\/sites\/29\/2022\/12\/602.png\" alt=\"\">)<\/li>\n\n\n\n<li>Agence de Lusignol Gare accessible par l&rsquo;arr\u00eat Gare de Lusignol (ligne <img decoding=\"async\" class=\"wp-image-989\" style=\"width: 60px\" src=\"https:\/\/seal.transport-manager.net\/z50000_262l\/wp-content\/uploads\/sites\/29\/2023\/03\/EX201.png\" alt=\"\"><img decoding=\"async\" class=\"wp-image-1408\" style=\"width: 30px\" src=\"https:\/\/seal.transport-manager.net\/z50000_262l\/wp-content\/uploads\/sites\/29\/2024\/03\/image-23.png\" alt=\"\">)<\/li>\n<\/ul>\n\n\n\n<p>Ces agences sont ouvertes aux horaires suivants (horaires au 23 octobre 2023) :<\/p>\n\n\n\n<ul class=\"wp-block-list\">\n<li>Du lundi au vendredi de 8h \u00e0 12h et de 13h \u00e0 18h<\/li>\n\n\n\n<li>Le samedi de 9h \u00e0 12h et de 13h \u00e0 18h (sauf Clorent et Lusignol)<\/li>\n\n\n\n<li>Le dimanche de 14h \u00e0 18h (Gare Centrale, A\u00e9roport et Gare de l&rsquo;Ouest uniquement)<\/li>\n<\/ul>\n\n\n\n<p><\/p>\n","protected":false},"excerpt":{"rendered":"<p>Pour vous mieux vous aider dans vos d\u00e9placements , nous disposons de six agences commerciales aux principaux p\u00f4les de correspondances de la ville Ainsi que deux agences hors de Vaur\u00e9al [&hellip;]<\/p>\n","protected":false},"author":29,"featured_media":0,"parent":0,"menu_order":0,"comment_status":"closed","ping_status":"closed","template":"","meta":{"footnotes":""},"class_list":["post-588","page","type-page","status-publish","hentry"],"_links":{"self":[{"href":"https:\/\/seal.transport-manager.net\/z50000_262l\/wp-json\/wp\/v2\/pages\/588","targetHints":{"allow":["GET"]}}],"collection":[{"href":"https:\/\/seal.transport-manager.net\/z50000_262l\/wp-json\/wp\/v2\/pages"}],"about":[{"href":"https:\/\/seal.transport-manager.net\/z50000_262l\/wp-json\/wp\/v2\/types\/page"}],"author":[{"embeddable":true,"href":"https:\/\/seal.transport-manager.net\/z50000_262l\/wp-json\/wp\/v2\/users\/29"}],"replies":[{"embeddable":true,"href":"https:\/\/seal.transport-manager.net\/z50000_262l\/wp-json\/wp\/v2\/comments?post=588"}],"version-history":[{"count":8,"href":"https:\/\/seal.transport-manager.net\/z50000_262l\/wp-json\/wp\/v2\/pages\/588\/revisions"}],"predecessor-version":[{"id":1480,"href":"https:\/\/seal.transport-manager.net\/z50000_262l\/wp-json\/wp\/v2\/pages\/588\/revisions\/1480"}],"wp:attachment":[{"href":"https:\/\/seal.transport-manager.net\/z50000_262l\/wp-json\/wp\/v2\/media?parent=588"}],"curies":[{"name":"wp","href":"https:\/\/api.w.org\/{rel}","templated":true}]}}