{"id":603,"date":"2022-07-12T18:39:41","date_gmt":"2022-07-12T16:39:41","guid":{"rendered":"https:\/\/seal.transport-manager.net\/z50000_262l\/?page_id=603"},"modified":"2026-03-07T12:46:19","modified_gmt":"2026-03-07T11:46:19","slug":"murrivia","status":"publish","type":"page","link":"https:\/\/seal.transport-manager.net\/z50000_262l\/murrivia\/","title":{"rendered":"Murrivia"},"content":{"rendered":"\n<figure class=\"wp-block-image size-full\"><img loading=\"lazy\" decoding=\"async\" width=\"1416\" height=\"472\" src=\"https:\/\/seal.transport-manager.net\/z50000_262l\/wp-content\/uploads\/sites\/29\/2026\/03\/Logo_Murrivia_FT.png\" alt=\"\" class=\"wp-image-2319\" srcset=\"https:\/\/seal.transport-manager.net\/z50000_262l\/wp-content\/uploads\/sites\/29\/2026\/03\/Logo_Murrivia_FT.png 1416w, https:\/\/seal.transport-manager.net\/z50000_262l\/wp-content\/uploads\/sites\/29\/2026\/03\/Logo_Murrivia_FT-300x100.png 300w, https:\/\/seal.transport-manager.net\/z50000_262l\/wp-content\/uploads\/sites\/29\/2026\/03\/Logo_Murrivia_FT-1024x341.png 1024w, https:\/\/seal.transport-manager.net\/z50000_262l\/wp-content\/uploads\/sites\/29\/2026\/03\/Logo_Murrivia_FT-768x256.png 768w, https:\/\/seal.transport-manager.net\/z50000_262l\/wp-content\/uploads\/sites\/29\/2026\/03\/Logo_Murrivia_FT-1200x400.png 1200w\" sizes=\"auto, (max-width: 1416px) 100vw, 1416px\" \/><figcaption class=\"wp-element-caption\">Le logo de l&rsquo;autorit\u00e9 organisatrice Murrivia<\/figcaption><\/figure>\n\n\n\n<p class=\"has-medium-font-size\">L&rsquo;Autorit\u00e9 organisatrice qui g\u00e8re vos d\u00e9placements dans la r\u00e9gion du Pays Murrinois<\/p>\n\n\n\n<p>Murrivia (ex-PMO Mobilit\u00e9s) veille au meilleur confort des voyageurs, en maintenant les prix des titres de transport en une tarification unique pour toute la r\u00e9gion, Murrivia veille au pouvoir d&rsquo;achat des voyageurs pour que les transports soient \u00e0 accessibles \u00e0 tous. C&rsquo;est \u00e9galement elle qui impose une certaine offre sur vos lignes et qui donne son accord (ou son d\u00e9saccord) aux trac\u00e9s qu&rsquo;elles empruntent. Le r\u00e9seau urbain de Vaur\u00e9al est le plus important de la r\u00e9gion , en charge de desservir la ville-centre de la r\u00e9gion et sa m\u00e9tropole.<\/p>\n","protected":false},"excerpt":{"rendered":"<p>L&rsquo;Autorit\u00e9 organisatrice qui g\u00e8re vos d\u00e9placements dans la r\u00e9gion du Pays Murrinois Murrivia (ex-PMO Mobilit\u00e9s) veille au meilleur confort des voyageurs, en maintenant les prix des titres de transport en [&hellip;]<\/p>\n","protected":false},"author":29,"featured_media":0,"parent":0,"menu_order":0,"comment_status":"closed","ping_status":"closed","template":"","meta":{"footnotes":""},"class_list":["post-603","page","type-page","status-publish","hentry"],"_links":{"self":[{"href":"https:\/\/seal.transport-manager.net\/z50000_262l\/wp-json\/wp\/v2\/pages\/603","targetHints":{"allow":["GET"]}}],"collection":[{"href":"https:\/\/seal.transport-manager.net\/z50000_262l\/wp-json\/wp\/v2\/pages"}],"about":[{"href":"https:\/\/seal.transport-manager.net\/z50000_262l\/wp-json\/wp\/v2\/types\/page"}],"author":[{"embeddable":true,"href":"https:\/\/seal.transport-manager.net\/z50000_262l\/wp-json\/wp\/v2\/users\/29"}],"replies":[{"embeddable":true,"href":"https:\/\/seal.transport-manager.net\/z50000_262l\/wp-json\/wp\/v2\/comments?post=603"}],"version-history":[{"count":9,"href":"https:\/\/seal.transport-manager.net\/z50000_262l\/wp-json\/wp\/v2\/pages\/603\/revisions"}],"predecessor-version":[{"id":2321,"href":"https:\/\/seal.transport-manager.net\/z50000_262l\/wp-json\/wp\/v2\/pages\/603\/revisions\/2321"}],"wp:attachment":[{"href":"https:\/\/seal.transport-manager.net\/z50000_262l\/wp-json\/wp\/v2\/media?parent=603"}],"curies":[{"name":"wp","href":"https:\/\/api.w.org\/{rel}","templated":true}]}}