{"id":785,"date":"2022-11-29T21:48:13","date_gmt":"2022-11-29T20:48:13","guid":{"rendered":"https:\/\/seal.transport-manager.net\/z50000_262l\/?page_id=785"},"modified":"2022-11-29T21:48:14","modified_gmt":"2022-11-29T20:48:14","slug":"service-location-et-transport","status":"publish","type":"page","link":"https:\/\/seal.transport-manager.net\/z50000_262l\/service-location-et-transport\/","title":{"rendered":"Service location et transport"},"content":{"rendered":"\n<p>Besoin d&rsquo;un bus ou car pour vous rendre en sortie scolaire ou \u00e0 une f\u00eate ?<\/p>\n\n\n\n<p>Notre service location et transport et fait pour vous !<\/p>\n\n\n\n<p>Le formulaire est bient\u00f4t disponible&#8230;<\/p>\n","protected":false},"excerpt":{"rendered":"<p>Besoin d&rsquo;un bus ou car pour vous rendre en sortie scolaire ou \u00e0 une f\u00eate ? Notre service location et transport et fait pour vous ! Le formulaire est bient\u00f4t [&hellip;]<\/p>\n","protected":false},"author":29,"featured_media":0,"parent":0,"menu_order":0,"comment_status":"closed","ping_status":"closed","template":"","meta":{"footnotes":""},"class_list":["post-785","page","type-page","status-publish","hentry"],"_links":{"self":[{"href":"https:\/\/seal.transport-manager.net\/z50000_262l\/wp-json\/wp\/v2\/pages\/785","targetHints":{"allow":["GET"]}}],"collection":[{"href":"https:\/\/seal.transport-manager.net\/z50000_262l\/wp-json\/wp\/v2\/pages"}],"about":[{"href":"https:\/\/seal.transport-manager.net\/z50000_262l\/wp-json\/wp\/v2\/types\/page"}],"author":[{"embeddable":true,"href":"https:\/\/seal.transport-manager.net\/z50000_262l\/wp-json\/wp\/v2\/users\/29"}],"replies":[{"embeddable":true,"href":"https:\/\/seal.transport-manager.net\/z50000_262l\/wp-json\/wp\/v2\/comments?post=785"}],"version-history":[{"count":1,"href":"https:\/\/seal.transport-manager.net\/z50000_262l\/wp-json\/wp\/v2\/pages\/785\/revisions"}],"predecessor-version":[{"id":787,"href":"https:\/\/seal.transport-manager.net\/z50000_262l\/wp-json\/wp\/v2\/pages\/785\/revisions\/787"}],"wp:attachment":[{"href":"https:\/\/seal.transport-manager.net\/z50000_262l\/wp-json\/wp\/v2\/media?parent=785"}],"curies":[{"name":"wp","href":"https:\/\/api.w.org\/{rel}","templated":true}]}}